{"id":2900,"date":"2021-06-22T12:11:07","date_gmt":"2021-06-22T09:11:07","guid":{"rendered":"https:\/\/geotrans.gr\/industries\/"},"modified":"2021-11-26T12:49:13","modified_gmt":"2021-11-26T09:49:13","slug":"industries","status":"publish","type":"page","link":"https:\/\/geotrans.gr\/it\/industries\/","title":{"rendered":"Settori"},"content":{"rendered":"<p>[vc_row css=&#8221;.vc_custom_1635255636709{margin-top: 50px !important;}&#8221;][vc_column][vc_custom_heading text=&#8221;Soluzioni di trasporto che soddisfano i requisiti di determinati segmenti verticali del settore.&#8221; font_container=&#8221;tag:h2|font_size:33|text_align:center|color:%23333333&#8243; google_fonts=&#8221;font_family:Roboto%3A100%2C100italic%2C300%2C300italic%2Cregular%2Citalic%2C500%2C500italic%2C700%2C700italic%2C900%2C900italic|font_style:400%20regular%3A400%3Anormal&#8221; css=&#8221;.vc_custom_1637920041676{margin-bottom: 50px !important;}&#8221; el_class=&#8221;industries-main-text&#8221;][\/vc_column][\/vc_row][vc_row css=&#8221;.vc_custom_1635255686890{margin-top: 50px !important;}&#8221; el_class=&#8221;industry-row&#8221;][vc_column width=&#8221;1\/2&#8243;][vc_custom_heading text=&#8221;Beni di largo consumo (FMCG)&#8221; font_container=&#8221;tag:h3|text_align:left&#8221; google_fonts=&#8221;font_family:Roboto%3A100%2C100italic%2C300%2C300italic%2Cregular%2Citalic%2C500%2C500italic%2C700%2C700italic%2C900%2C900italic|font_style:400%20regular%3A400%3Anormal&#8221;][vc_column_text]Costi inferiori, tempi di esecuzione ridotti, visibilit\u00e0 end-to-end e tempi di risposta migliori sono alcune delle sfide chiave del settore. Geotrans offre soluzioni intelligenti per raggiungere l&#8217;eccellenza operativa.[\/vc_column_text][\/vc_column][vc_column width=&#8221;1\/2&#8243;][vc_single_image image=&#8221;2822&#8243; img_size=&#8221;full&#8221;][\/vc_column][\/vc_row][vc_row el_class=&#8221;industry-row&#8221;][vc_column width=&#8221;1\/2&#8243;][vc_single_image image=&#8221;2823&#8243; img_size=&#8221;full&#8221;][\/vc_column][vc_column width=&#8221;1\/2&#8243;][vc_custom_heading text=&#8221;Prodotti alimentari e bevande&#8221; font_container=&#8221;tag:h3|text_align:left&#8221; google_fonts=&#8221;font_family:Roboto%3A100%2C100italic%2C300%2C300italic%2Cregular%2Citalic%2C500%2C500italic%2C700%2C700italic%2C900%2C900italic|font_style:400%20regular%3A400%3Anormal&#8221;][vc_column_text]La consegna a destinazione finale (last mile) nel settore degli alimenti e delle bevande (F&amp;B) \u00e8 pi\u00f9 avanti rispetto ad altri settori. Nel mondo post pandemia, anche il rifornimento \u00e8 fondamentale per ottenere la fiducia dei clienti e un vantaggio competitivo. Geotrans \u00e8 un partner di fiducia nel settore F&amp;B.[\/vc_column_text][\/vc_column][\/vc_row][vc_row el_class=&#8221;industry-row&#8221;][vc_column width=&#8221;1\/2&#8243;][vc_custom_heading text=&#8221;Macchinari e attrezzature industriali&#8221; font_container=&#8221;tag:h3|text_align:left&#8221; google_fonts=&#8221;font_family:Roboto%3A100%2C100italic%2C300%2C300italic%2Cregular%2Citalic%2C500%2C500italic%2C700%2C700italic%2C900%2C900italic|font_style:400%20regular%3A400%3Anormal&#8221;][vc_column_text]I produttori di attrezzature industriali sono sempre pi\u00f9 spinti dai loro clienti a offrire un modello pi\u00f9 flessibile. L&#8217;agilit\u00e0 operativa \u00e8 un must in un settore in cui gli acquisti si basano sulla richiesta. Le nostre soluzioni precise e redditizie offrono un vantaggio competitivo.[\/vc_column_text][\/vc_column][vc_column width=&#8221;1\/2&#8243;][vc_single_image image=&#8221;2824&#8243; img_size=&#8221;full&#8221;][\/vc_column][\/vc_row][vc_row el_class=&#8221;industry-row&#8221;][vc_column width=&#8221;1\/2&#8243;][vc_single_image image=&#8221;2825&#8243; img_size=&#8221;full&#8221;][\/vc_column][vc_column width=&#8221;1\/2&#8243;][vc_custom_heading text=&#8221;Settore automobilistico&#8221; font_container=&#8221;tag:h3|text_align:left&#8221; google_fonts=&#8221;font_family:Roboto%3A100%2C100italic%2C300%2C300italic%2Cregular%2Citalic%2C500%2C500italic%2C700%2C700italic%2C900%2C900italic|font_style:400%20regular%3A400%3Anormal&#8221;][vc_column_text]Il mercato post-vendita per i produttori di apparecchiature originali (OEM) fa fronte al nuovo ambiente di mobilit\u00e0, alla necessit\u00e0 di offerte multi-marchio, alla velocit\u00e0 di immissione sul mercato e alla riduzione dei margini di profitto. La nostra offerta di servizi garantisce un flusso continuo di merci e competitivit\u00e0 sul mercato.[\/vc_column_text][\/vc_column][\/vc_row][vc_row el_class=&#8221;industry-row&#8221;][vc_column width=&#8221;1\/2&#8243;][vc_custom_heading text=&#8221;Consumatori e vendita al dettaglio&#8221; font_container=&#8221;tag:h3|text_align:left&#8221; google_fonts=&#8221;font_family:Roboto%3A100%2C100italic%2C300%2C300italic%2Cregular%2Citalic%2C500%2C500italic%2C700%2C700italic%2C900%2C900italic|font_style:400%20regular%3A400%3Anormal&#8221;][vc_column_text]La continua crescita delle vendite online \u00e8 un importante motore nel settore Consumatori e vendita al Dettaglio. Le capacit\u00e0 garantite a un costo di trasporto annuo prestabilito sono indispensabili per le aziende che perseguono una strategia di crescita sostenibile. Geotrans comprende e sostiene questo percorso.[\/vc_column_text][\/vc_column][vc_column width=&#8221;1\/2&#8243;][vc_single_image image=&#8221;2826&#8243; img_size=&#8221;full&#8221;][\/vc_column][\/vc_row]<\/p>\n","protected":false},"excerpt":{"rendered":"<p>[vc_row css=&#8221;.vc_custom_1635255636709{margin-top: 50px !important;}&#8221;][vc_column][vc_custom_heading text=&#8221;Soluzioni di trasporto che soddisfano i requisiti di determinati segmenti verticali del settore.&#8221; font_container=&#8221;tag:h2|font_size:33|text_align:center|color:%23333333&#8243; google_fonts=&#8221;font_family:Roboto%3A100%2C100italic%2C300%2C300italic%2Cregular%2Citalic%2C500%2C500italic%2C700%2C700italic%2C900%2C900italic|font_style:400%20regular%3A400%3Anormal&#8221; css=&#8221;.vc_custom_1637920041676{margin-bottom: 50px !important;}&#8221; el_class=&#8221;industries-main-text&#8221;][\/vc_column][\/vc_row][vc_row css=&#8221;.vc_custom_1635255686890{margin-top: 50px !important;}&#8221; el_class=&#8221;industry-row&#8221;][vc_column width=&#8221;1\/2&#8243;][vc_custom_heading text=&#8221;Beni di largo consumo (FMCG)&#8221; font_container=&#8221;tag:h3|text_align:left&#8221; google_fonts=&#8221;font_family:Roboto%3A100%2C100italic%2C300%2C300italic%2Cregular%2Citalic%2C500%2C500italic%2C700%2C700italic%2C900%2C900italic|font_style:400%20regular%3A400%3Anormal&#8221;][vc_column_text]Costi inferiori, tempi di esecuzione ridotti, visibilit\u00e0 end-to-end e tempi di risposta migliori sono alcune delle sfide chiave del settore. Geotrans [&hellip;]<\/p>\n","protected":false},"author":1,"featured_media":0,"parent":0,"menu_order":0,"comment_status":"closed","ping_status":"closed","template":"","meta":{"footnotes":""},"class_list":["post-2900","page","type-page","status-publish","hentry"],"yoast_head":"<!-- This site is optimized with the Yoast SEO plugin v27.3 - https:\/\/yoast.com\/product\/yoast-seo-wordpress\/ -->\n<title>Settori - Geo Trans<\/title>\n<meta name=\"robots\" content=\"index, follow, max-snippet:-1, max-image-preview:large, max-video-preview:-1\" \/>\n<link rel=\"canonical\" href=\"https:\/\/geotrans.gr\/it\/industries\/\" \/>\n<meta property=\"og:locale\" content=\"it_IT\" \/>\n<meta property=\"og:type\" content=\"article\" \/>\n<meta property=\"og:title\" content=\"Settori - Geo Trans\" \/>\n<meta property=\"og:description\" content=\"[vc_row css=&#8221;.vc_custom_1635255636709{margin-top: 50px !important;}&#8221;][vc_column][vc_custom_heading text=&#8221;Soluzioni di trasporto che soddisfano i requisiti di determinati segmenti verticali del settore.&#8221; font_container=&#8221;tag:h2|font_size:33|text_align:center|color:%23333333&#8243; google_fonts=&#8221;font_family:Roboto%3A100%2C100italic%2C300%2C300italic%2Cregular%2Citalic%2C500%2C500italic%2C700%2C700italic%2C900%2C900italic|font_style:400%20regular%3A400%3Anormal&#8221; css=&#8221;.vc_custom_1637920041676{margin-bottom: 50px !important;}&#8221; el_class=&#8221;industries-main-text&#8221;][\/vc_column][\/vc_row][vc_row css=&#8221;.vc_custom_1635255686890{margin-top: 50px !important;}&#8221; el_class=&#8221;industry-row&#8221;][vc_column width=&#8221;1\/2&#8243;][vc_custom_heading text=&#8221;Beni di largo consumo (FMCG)&#8221; font_container=&#8221;tag:h3|text_align:left&#8221; google_fonts=&#8221;font_family:Roboto%3A100%2C100italic%2C300%2C300italic%2Cregular%2Citalic%2C500%2C500italic%2C700%2C700italic%2C900%2C900italic|font_style:400%20regular%3A400%3Anormal&#8221;][vc_column_text]Costi inferiori, tempi di esecuzione ridotti, visibilit\u00e0 end-to-end e tempi di risposta migliori sono alcune delle sfide chiave del settore. Geotrans [&hellip;]\" \/>\n<meta property=\"og:url\" content=\"https:\/\/geotrans.gr\/it\/industries\/\" \/>\n<meta property=\"og:site_name\" content=\"Geo Trans\" \/>\n<meta property=\"article:modified_time\" content=\"2021-11-26T09:49:13+00:00\" \/>\n<meta name=\"twitter:card\" content=\"summary_large_image\" \/>\n<meta name=\"twitter:label1\" content=\"Tempo di lettura stimato\" \/>\n\t<meta name=\"twitter:data1\" content=\"3 minuti\" \/>\n<script type=\"application\/ld+json\" class=\"yoast-schema-graph\">{\"@context\":\"https:\\\/\\\/schema.org\",\"@graph\":[{\"@type\":\"WebPage\",\"@id\":\"https:\\\/\\\/geotrans.gr\\\/it\\\/industries\\\/\",\"url\":\"https:\\\/\\\/geotrans.gr\\\/it\\\/industries\\\/\",\"name\":\"Settori - Geo Trans\",\"isPartOf\":{\"@id\":\"https:\\\/\\\/geotrans.gr\\\/#website\"},\"datePublished\":\"2021-06-22T09:11:07+00:00\",\"dateModified\":\"2021-11-26T09:49:13+00:00\",\"breadcrumb\":{\"@id\":\"https:\\\/\\\/geotrans.gr\\\/it\\\/industries\\\/#breadcrumb\"},\"inLanguage\":\"it-IT\",\"potentialAction\":[{\"@type\":\"ReadAction\",\"target\":[\"https:\\\/\\\/geotrans.gr\\\/it\\\/industries\\\/\"]}]},{\"@type\":\"BreadcrumbList\",\"@id\":\"https:\\\/\\\/geotrans.gr\\\/it\\\/industries\\\/#breadcrumb\",\"itemListElement\":[{\"@type\":\"ListItem\",\"position\":1,\"name\":\"Home\",\"item\":\"https:\\\/\\\/geotrans.gr\\\/it\\\/\"},{\"@type\":\"ListItem\",\"position\":2,\"name\":\"Settori\"}]},{\"@type\":\"WebSite\",\"@id\":\"https:\\\/\\\/geotrans.gr\\\/#website\",\"url\":\"https:\\\/\\\/geotrans.gr\\\/\",\"name\":\"Geo Trans\",\"description\":\"\",\"publisher\":{\"@id\":\"https:\\\/\\\/geotrans.gr\\\/#organization\"},\"potentialAction\":[{\"@type\":\"SearchAction\",\"target\":{\"@type\":\"EntryPoint\",\"urlTemplate\":\"https:\\\/\\\/geotrans.gr\\\/?s={search_term_string}\"},\"query-input\":{\"@type\":\"PropertyValueSpecification\",\"valueRequired\":true,\"valueName\":\"search_term_string\"}}],\"inLanguage\":\"it-IT\"},{\"@type\":\"Organization\",\"@id\":\"https:\\\/\\\/geotrans.gr\\\/#organization\",\"name\":\"Geo Trans\",\"url\":\"https:\\\/\\\/geotrans.gr\\\/\",\"logo\":{\"@type\":\"ImageObject\",\"inLanguage\":\"it-IT\",\"@id\":\"https:\\\/\\\/geotrans.gr\\\/#\\\/schema\\\/logo\\\/image\\\/\",\"url\":\"https:\\\/\\\/geotrans.gr\\\/wp-content\\\/uploads\\\/2021\\\/04\\\/geotrans-logo.png\",\"contentUrl\":\"https:\\\/\\\/geotrans.gr\\\/wp-content\\\/uploads\\\/2021\\\/04\\\/geotrans-logo.png\",\"width\":2087,\"height\":447,\"caption\":\"Geo Trans\"},\"image\":{\"@id\":\"https:\\\/\\\/geotrans.gr\\\/#\\\/schema\\\/logo\\\/image\\\/\"}}]}<\/script>\n<!-- \/ Yoast SEO plugin. -->","yoast_head_json":{"title":"Settori - Geo Trans","robots":{"index":"index","follow":"follow","max-snippet":"max-snippet:-1","max-image-preview":"max-image-preview:large","max-video-preview":"max-video-preview:-1"},"canonical":"https:\/\/geotrans.gr\/it\/industries\/","og_locale":"it_IT","og_type":"article","og_title":"Settori - Geo Trans","og_description":"[vc_row css=&#8221;.vc_custom_1635255636709{margin-top: 50px !important;}&#8221;][vc_column][vc_custom_heading text=&#8221;Soluzioni di trasporto che soddisfano i requisiti di determinati segmenti verticali del settore.&#8221; font_container=&#8221;tag:h2|font_size:33|text_align:center|color:%23333333&#8243; google_fonts=&#8221;font_family:Roboto%3A100%2C100italic%2C300%2C300italic%2Cregular%2Citalic%2C500%2C500italic%2C700%2C700italic%2C900%2C900italic|font_style:400%20regular%3A400%3Anormal&#8221; css=&#8221;.vc_custom_1637920041676{margin-bottom: 50px !important;}&#8221; el_class=&#8221;industries-main-text&#8221;][\/vc_column][\/vc_row][vc_row css=&#8221;.vc_custom_1635255686890{margin-top: 50px !important;}&#8221; el_class=&#8221;industry-row&#8221;][vc_column width=&#8221;1\/2&#8243;][vc_custom_heading text=&#8221;Beni di largo consumo (FMCG)&#8221; font_container=&#8221;tag:h3|text_align:left&#8221; google_fonts=&#8221;font_family:Roboto%3A100%2C100italic%2C300%2C300italic%2Cregular%2Citalic%2C500%2C500italic%2C700%2C700italic%2C900%2C900italic|font_style:400%20regular%3A400%3Anormal&#8221;][vc_column_text]Costi inferiori, tempi di esecuzione ridotti, visibilit\u00e0 end-to-end e tempi di risposta migliori sono alcune delle sfide chiave del settore. Geotrans [&hellip;]","og_url":"https:\/\/geotrans.gr\/it\/industries\/","og_site_name":"Geo Trans","article_modified_time":"2021-11-26T09:49:13+00:00","twitter_card":"summary_large_image","twitter_misc":{"Tempo di lettura stimato":"3 minuti"},"schema":{"@context":"https:\/\/schema.org","@graph":[{"@type":"WebPage","@id":"https:\/\/geotrans.gr\/it\/industries\/","url":"https:\/\/geotrans.gr\/it\/industries\/","name":"Settori - Geo Trans","isPartOf":{"@id":"https:\/\/geotrans.gr\/#website"},"datePublished":"2021-06-22T09:11:07+00:00","dateModified":"2021-11-26T09:49:13+00:00","breadcrumb":{"@id":"https:\/\/geotrans.gr\/it\/industries\/#breadcrumb"},"inLanguage":"it-IT","potentialAction":[{"@type":"ReadAction","target":["https:\/\/geotrans.gr\/it\/industries\/"]}]},{"@type":"BreadcrumbList","@id":"https:\/\/geotrans.gr\/it\/industries\/#breadcrumb","itemListElement":[{"@type":"ListItem","position":1,"name":"Home","item":"https:\/\/geotrans.gr\/it\/"},{"@type":"ListItem","position":2,"name":"Settori"}]},{"@type":"WebSite","@id":"https:\/\/geotrans.gr\/#website","url":"https:\/\/geotrans.gr\/","name":"Geo Trans","description":"","publisher":{"@id":"https:\/\/geotrans.gr\/#organization"},"potentialAction":[{"@type":"SearchAction","target":{"@type":"EntryPoint","urlTemplate":"https:\/\/geotrans.gr\/?s={search_term_string}"},"query-input":{"@type":"PropertyValueSpecification","valueRequired":true,"valueName":"search_term_string"}}],"inLanguage":"it-IT"},{"@type":"Organization","@id":"https:\/\/geotrans.gr\/#organization","name":"Geo Trans","url":"https:\/\/geotrans.gr\/","logo":{"@type":"ImageObject","inLanguage":"it-IT","@id":"https:\/\/geotrans.gr\/#\/schema\/logo\/image\/","url":"https:\/\/geotrans.gr\/wp-content\/uploads\/2021\/04\/geotrans-logo.png","contentUrl":"https:\/\/geotrans.gr\/wp-content\/uploads\/2021\/04\/geotrans-logo.png","width":2087,"height":447,"caption":"Geo Trans"},"image":{"@id":"https:\/\/geotrans.gr\/#\/schema\/logo\/image\/"}}]}},"_links":{"self":[{"href":"https:\/\/geotrans.gr\/it\/wp-json\/wp\/v2\/pages\/2900","targetHints":{"allow":["GET"]}}],"collection":[{"href":"https:\/\/geotrans.gr\/it\/wp-json\/wp\/v2\/pages"}],"about":[{"href":"https:\/\/geotrans.gr\/it\/wp-json\/wp\/v2\/types\/page"}],"author":[{"embeddable":true,"href":"https:\/\/geotrans.gr\/it\/wp-json\/wp\/v2\/users\/1"}],"replies":[{"embeddable":true,"href":"https:\/\/geotrans.gr\/it\/wp-json\/wp\/v2\/comments?post=2900"}],"version-history":[{"count":3,"href":"https:\/\/geotrans.gr\/it\/wp-json\/wp\/v2\/pages\/2900\/revisions"}],"predecessor-version":[{"id":2903,"href":"https:\/\/geotrans.gr\/it\/wp-json\/wp\/v2\/pages\/2900\/revisions\/2903"}],"wp:attachment":[{"href":"https:\/\/geotrans.gr\/it\/wp-json\/wp\/v2\/media?parent=2900"}],"curies":[{"name":"wp","href":"https:\/\/api.w.org\/{rel}","templated":true}]}}