{"id":2894,"date":"2017-01-29T07:00:14","date_gmt":"2017-01-29T07:00:14","guid":{"rendered":"https:\/\/geotrans.gr\/company\/"},"modified":"2021-12-07T12:37:31","modified_gmt":"2021-12-07T09:37:31","slug":"company","status":"publish","type":"page","link":"https:\/\/geotrans.gr\/it\/company\/","title":{"rendered":"Azienda"},"content":{"rendered":"<p>[vc_row full_width=&#8221;stretch_row_content_no_spaces&#8221; css=&#8221;.vc_custom_1486122137217{margin-top: 0px !important;margin-bottom: 0px !important;padding-top: 0px !important;padding-bottom: 0px !important;background-color: #f8f9fa !important;}&#8221;][vc_column css=&#8221;.vc_custom_1486122106392{margin-top: 0px !important;margin-bottom: 0px !important;padding-top: 0px !important;padding-bottom: 0px !important;}&#8221;][vc_mad_section_with_media type=&#8221;type_2&#8243; title_font_size=&#8221;42&#8243; title=&#8221;Perch\u00e9 Geotrans?&#8221; link=&#8221;target:_blank&#8221; video=&#8221;https:\/\/www.youtube.com\/watch?v=LSO_WBkQzNo&#8221;]<\/p>\n<div class=\"text-size-small\">\n<p>Visibilit\u00e0 end-to-end, tempi di esecuzione brevi, mitigazione dei rischi, costi adeguati, capacit\u00e0 garantite durante i picchi.<\/p>\n<\/div>\n<p>&nbsp;<\/p>\n<p class=\"pillars-text\">I nostri tre pilastri:<\/p>\n<ul>\n<li><strong>PERSONALE<br \/>\n<\/strong>Apprezziamo e premiamo il talento e il senso degli affari. Coltiviamo una cultura di fiducia e incoraggiamo i nostri dipendenti a spingere avanti l&#8217;impresa.<strong><br \/>\n<\/strong><\/li>\n<li><strong>ECCELLENZA OPERATIVA<br \/>\n<\/strong>Il miglioramento costante \u00e8 fondamentale per operare con la massima produttivit\u00e0. Abbiniamo risorse, tecnologia e infrastrutture per fornire servizi puntuali e di elevata qualit\u00e0.<\/li>\n<li><strong>VALORE PER GLI STAKEHOLDER<br \/>\n<\/strong>Il nostro intento strategico \u00e8 quello di creare valore sostenibile per gli stakeholder. Vogliamo raggiungere una crescita redditizia al di sopra della media di mercato per i nostri azionisti e ricompense giustificabili per i nostri dipendenti, fornitori e partner.<strong><br \/>\n<\/strong><\/li>\n<\/ul>\n<p>[\/vc_mad_section_with_media][\/vc_column][\/vc_row][vc_row css=&#8221;.vc_custom_1635867853888{padding-top: 70px !important;padding-bottom: 0px !important;}&#8221; el_class=&#8221;fix-mobile-spaces&#8221;][vc_column width=&#8221;1\/2&#8243; el_class=&#8221;about-col-banner&#8221;][vc_mad_banners title_font_size=&#8221;32&#8243; image=&#8221;2114&#8243; title=&#8221;La nostra missione&#8221; link=&#8221;target:_blank&#8221;]Miriamo a creare valore per i nostri clienti, offrendo loro soluzioni su misura per le esigenze di trasporto e di logistica. La nostra missione condivisa \u00e8 assisterli nel loro percorso per raggiungere l&#8217;eccellenza operativa e l&#8217;ottimizzazione della filiera.[\/vc_mad_banners][\/vc_column][vc_column width=&#8221;1\/2&#8243; el_class=&#8221;about-col-banner&#8221;][vc_mad_banners title_font_size=&#8221;32&#8243; image=&#8221;2348&#8243; title=&#8221;Il nostro carattere&#8221; link=&#8221;target:_blank&#8221;]Siamo autentici. Crediamo nelle relazioni, non nelle transazioni. Siamo versatili e motivati a eccellere. Valorizziamo il lavoro di squadra e l&#8217;integrit\u00e0 morale. Promuoviamo un&#8217;atmosfera familiare e apprezziamo quando si fa la cosa giusta. Per noi non \u00e8 importante essere i pi\u00f9 grandi. Si \u00e8 sempre trattato di fare la differenza nelle comunit\u00e0 in cui viviamo e operiamo.[\/vc_mad_banners][\/vc_column][\/vc_row][vc_row css=&#8221;.vc_custom_1635867845741{padding-top: 40px !important;padding-bottom: 0px !important;}&#8221; el_class=&#8221;fix-mobile-spaces&#8221;][vc_column width=&#8221;1\/2&#8243;][vc_mad_banners title_font_size=&#8221;32&#8243; image=&#8221;1804&#8243; title=&#8221;La nostra visione&#8221; link=&#8221;target:_blank&#8221;]Essere il Partner di Fiducia nel settore in cui operiamo.[\/vc_mad_banners][\/vc_column][vc_column width=&#8221;1\/2&#8243;][vc_mad_banners title_font_size=&#8221;32&#8243; image=&#8221;3423&#8243; title=&#8221;Dichiarazione sui clienti&#8221; link=&#8221;target:_blank&#8221;]Stimiamo i nostri clienti e li trattiamo con determinazione e passione.[\/vc_mad_banners][\/vc_column][\/vc_row][vc_row full_width=&#8221;stretch_row&#8221; bg_type=&#8221;image&#8221; parallax_style=&#8221;vcpb-default&#8221; bg_image_new=&#8221;id^224|url^https:\/\/velikorodnov.com\/wordpress\/expeditor\/blue\/wp-content\/uploads\/2017\/01\/2173x1448_bg.jpg|caption^null|alt^null|title^2173x1448_bg|description^null&#8221; bg_image_repeat=&#8221;no-repeat&#8221; bg_img_attach=&#8221;fixed&#8221; bg_override=&#8221;full&#8221; css=&#8221;.vc_custom_1490796786865{padding-top: 70px !important;padding-bottom: 60px !important;}&#8221;][vc_column][vc_row_inner][vc_column_inner width=&#8221;1\/2&#8243;][vc_mad_page_title title_top=&#8221;Lavoro&#8221; title=&#8221;Ti interessa lavorare con noi?&#8221; css=&#8221;.vc_custom_1637919677060{padding-bottom: 10px !important;}&#8221;]A Geotrans riconosciamo che l&#8217;evoluzione professionale e personale ci aiuta a raggiungere i nostri obiettivi aziendali. Riteniamo che un dipendente che impara continuamente sia un dipendente impegnato.<br \/>\nInvestiamo nei nostri dipendenti a lungo termine, non solo con stipendi e indennit\u00e0, ma anche con continue opportunit\u00e0 di formazione e sviluppo.<br \/>\n[\/vc_mad_page_title][\/vc_column_inner][vc_column_inner width=&#8221;1\/2&#8243;]\n<div class=\"wpcf7 no-js\" id=\"wpcf7-f2909-o1\" lang=\"it-IT\" dir=\"ltr\" data-wpcf7-id=\"2909\">\n<div class=\"screen-reader-response\"><p role=\"status\" aria-live=\"polite\" aria-atomic=\"true\"><\/p> <ul><\/ul><\/div>\n<form action=\"\/it\/wp-json\/wp\/v2\/pages\/2894#wpcf7-f2909-o1\" method=\"post\" class=\"wpcf7-form init\" aria-label=\"Modulo di contatto\" enctype=\"multipart\/form-data\" novalidate=\"novalidate\" data-status=\"init\">\n<fieldset class=\"hidden-fields-container\"><input type=\"hidden\" name=\"_wpcf7\" value=\"2909\" \/><input type=\"hidden\" name=\"_wpcf7_version\" value=\"6.1.5\" \/><input type=\"hidden\" name=\"_wpcf7_locale\" value=\"it_IT\" \/><input type=\"hidden\" name=\"_wpcf7_unit_tag\" value=\"wpcf7-f2909-o1\" \/><input type=\"hidden\" name=\"_wpcf7_container_post\" value=\"0\" \/><input type=\"hidden\" name=\"_wpcf7_posted_data_hash\" value=\"\" \/><input type=\"hidden\" name=\"_wpcf7cf_hidden_group_fields\" value=\"\" \/><input type=\"hidden\" name=\"_wpcf7cf_hidden_groups\" value=\"\" \/><input type=\"hidden\" name=\"_wpcf7cf_visible_groups\" value=\"\" \/><input type=\"hidden\" name=\"_wpcf7cf_repeaters\" value=\"[]\" \/><input type=\"hidden\" name=\"_wpcf7cf_steps\" value=\"{}\" \/><input type=\"hidden\" name=\"_wpcf7cf_options\" value=\"{&quot;form_id&quot;:2909,&quot;conditions&quot;:[{&quot;then_field&quot;:&quot;group-1&quot;,&quot;and_rules&quot;:[{&quot;if_field&quot;:&quot;reason&quot;,&quot;operator&quot;:&quot;equals&quot;,&quot;if_value&quot;:&quot;Richiedi gratuitamente un preventivo&quot;}]},{&quot;then_field&quot;:&quot;group-2&quot;,&quot;and_rules&quot;:[{&quot;if_field&quot;:&quot;reason&quot;,&quot;operator&quot;:&quot;equals&quot;,&quot;if_value&quot;:&quot;Richiedi collaborazione&quot;}]},{&quot;then_field&quot;:&quot;group-3&quot;,&quot;and_rules&quot;:[{&quot;if_field&quot;:&quot;reason&quot;,&quot;operator&quot;:&quot;equals&quot;,&quot;if_value&quot;:&quot;Torna in alto&quot;}]},{&quot;then_field&quot;:&quot;group-4&quot;,&quot;and_rules&quot;:[{&quot;if_field&quot;:&quot;reason&quot;,&quot;operator&quot;:&quot;equals&quot;,&quot;if_value&quot;:&quot;Lavora con noi&quot;}]}],&quot;settings&quot;:{&quot;animation&quot;:&quot;yes&quot;,&quot;animation_intime&quot;:200,&quot;animation_outtime&quot;:200,&quot;conditions_ui&quot;:&quot;normal&quot;,&quot;notice_dismissed&quot;:false,&quot;notice_dismissed_rollback-cf7-5.4.2&quot;:true,&quot;notice_dismissed_rollback-cf7-5.5.6&quot;:true}}\" \/><input type=\"hidden\" name=\"_wpcf7_recaptcha_response\" value=\"\" \/>\n<\/fieldset>\n<div class=\"form-style1 fx-cols-2\">\n\t<div class=\"form-column\">\n\t\t<p><span class=\"wpcf7-form-control-wrap\" data-name=\"text-305\"><input size=\"40\" maxlength=\"400\" class=\"wpcf7-form-control wpcf7-text\" aria-invalid=\"false\" placeholder=\"Nome\" value=\"\" type=\"text\" name=\"text-305\" \/><\/span>\n\t\t<\/p>\n\t<\/div>\n\t<div class=\"form-column\">\n\t\t<p><span class=\"wpcf7-form-control-wrap\" data-name=\"text-301\"><input size=\"40\" maxlength=\"400\" class=\"wpcf7-form-control wpcf7-text\" aria-invalid=\"false\" placeholder=\"Cognome\" value=\"\" type=\"text\" name=\"text-301\" \/><\/span>\n\t\t<\/p>\n\t<\/div>\n\t<div class=\"form-column-full\">\n\t\t<p><span class=\"wpcf7-form-control-wrap\" data-name=\"email-453\"><input size=\"40\" maxlength=\"400\" class=\"wpcf7-form-control wpcf7-email wpcf7-validates-as-required wpcf7-text wpcf7-validates-as-email\" aria-required=\"true\" aria-invalid=\"false\" placeholder=\"Email\" value=\"\" type=\"email\" name=\"email-453\" \/><\/span>\n\t\t<\/p>\n\t<\/div>\n\t<div class=\"form-column-full\">\n\t\t<p><span class=\"wpcf7-form-control-wrap\" data-name=\"phone-453\"><input size=\"40\" maxlength=\"400\" class=\"wpcf7-form-control wpcf7-text wpcf7-validates-as-required\" aria-required=\"true\" aria-invalid=\"false\" placeholder=\"Telefono\" value=\"\" type=\"text\" name=\"phone-453\" \/><\/span>\n\t\t<\/p>\n\t<\/div>\n\t<div class=\"form-column-full\">\n\t\t<p><span class=\"wpcf7-form-control-wrap\" data-name=\"reason\"><select class=\"wpcf7-form-control wpcf7-select\" aria-invalid=\"false\" name=\"reason\"><option value=\"Richiedi gratuitamente un preventivo\">Richiedi gratuitamente un preventivo<\/option><option value=\"Richiedi collaborazione\">Richiedi collaborazione<\/option><option value=\"Torna in alto\">Torna in alto<\/option><option value=\"Lavora con noi\">Lavora con noi<\/option><\/select><\/span>\n\t\t<\/p>\n\t<\/div>\n\t<div id=\"group-1\">\n\t\t<div data-id=\"group-1\" data-orig_data_id=\"group-1\"  data-class=\"wpcf7cf_group\">\n\t\t\t<p>CLIENTI\n\t\t\t<\/p>\n\t\t<\/div>\n\t<\/div>\n\t<div id=\"group-2\">\n\t\t<div data-id=\"group-2\" data-orig_data_id=\"group-2\"  data-class=\"wpcf7cf_group\">\n\t\t\t<p>FORNITORI\n\t\t\t<\/p>\n\t\t<\/div>\n\t<\/div>\n\t<div id=\"group-3\">\n\t\t<div data-id=\"group-3\" data-orig_data_id=\"group-3\"  data-class=\"wpcf7cf_group\">\n\t\t\t<p><span class=\"wpcf7-form-control-wrap\" data-name=\"menu-52\"><select class=\"wpcf7-form-control wpcf7-select\" aria-invalid=\"false\" name=\"menu-52\"><option value=\"OPINIONI\">OPINIONI<\/option><option value=\"SUGGERIMENTI\">SUGGERIMENTI<\/option><\/select><\/span>\n\t\t\t<\/p>\n\t\t<\/div>\n\t<\/div>\n\t<div id=\"group-4\">\n\t\t<div data-id=\"group-4\" data-orig_data_id=\"group-4\"  data-class=\"wpcf7cf_group\">\n\t\t\t<p>CANDIDATI\n\t\t\t<\/p>\n\t\t<\/div>\n\t<\/div>\n\t<div class=\"form-column-full\">\n\t\t<p><span class=\"wpcf7-form-control-wrap\" data-name=\"textarea-117\"><textarea cols=\"40\" rows=\"4\" maxlength=\"2000\" class=\"wpcf7-form-control wpcf7-textarea wpcf7-validates-as-required\" aria-required=\"true\" aria-invalid=\"false\" placeholder=\"Messaggio\" name=\"textarea-117\"><\/textarea><\/span>\n\t\t<\/p>\n\t<\/div>\n\t<div class=\"form-column-full\" style=\"padding: 0 10px 10px;\">\n\t\t<p><span class=\"wpcf7-form-control-wrap\" data-name=\"your-file\"><input size=\"40\" class=\"wpcf7-form-control wpcf7-file\" accept=\".pdf\" aria-invalid=\"false\" type=\"file\" name=\"your-file\" \/><\/span>\n\t\t<\/p>\n\t<\/div>\n\t<div class=\"form-column-full acceptance-form\" style=\"padding: 0 10px;\">\n\t\t<p><span class=\"wpcf7-form-control-wrap\" data-name=\"acceptance-996\"><span class=\"wpcf7-form-control wpcf7-acceptance\"><span class=\"wpcf7-list-item\"><label><input type=\"checkbox\" name=\"acceptance-996\" value=\"1\" aria-invalid=\"false\" \/><span class=\"wpcf7-list-item-label\">Accetto le <a href=\"\/\u03b9\u03c4\/terms-of-use\/\">Condizioni d'Uso<\/a><\/span><\/label><\/span><\/span><\/span>\n\t\t<\/p>\n\t<\/div>\n\t<div class=\"form-column-full\">\n\t\t<p><input class=\"wpcf7-form-control wpcf7-submit has-spinner\" type=\"submit\" value=\"Invia\" \/>\n\t\t<\/p>\n\t<\/div>\n<\/div><div class=\"wpcf7-response-output\" aria-hidden=\"true\"><\/div>\n<\/form>\n<\/div>\n[\/vc_column_inner][\/vc_row_inner][\/vc_column][\/vc_row][vc_row full_width=&#8221;stretch_row&#8221; css=&#8221;.vc_custom_1486032841070{padding-top: 20px !important;padding-bottom: 20px !important;}&#8221;][vc_column][vc_mad_call_out btn_txt_color=&#8221;#ffffff&#8221; phone_title=&#8221;Chiamata&#8221; title=&#8221;Affidati a noi per trovare una soluzione che soddisfi le tue esigenze&#8221; phone1=&#8221;+30 210 5540231&#8243; link1=&#8221;url:%2Fit%2Fcontact%2F|title:Contatti|target:_blank&#8221;][\/vc_mad_call_out][\/vc_column][\/vc_row][vc_row full_width=&#8221;stretch_row&#8221; bg_type=&#8221;image&#8221; parallax_style=&#8221;vcpb-default&#8221; bg_image_new=&#8221;id^608|url^https:\/\/geotrans.gr\/wp-content\/uploads\/2017\/01\/2433x1637_bg.jpg|caption^null|alt^null|title^2433x1637_bg|description^null&#8221; bg_image_repeat=&#8221;no-repeat&#8221; bg_img_attach=&#8221;fixed&#8221; bg_override=&#8221;full&#8221; css=&#8221;.vc_custom_1632132587554{margin-bottom: 0px !important;padding-top: 70px !important;padding-bottom: 60px !important;}&#8221; el_class=&#8221;dis-none&#8221;][vc_column][vc_mad_testimonials type=&#8221;carousel&#8221; text_color=&#8221;#ffffff&#8221; items=&#8221;6&#8243; title_top=&#8221;TESTIMONIALS&#8221; title=&#8221;What Our Clients Say&#8221;][\/vc_column][\/vc_row]<\/p>\n","protected":false},"excerpt":{"rendered":"<p>[vc_row full_width=&#8221;stretch_row_content_no_spaces&#8221; css=&#8221;.vc_custom_1486122137217{margin-top: 0px !important;margin-bottom: 0px !important;padding-top: 0px !important;padding-bottom: 0px !important;background-color: #f8f9fa !important;}&#8221;][vc_column css=&#8221;.vc_custom_1486122106392{margin-top: 0px !important;margin-bottom: 0px !important;padding-top: 0px !important;padding-bottom: 0px !important;}&#8221;][vc_mad_section_with_media type=&#8221;type_2&#8243; title_font_size=&#8221;42&#8243; title=&#8221;Perch\u00e9 Geotrans?&#8221; link=&#8221;target:_blank&#8221; video=&#8221;https:\/\/www.youtube.com\/watch?v=LSO_WBkQzNo&#8221;] Visibilit\u00e0 end-to-end, tempi di esecuzione brevi, mitigazione dei rischi, costi adeguati, capacit\u00e0 garantite durante i picchi. &nbsp; I nostri tre pilastri: PERSONALE Apprezziamo e premiamo il talento [&hellip;]<\/p>\n","protected":false},"author":1,"featured_media":0,"parent":0,"menu_order":0,"comment_status":"closed","ping_status":"closed","template":"","meta":{"footnotes":""},"class_list":["post-2894","page","type-page","status-publish","hentry"],"yoast_head":"<!-- This site is optimized with the Yoast SEO plugin v27.4 - https:\/\/yoast.com\/product\/yoast-seo-wordpress\/ -->\n<title>Azienda - Geo Trans<\/title>\n<meta name=\"robots\" content=\"index, follow, max-snippet:-1, max-image-preview:large, max-video-preview:-1\" \/>\n<link rel=\"canonical\" href=\"https:\/\/geotrans.gr\/it\/company\/\" \/>\n<meta property=\"og:locale\" content=\"it_IT\" \/>\n<meta property=\"og:type\" content=\"article\" \/>\n<meta property=\"og:title\" content=\"Azienda - Geo Trans\" \/>\n<meta property=\"og:description\" content=\"[vc_row full_width=&#8221;stretch_row_content_no_spaces&#8221; css=&#8221;.vc_custom_1486122137217{margin-top: 0px !important;margin-bottom: 0px !important;padding-top: 0px !important;padding-bottom: 0px !important;background-color: #f8f9fa !important;}&#8221;][vc_column css=&#8221;.vc_custom_1486122106392{margin-top: 0px !important;margin-bottom: 0px !important;padding-top: 0px !important;padding-bottom: 0px !important;}&#8221;][vc_mad_section_with_media type=&#8221;type_2&#8243; title_font_size=&#8221;42&#8243; title=&#8221;Perch\u00e9 Geotrans?&#8221; link=&#8221;target:_blank&#8221; video=&#8221;https:\/\/www.youtube.com\/watch?v=LSO_WBkQzNo&#8221;] Visibilit\u00e0 end-to-end, tempi di esecuzione brevi, mitigazione dei rischi, costi adeguati, capacit\u00e0 garantite durante i picchi. &nbsp; I nostri tre pilastri: PERSONALE Apprezziamo e premiamo il talento [&hellip;]\" \/>\n<meta property=\"og:url\" content=\"https:\/\/geotrans.gr\/it\/company\/\" \/>\n<meta property=\"og:site_name\" content=\"Geo Trans\" \/>\n<meta property=\"article:modified_time\" content=\"2021-12-07T09:37:31+00:00\" \/>\n<meta name=\"twitter:card\" content=\"summary_large_image\" \/>\n<meta name=\"twitter:label1\" content=\"Tempo di lettura stimato\" \/>\n\t<meta name=\"twitter:data1\" content=\"4 minuti\" \/>\n<script type=\"application\/ld+json\" class=\"yoast-schema-graph\">{\"@context\":\"https:\\\/\\\/schema.org\",\"@graph\":[{\"@type\":\"WebPage\",\"@id\":\"https:\\\/\\\/geotrans.gr\\\/it\\\/company\\\/\",\"url\":\"https:\\\/\\\/geotrans.gr\\\/it\\\/company\\\/\",\"name\":\"Azienda - Geo Trans\",\"isPartOf\":{\"@id\":\"https:\\\/\\\/geotrans.gr\\\/#website\"},\"datePublished\":\"2017-01-29T07:00:14+00:00\",\"dateModified\":\"2021-12-07T09:37:31+00:00\",\"breadcrumb\":{\"@id\":\"https:\\\/\\\/geotrans.gr\\\/it\\\/company\\\/#breadcrumb\"},\"inLanguage\":\"it-IT\",\"potentialAction\":[{\"@type\":\"ReadAction\",\"target\":[\"https:\\\/\\\/geotrans.gr\\\/it\\\/company\\\/\"]}]},{\"@type\":\"BreadcrumbList\",\"@id\":\"https:\\\/\\\/geotrans.gr\\\/it\\\/company\\\/#breadcrumb\",\"itemListElement\":[{\"@type\":\"ListItem\",\"position\":1,\"name\":\"Home\",\"item\":\"https:\\\/\\\/geotrans.gr\\\/it\\\/\"},{\"@type\":\"ListItem\",\"position\":2,\"name\":\"Azienda\"}]},{\"@type\":\"WebSite\",\"@id\":\"https:\\\/\\\/geotrans.gr\\\/#website\",\"url\":\"https:\\\/\\\/geotrans.gr\\\/\",\"name\":\"Geo Trans\",\"description\":\"\",\"publisher\":{\"@id\":\"https:\\\/\\\/geotrans.gr\\\/#organization\"},\"potentialAction\":[{\"@type\":\"SearchAction\",\"target\":{\"@type\":\"EntryPoint\",\"urlTemplate\":\"https:\\\/\\\/geotrans.gr\\\/?s={search_term_string}\"},\"query-input\":{\"@type\":\"PropertyValueSpecification\",\"valueRequired\":true,\"valueName\":\"search_term_string\"}}],\"inLanguage\":\"it-IT\"},{\"@type\":\"Organization\",\"@id\":\"https:\\\/\\\/geotrans.gr\\\/#organization\",\"name\":\"Geo Trans\",\"url\":\"https:\\\/\\\/geotrans.gr\\\/\",\"logo\":{\"@type\":\"ImageObject\",\"inLanguage\":\"it-IT\",\"@id\":\"https:\\\/\\\/geotrans.gr\\\/#\\\/schema\\\/logo\\\/image\\\/\",\"url\":\"https:\\\/\\\/geotrans.gr\\\/wp-content\\\/uploads\\\/2021\\\/04\\\/geotrans-logo.png\",\"contentUrl\":\"https:\\\/\\\/geotrans.gr\\\/wp-content\\\/uploads\\\/2021\\\/04\\\/geotrans-logo.png\",\"width\":2087,\"height\":447,\"caption\":\"Geo Trans\"},\"image\":{\"@id\":\"https:\\\/\\\/geotrans.gr\\\/#\\\/schema\\\/logo\\\/image\\\/\"}}]}<\/script>\n<!-- \/ Yoast SEO plugin. -->","yoast_head_json":{"title":"Azienda - Geo Trans","robots":{"index":"index","follow":"follow","max-snippet":"max-snippet:-1","max-image-preview":"max-image-preview:large","max-video-preview":"max-video-preview:-1"},"canonical":"https:\/\/geotrans.gr\/it\/company\/","og_locale":"it_IT","og_type":"article","og_title":"Azienda - Geo Trans","og_description":"[vc_row full_width=&#8221;stretch_row_content_no_spaces&#8221; css=&#8221;.vc_custom_1486122137217{margin-top: 0px !important;margin-bottom: 0px !important;padding-top: 0px !important;padding-bottom: 0px !important;background-color: #f8f9fa !important;}&#8221;][vc_column css=&#8221;.vc_custom_1486122106392{margin-top: 0px !important;margin-bottom: 0px !important;padding-top: 0px !important;padding-bottom: 0px !important;}&#8221;][vc_mad_section_with_media type=&#8221;type_2&#8243; title_font_size=&#8221;42&#8243; title=&#8221;Perch\u00e9 Geotrans?&#8221; link=&#8221;target:_blank&#8221; video=&#8221;https:\/\/www.youtube.com\/watch?v=LSO_WBkQzNo&#8221;] Visibilit\u00e0 end-to-end, tempi di esecuzione brevi, mitigazione dei rischi, costi adeguati, capacit\u00e0 garantite durante i picchi. &nbsp; I nostri tre pilastri: PERSONALE Apprezziamo e premiamo il talento [&hellip;]","og_url":"https:\/\/geotrans.gr\/it\/company\/","og_site_name":"Geo Trans","article_modified_time":"2021-12-07T09:37:31+00:00","twitter_card":"summary_large_image","twitter_misc":{"Tempo di lettura stimato":"4 minuti"},"schema":{"@context":"https:\/\/schema.org","@graph":[{"@type":"WebPage","@id":"https:\/\/geotrans.gr\/it\/company\/","url":"https:\/\/geotrans.gr\/it\/company\/","name":"Azienda - Geo Trans","isPartOf":{"@id":"https:\/\/geotrans.gr\/#website"},"datePublished":"2017-01-29T07:00:14+00:00","dateModified":"2021-12-07T09:37:31+00:00","breadcrumb":{"@id":"https:\/\/geotrans.gr\/it\/company\/#breadcrumb"},"inLanguage":"it-IT","potentialAction":[{"@type":"ReadAction","target":["https:\/\/geotrans.gr\/it\/company\/"]}]},{"@type":"BreadcrumbList","@id":"https:\/\/geotrans.gr\/it\/company\/#breadcrumb","itemListElement":[{"@type":"ListItem","position":1,"name":"Home","item":"https:\/\/geotrans.gr\/it\/"},{"@type":"ListItem","position":2,"name":"Azienda"}]},{"@type":"WebSite","@id":"https:\/\/geotrans.gr\/#website","url":"https:\/\/geotrans.gr\/","name":"Geo Trans","description":"","publisher":{"@id":"https:\/\/geotrans.gr\/#organization"},"potentialAction":[{"@type":"SearchAction","target":{"@type":"EntryPoint","urlTemplate":"https:\/\/geotrans.gr\/?s={search_term_string}"},"query-input":{"@type":"PropertyValueSpecification","valueRequired":true,"valueName":"search_term_string"}}],"inLanguage":"it-IT"},{"@type":"Organization","@id":"https:\/\/geotrans.gr\/#organization","name":"Geo Trans","url":"https:\/\/geotrans.gr\/","logo":{"@type":"ImageObject","inLanguage":"it-IT","@id":"https:\/\/geotrans.gr\/#\/schema\/logo\/image\/","url":"https:\/\/geotrans.gr\/wp-content\/uploads\/2021\/04\/geotrans-logo.png","contentUrl":"https:\/\/geotrans.gr\/wp-content\/uploads\/2021\/04\/geotrans-logo.png","width":2087,"height":447,"caption":"Geo Trans"},"image":{"@id":"https:\/\/geotrans.gr\/#\/schema\/logo\/image\/"}}]}},"_links":{"self":[{"href":"https:\/\/geotrans.gr\/it\/wp-json\/wp\/v2\/pages\/2894","targetHints":{"allow":["GET"]}}],"collection":[{"href":"https:\/\/geotrans.gr\/it\/wp-json\/wp\/v2\/pages"}],"about":[{"href":"https:\/\/geotrans.gr\/it\/wp-json\/wp\/v2\/types\/page"}],"author":[{"embeddable":true,"href":"https:\/\/geotrans.gr\/it\/wp-json\/wp\/v2\/users\/1"}],"replies":[{"embeddable":true,"href":"https:\/\/geotrans.gr\/it\/wp-json\/wp\/v2\/comments?post=2894"}],"version-history":[{"count":6,"href":"https:\/\/geotrans.gr\/it\/wp-json\/wp\/v2\/pages\/2894\/revisions"}],"predecessor-version":[{"id":3430,"href":"https:\/\/geotrans.gr\/it\/wp-json\/wp\/v2\/pages\/2894\/revisions\/3430"}],"wp:attachment":[{"href":"https:\/\/geotrans.gr\/it\/wp-json\/wp\/v2\/media?parent=2894"}],"curies":[{"name":"wp","href":"https:\/\/api.w.org\/{rel}","templated":true}]}}