{"id":3152,"date":"2017-01-29T09:09:02","date_gmt":"2017-01-29T09:09:02","guid":{"rendered":"https:\/\/geotrans.gr\/terms-of-use\/"},"modified":"2021-11-26T16:35:55","modified_gmt":"2021-11-26T13:35:55","slug":"terms-of-use","status":"publish","type":"page","link":"https:\/\/geotrans.gr\/fr\/terms-of-use\/","title":{"rendered":"Conditions g\u00e9n\u00e9rales"},"content":{"rendered":"<p>[vc_row css=\u00a0\u00bb.vc_custom_1632923241590{border-bottom-width: 50px !important;padding-top: 50px !important;}\u00a0\u00bb][vc_column][vc_custom_heading text=\u00a0\u00bbConditions g\u00e9n\u00e9rales\u00a0\u00bb google_fonts=\u00a0\u00bbfont_family:Roboto%3A100%2C100italic%2C300%2C300italic%2Cregular%2Citalic%2C500%2C500italic%2C700%2C700italic%2C900%2C900italic|font_style:400%20regular%3A400%3Anormal\u00a0\u00bb][vc_column_text]Toutes les informations contenues dans le pr\u00e9sent site Web sont fournies \u00e0 des fins d&rsquo;information g\u00e9n\u00e9rale.<\/p>\n<p>Des modifications partielles et\/ou totales du contenu peuvent \u00eatre apport\u00e9es par Geotrans S.A. \u00e0 tout moment et sans pr\u00e9avis.<\/p>\n<p>Geotrans S.A. ne saurait \u00eatre tenu responsable des dommages, directs ou indirects, pouvant r\u00e9sulter de l&rsquo;utilisation ou de la confiance accord\u00e9e aux informations fournies dans les pr\u00e9sentes ou sur tout autre site Web pouvant y \u00eatre li\u00e9. Cela inclut, sans s&rsquo;y limiter, la perte de profit, les co\u00fbts suppl\u00e9mentaires encourus, les interruptions d&rsquo;activit\u00e9, la perte de programmes ou d&rsquo;autres donn\u00e9es sur le syst\u00e8me d&rsquo;exploitation des utilisateurs ou tout dommage caus\u00e9 sur celui-ci.<\/p>\n<p>Les liens vers d&rsquo;autres sites Web sont fournis uniquement \u00e0 des fins pratiques. La soci\u00e9t\u00e9 n&rsquo;a aucun contr\u00f4le sur ces sites, auxquels vous acc\u00e9dez uniquement \u00e0 vos propres risques.\u00a0Geotrans S.A. n&rsquo;assume et n&rsquo;accepte aucune responsabilit\u00e9 concernant le contenu ou l&rsquo;utilisation de ces sites Web.<\/p>\n<p>Geotrans S.A. ne saurait assumer une quelconque responsabilit\u00e9 suite \u00e0 l&rsquo;apparition d&rsquo;\u00e9l\u00e9ments tels que virus, ver informatique ou autres \u00e9l\u00e9ments nuisibles dans le cadre de l\u2019utilisation du site Web et des sites Web li\u00e9s.<\/p>\n<p>La fourniture de donn\u00e9es personnelles \u00e0 la soci\u00e9t\u00e9 utilisant le pr\u00e9sent site Web est automatiquement r\u00e9put\u00e9e impliquer le consentement \u00e0 leur traitement par ladite soci\u00e9t\u00e9, conform\u00e9ment au r\u00e8glement (UE) 2016\/679 (r\u00e8glement g\u00e9n\u00e9ral de l&rsquo;Union europ\u00e9enne sur la protection des donn\u00e9es ou RGPD), la directive (UE)\u00a02016\/680 relative \u00e0 l\u2019application de la loi sur la protection des donn\u00e9es et la loi grecque 4624\/2019.<\/p>\n<p>Le contenu du pr\u00e9sent site Web est soumis au droit d&rsquo;auteur d\u00e9tenu par la soci\u00e9t\u00e9, tous droits r\u00e9serv\u00e9s. Certaines parties du site Web peuvent toutefois contenir des images ou des textes soumis \u00e0 des droits d&rsquo;auteur d\u00e9tenus par leurs fournisseurs respectifs.<\/p>\n<p>Le pr\u00e9sent site utilise des cookies visant \u00e0 vous offrir la meilleure exp\u00e9rience utilisateur possible. Les informations contenues dans les cookies sont stock\u00e9es dans votre navigateur et remplissent des fonctions telles que la reconnaissance de l\u2019utilisateur lorsqu\u2019il revient sur notre site Web et l\u2019identification par notre \u00e9quipe des sections du site Web mobilisant le plus votre int\u00e9r\u00eat.[\/vc_column_text][\/vc_column][\/vc_row]<\/p>\n","protected":false},"excerpt":{"rendered":"<p>[vc_row css=\u00a0\u00bb.vc_custom_1632923241590{border-bottom-width: 50px !important;padding-top: 50px !important;}\u00a0\u00bb][vc_column][vc_custom_heading text=\u00a0\u00bbConditions g\u00e9n\u00e9rales\u00a0\u00bb google_fonts=\u00a0\u00bbfont_family:Roboto%3A100%2C100italic%2C300%2C300italic%2Cregular%2Citalic%2C500%2C500italic%2C700%2C700italic%2C900%2C900italic|font_style:400%20regular%3A400%3Anormal\u00a0\u00bb][vc_column_text]Toutes les informations contenues dans le pr\u00e9sent site Web sont fournies \u00e0 des fins d&rsquo;information g\u00e9n\u00e9rale. Des modifications partielles et\/ou totales du contenu peuvent \u00eatre apport\u00e9es par Geotrans S.A. \u00e0 tout moment et sans pr\u00e9avis. Geotrans S.A. ne saurait \u00eatre tenu responsable des dommages, directs ou indirects, [&hellip;]<\/p>\n","protected":false},"author":1,"featured_media":0,"parent":0,"menu_order":0,"comment_status":"closed","ping_status":"closed","template":"","meta":{"footnotes":""},"class_list":["post-3152","page","type-page","status-publish","hentry"],"yoast_head":"<!-- This site is optimized with the Yoast SEO plugin v27.3 - https:\/\/yoast.com\/product\/yoast-seo-wordpress\/ -->\n<title>Conditions g\u00e9n\u00e9rales - Geo Trans<\/title>\n<meta name=\"robots\" content=\"index, follow, max-snippet:-1, max-image-preview:large, max-video-preview:-1\" \/>\n<link rel=\"canonical\" href=\"https:\/\/geotrans.gr\/fr\/terms-of-use\/\" \/>\n<meta property=\"og:locale\" content=\"fr_FR\" \/>\n<meta property=\"og:type\" content=\"article\" \/>\n<meta property=\"og:title\" content=\"Conditions g\u00e9n\u00e9rales - Geo Trans\" \/>\n<meta property=\"og:description\" content=\"[vc_row css=\u00a0\u00bb.vc_custom_1632923241590{border-bottom-width: 50px !important;padding-top: 50px !important;}\u00a0\u00bb][vc_column][vc_custom_heading text=\u00a0\u00bbConditions g\u00e9n\u00e9rales\u00a0\u00bb google_fonts=\u00a0\u00bbfont_family:Roboto%3A100%2C100italic%2C300%2C300italic%2Cregular%2Citalic%2C500%2C500italic%2C700%2C700italic%2C900%2C900italic|font_style:400%20regular%3A400%3Anormal\u00a0\u00bb][vc_column_text]Toutes les informations contenues dans le pr\u00e9sent site Web sont fournies \u00e0 des fins d&rsquo;information g\u00e9n\u00e9rale. Des modifications partielles et\/ou totales du contenu peuvent \u00eatre apport\u00e9es par Geotrans S.A. \u00e0 tout moment et sans pr\u00e9avis. Geotrans S.A. ne saurait \u00eatre tenu responsable des dommages, directs ou indirects, [&hellip;]\" \/>\n<meta property=\"og:url\" content=\"https:\/\/geotrans.gr\/fr\/terms-of-use\/\" \/>\n<meta property=\"og:site_name\" content=\"Geo Trans\" \/>\n<meta property=\"article:modified_time\" content=\"2021-11-26T13:35:55+00:00\" \/>\n<meta name=\"twitter:card\" content=\"summary_large_image\" \/>\n<meta name=\"twitter:label1\" content=\"Dur\u00e9e de lecture estim\u00e9e\" \/>\n\t<meta name=\"twitter:data1\" content=\"2 minutes\" \/>\n<script type=\"application\/ld+json\" class=\"yoast-schema-graph\">{\"@context\":\"https:\\\/\\\/schema.org\",\"@graph\":[{\"@type\":\"WebPage\",\"@id\":\"https:\\\/\\\/geotrans.gr\\\/fr\\\/terms-of-use\\\/\",\"url\":\"https:\\\/\\\/geotrans.gr\\\/fr\\\/terms-of-use\\\/\",\"name\":\"Conditions g\u00e9n\u00e9rales - Geo Trans\",\"isPartOf\":{\"@id\":\"https:\\\/\\\/geotrans.gr\\\/#website\"},\"datePublished\":\"2017-01-29T09:09:02+00:00\",\"dateModified\":\"2021-11-26T13:35:55+00:00\",\"breadcrumb\":{\"@id\":\"https:\\\/\\\/geotrans.gr\\\/fr\\\/terms-of-use\\\/#breadcrumb\"},\"inLanguage\":\"fr-FR\",\"potentialAction\":[{\"@type\":\"ReadAction\",\"target\":[\"https:\\\/\\\/geotrans.gr\\\/fr\\\/terms-of-use\\\/\"]}]},{\"@type\":\"BreadcrumbList\",\"@id\":\"https:\\\/\\\/geotrans.gr\\\/fr\\\/terms-of-use\\\/#breadcrumb\",\"itemListElement\":[{\"@type\":\"ListItem\",\"position\":1,\"name\":\"Home\",\"item\":\"https:\\\/\\\/geotrans.gr\\\/fr\\\/\"},{\"@type\":\"ListItem\",\"position\":2,\"name\":\"Conditions g\u00e9n\u00e9rales\"}]},{\"@type\":\"WebSite\",\"@id\":\"https:\\\/\\\/geotrans.gr\\\/#website\",\"url\":\"https:\\\/\\\/geotrans.gr\\\/\",\"name\":\"Geo Trans\",\"description\":\"\",\"publisher\":{\"@id\":\"https:\\\/\\\/geotrans.gr\\\/#organization\"},\"potentialAction\":[{\"@type\":\"SearchAction\",\"target\":{\"@type\":\"EntryPoint\",\"urlTemplate\":\"https:\\\/\\\/geotrans.gr\\\/?s={search_term_string}\"},\"query-input\":{\"@type\":\"PropertyValueSpecification\",\"valueRequired\":true,\"valueName\":\"search_term_string\"}}],\"inLanguage\":\"fr-FR\"},{\"@type\":\"Organization\",\"@id\":\"https:\\\/\\\/geotrans.gr\\\/#organization\",\"name\":\"Geo Trans\",\"url\":\"https:\\\/\\\/geotrans.gr\\\/\",\"logo\":{\"@type\":\"ImageObject\",\"inLanguage\":\"fr-FR\",\"@id\":\"https:\\\/\\\/geotrans.gr\\\/#\\\/schema\\\/logo\\\/image\\\/\",\"url\":\"https:\\\/\\\/geotrans.gr\\\/wp-content\\\/uploads\\\/2021\\\/04\\\/geotrans-logo.png\",\"contentUrl\":\"https:\\\/\\\/geotrans.gr\\\/wp-content\\\/uploads\\\/2021\\\/04\\\/geotrans-logo.png\",\"width\":2087,\"height\":447,\"caption\":\"Geo Trans\"},\"image\":{\"@id\":\"https:\\\/\\\/geotrans.gr\\\/#\\\/schema\\\/logo\\\/image\\\/\"}}]}<\/script>\n<!-- \/ Yoast SEO plugin. -->","yoast_head_json":{"title":"Conditions g\u00e9n\u00e9rales - Geo Trans","robots":{"index":"index","follow":"follow","max-snippet":"max-snippet:-1","max-image-preview":"max-image-preview:large","max-video-preview":"max-video-preview:-1"},"canonical":"https:\/\/geotrans.gr\/fr\/terms-of-use\/","og_locale":"fr_FR","og_type":"article","og_title":"Conditions g\u00e9n\u00e9rales - Geo Trans","og_description":"[vc_row css=\u00a0\u00bb.vc_custom_1632923241590{border-bottom-width: 50px !important;padding-top: 50px !important;}\u00a0\u00bb][vc_column][vc_custom_heading text=\u00a0\u00bbConditions g\u00e9n\u00e9rales\u00a0\u00bb google_fonts=\u00a0\u00bbfont_family:Roboto%3A100%2C100italic%2C300%2C300italic%2Cregular%2Citalic%2C500%2C500italic%2C700%2C700italic%2C900%2C900italic|font_style:400%20regular%3A400%3Anormal\u00a0\u00bb][vc_column_text]Toutes les informations contenues dans le pr\u00e9sent site Web sont fournies \u00e0 des fins d&rsquo;information g\u00e9n\u00e9rale. Des modifications partielles et\/ou totales du contenu peuvent \u00eatre apport\u00e9es par Geotrans S.A. \u00e0 tout moment et sans pr\u00e9avis. Geotrans S.A. ne saurait \u00eatre tenu responsable des dommages, directs ou indirects, [&hellip;]","og_url":"https:\/\/geotrans.gr\/fr\/terms-of-use\/","og_site_name":"Geo Trans","article_modified_time":"2021-11-26T13:35:55+00:00","twitter_card":"summary_large_image","twitter_misc":{"Dur\u00e9e de lecture estim\u00e9e":"2 minutes"},"schema":{"@context":"https:\/\/schema.org","@graph":[{"@type":"WebPage","@id":"https:\/\/geotrans.gr\/fr\/terms-of-use\/","url":"https:\/\/geotrans.gr\/fr\/terms-of-use\/","name":"Conditions g\u00e9n\u00e9rales - Geo Trans","isPartOf":{"@id":"https:\/\/geotrans.gr\/#website"},"datePublished":"2017-01-29T09:09:02+00:00","dateModified":"2021-11-26T13:35:55+00:00","breadcrumb":{"@id":"https:\/\/geotrans.gr\/fr\/terms-of-use\/#breadcrumb"},"inLanguage":"fr-FR","potentialAction":[{"@type":"ReadAction","target":["https:\/\/geotrans.gr\/fr\/terms-of-use\/"]}]},{"@type":"BreadcrumbList","@id":"https:\/\/geotrans.gr\/fr\/terms-of-use\/#breadcrumb","itemListElement":[{"@type":"ListItem","position":1,"name":"Home","item":"https:\/\/geotrans.gr\/fr\/"},{"@type":"ListItem","position":2,"name":"Conditions g\u00e9n\u00e9rales"}]},{"@type":"WebSite","@id":"https:\/\/geotrans.gr\/#website","url":"https:\/\/geotrans.gr\/","name":"Geo Trans","description":"","publisher":{"@id":"https:\/\/geotrans.gr\/#organization"},"potentialAction":[{"@type":"SearchAction","target":{"@type":"EntryPoint","urlTemplate":"https:\/\/geotrans.gr\/?s={search_term_string}"},"query-input":{"@type":"PropertyValueSpecification","valueRequired":true,"valueName":"search_term_string"}}],"inLanguage":"fr-FR"},{"@type":"Organization","@id":"https:\/\/geotrans.gr\/#organization","name":"Geo Trans","url":"https:\/\/geotrans.gr\/","logo":{"@type":"ImageObject","inLanguage":"fr-FR","@id":"https:\/\/geotrans.gr\/#\/schema\/logo\/image\/","url":"https:\/\/geotrans.gr\/wp-content\/uploads\/2021\/04\/geotrans-logo.png","contentUrl":"https:\/\/geotrans.gr\/wp-content\/uploads\/2021\/04\/geotrans-logo.png","width":2087,"height":447,"caption":"Geo Trans"},"image":{"@id":"https:\/\/geotrans.gr\/#\/schema\/logo\/image\/"}}]}},"_links":{"self":[{"href":"https:\/\/geotrans.gr\/fr\/wp-json\/wp\/v2\/pages\/3152","targetHints":{"allow":["GET"]}}],"collection":[{"href":"https:\/\/geotrans.gr\/fr\/wp-json\/wp\/v2\/pages"}],"about":[{"href":"https:\/\/geotrans.gr\/fr\/wp-json\/wp\/v2\/types\/page"}],"author":[{"embeddable":true,"href":"https:\/\/geotrans.gr\/fr\/wp-json\/wp\/v2\/users\/1"}],"replies":[{"embeddable":true,"href":"https:\/\/geotrans.gr\/fr\/wp-json\/wp\/v2\/comments?post=3152"}],"version-history":[{"count":2,"href":"https:\/\/geotrans.gr\/fr\/wp-json\/wp\/v2\/pages\/3152\/revisions"}],"predecessor-version":[{"id":3154,"href":"https:\/\/geotrans.gr\/fr\/wp-json\/wp\/v2\/pages\/3152\/revisions\/3154"}],"wp:attachment":[{"href":"https:\/\/geotrans.gr\/fr\/wp-json\/wp\/v2\/media?parent=3152"}],"curies":[{"name":"wp","href":"https:\/\/api.w.org\/{rel}","templated":true}]}}