{"id":3141,"date":"2021-06-22T12:11:07","date_gmt":"2021-06-22T09:11:07","guid":{"rendered":"https:\/\/geotrans.gr\/industries\/"},"modified":"2021-11-26T16:14:14","modified_gmt":"2021-11-26T13:14:14","slug":"industries","status":"publish","type":"page","link":"https:\/\/geotrans.gr\/fr\/industries\/","title":{"rendered":"Industries"},"content":{"rendered":"<p>[vc_row css=\u00a0\u00bb.vc_custom_1635255636709{margin-top: 50px !important;}\u00a0\u00bb][vc_column][vc_custom_heading text=\u00a0\u00bbDes solutions de fret r\u00e9pondant aux exigences des secteurs d&rsquo;activit\u00e9 sp\u00e9cifiques.\u00a0\u00bb font_container=\u00a0\u00bbtag:h2|font_size:33|text_align:center|color:%23333333&Prime; google_fonts=\u00a0\u00bbfont_family:Roboto%3A100%2C100italic%2C300%2C300italic%2Cregular%2Citalic%2C500%2C500italic%2C700%2C700italic%2C900%2C900italic|font_style:400%20regular%3A400%3Anormal\u00a0\u00bb css=\u00a0\u00bb.vc_custom_1637932381902{margin-bottom: 50px !important;}\u00a0\u00bb el_class=\u00a0\u00bbindustries-main-text\u00a0\u00bb][\/vc_column][\/vc_row][vc_row css=\u00a0\u00bb.vc_custom_1635255686890{margin-top: 50px !important;}\u00a0\u00bb el_class=\u00a0\u00bbindustry-row\u00a0\u00bb][vc_column width=\u00a0\u00bb1\/2&Prime;][vc_custom_heading text=\u00a0\u00bbPGC\u00a0\u00bb font_container=\u00a0\u00bbtag:h3|text_align:left\u00a0\u00bb google_fonts=\u00a0\u00bbfont_family:Roboto%3A100%2C100italic%2C300%2C300italic%2Cregular%2Citalic%2C500%2C500italic%2C700%2C700italic%2C900%2C900italic|font_style:400%20regular%3A400%3Anormal\u00a0\u00bb][vc_column_text]Des co\u00fbts r\u00e9duits, des d\u00e9lais de livraison courts, une visibilit\u00e9 de bout en bout et des temps de r\u00e9ponse am\u00e9lior\u00e9s sont quelques-uns des principaux d\u00e9fis de l&rsquo;industrie. Geotrans propose des solutions intelligentes pour atteindre l&rsquo;excellence op\u00e9rationnelle.[\/vc_column_text][\/vc_column][vc_column width=\u00a0\u00bb1\/2&Prime;][vc_single_image image=\u00a0\u00bb3072&Prime; img_size=\u00a0\u00bbfull\u00a0\u00bb][\/vc_column][\/vc_row][vc_row el_class=\u00a0\u00bbindustry-row\u00a0\u00bb][vc_column width=\u00a0\u00bb1\/2&Prime;][vc_single_image image=\u00a0\u00bb3073&Prime; img_size=\u00a0\u00bbfull\u00a0\u00bb][\/vc_column][vc_column width=\u00a0\u00bb1\/2&Prime;][vc_custom_heading text=\u00a0\u00bbAliments et boissons\u00a0\u00bb font_container=\u00a0\u00bbtag:h3|text_align:left\u00a0\u00bb google_fonts=\u00a0\u00bbfont_family:Roboto%3A100%2C100italic%2C300%2C300italic%2Cregular%2Citalic%2C500%2C500italic%2C700%2C700italic%2C900%2C900italic|font_style:400%20regular%3A400%3Anormal\u00a0\u00bb][vc_column_text]La logistique du \u00abdernier kilom\u00e8tre\u00bb dans le secteur des aliments et boissons est plus mature que celle des autres secteurs. Dans un monde post-pand\u00e9mie, le r\u00e9approvisionnement lui-m\u00eame est une \u00e9tape cruciale pour renforcer la confiance des clients et acqu\u00e9rir un avantage concurrentiel. Geotrans est un partenaire de choix pour le secteur des aliment et boissons.[\/vc_column_text][\/vc_column][\/vc_row][vc_row el_class=\u00a0\u00bbindustry-row\u00a0\u00bb][vc_column width=\u00a0\u00bb1\/2&Prime;][vc_custom_heading text=\u00a0\u00bbMachines et \u00e9quipements industriels\u00a0\u00bb font_container=\u00a0\u00bbtag:h3|text_align:left\u00a0\u00bb google_fonts=\u00a0\u00bbfont_family:Roboto%3A100%2C100italic%2C300%2C300italic%2Cregular%2Citalic%2C500%2C500italic%2C700%2C700italic%2C900%2C900italic|font_style:400%20regular%3A400%3Anormal\u00a0\u00bb][vc_column_text]Les fabricants d&rsquo;\u00e9quipements industriels sont de plus en plus pouss\u00e9s par leurs clients \u00e0 proposer des solutions plus flexibles. L&rsquo;agilit\u00e9 op\u00e9rationnelle est un must dans un secteur o\u00f9 les achats se font \u00e0 la demande. Notre syst\u00e8me de livraison au jour dit et nos solutions \u00e9conomiques offrent un avantage concurrentiel. [\/vc_column_text][\/vc_column][vc_column width=\u00a0\u00bb1\/2&Prime;][vc_single_image image=\u00a0\u00bb3074&Prime; img_size=\u00a0\u00bbfull\u00a0\u00bb][\/vc_column][\/vc_row][vc_row el_class=\u00a0\u00bbindustry-row\u00a0\u00bb][vc_column width=\u00a0\u00bb1\/2&Prime;][vc_single_image image=\u00a0\u00bb3075&Prime; img_size=\u00a0\u00bbfull\u00a0\u00bb][\/vc_column][vc_column width=\u00a0\u00bb1\/2&Prime;][vc_custom_heading text=\u00a0\u00bbPi\u00e8ces d\u00e9tach\u00e9es automobile\u00a0\u00bb font_container=\u00a0\u00bbtag:h3|text_align:left\u00a0\u00bb google_fonts=\u00a0\u00bbfont_family:Roboto%3A100%2C100italic%2C300%2C300italic%2Cregular%2Citalic%2C500%2C500italic%2C700%2C700italic%2C900%2C900italic|font_style:400%20regular%3A400%3Anormal\u00a0\u00bb][vc_column_text]Pour les fabricants de pi\u00e8ces d\u00e9tach\u00e9es automobile, le march\u00e9 de l&rsquo;apr\u00e8s-vente fait face \u00e0 un nouvel environnement de mobilit\u00e9, aux besoins en mati\u00e8re d&rsquo;offres multimarques, \u00e0 la rapidit\u00e9 de la mise sur le march\u00e9 et \u00e0 la diminution des marges b\u00e9n\u00e9ficiaires. Notre offre de services garantit un flux continu de marchandises et une comp\u00e9titivit\u00e9 sur le march\u00e9.[\/vc_column_text][\/vc_column][\/vc_row][vc_row el_class=\u00a0\u00bbindustry-row\u00a0\u00bb][vc_column width=\u00a0\u00bb1\/2&Prime;][vc_custom_heading text=\u00a0\u00bbConsommateurs et commerce de d\u00e9tail\u00a0\u00bb font_container=\u00a0\u00bbtag:h3|text_align:left\u00a0\u00bb google_fonts=\u00a0\u00bbfont_family:Roboto%3A100%2C100italic%2C300%2C300italic%2Cregular%2Citalic%2C500%2C500italic%2C700%2C700italic%2C900%2C900italic|font_style:400%20regular%3A400%3Anormal\u00a0\u00bb][vc_column_text]La forte croissance des ventes en ligne est un puissant moteur dans l&rsquo;industrie de la consommation et de la vente au d\u00e9tail. Des capacit\u00e9s garanties \u00e0 un co\u00fbt de transport annuel pr\u00e9d\u00e9termin\u00e9 sont des param\u00e8tres essentiels pour les entreprises qui poursuivent une strat\u00e9gie de croissance durable. Geotrans comprend et soutient cette d\u00e9marche.[\/vc_column_text][\/vc_column][vc_column width=\u00a0\u00bb1\/2&Prime;][vc_single_image image=\u00a0\u00bb3076&Prime; img_size=\u00a0\u00bbfull\u00a0\u00bb][\/vc_column][\/vc_row]<\/p>\n","protected":false},"excerpt":{"rendered":"<p>[vc_row css=\u00a0\u00bb.vc_custom_1635255636709{margin-top: 50px !important;}\u00a0\u00bb][vc_column][vc_custom_heading text=\u00a0\u00bbDes solutions de fret r\u00e9pondant aux exigences des secteurs d&rsquo;activit\u00e9 sp\u00e9cifiques.\u00a0\u00bb font_container=\u00a0\u00bbtag:h2|font_size:33|text_align:center|color:%23333333&Prime; google_fonts=\u00a0\u00bbfont_family:Roboto%3A100%2C100italic%2C300%2C300italic%2Cregular%2Citalic%2C500%2C500italic%2C700%2C700italic%2C900%2C900italic|font_style:400%20regular%3A400%3Anormal\u00a0\u00bb css=\u00a0\u00bb.vc_custom_1637932381902{margin-bottom: 50px !important;}\u00a0\u00bb el_class=\u00a0\u00bbindustries-main-text\u00a0\u00bb][\/vc_column][\/vc_row][vc_row css=\u00a0\u00bb.vc_custom_1635255686890{margin-top: 50px !important;}\u00a0\u00bb el_class=\u00a0\u00bbindustry-row\u00a0\u00bb][vc_column width=\u00a0\u00bb1\/2&Prime;][vc_custom_heading text=\u00a0\u00bbPGC\u00a0\u00bb font_container=\u00a0\u00bbtag:h3|text_align:left\u00a0\u00bb google_fonts=\u00a0\u00bbfont_family:Roboto%3A100%2C100italic%2C300%2C300italic%2Cregular%2Citalic%2C500%2C500italic%2C700%2C700italic%2C900%2C900italic|font_style:400%20regular%3A400%3Anormal\u00a0\u00bb][vc_column_text]Des co\u00fbts r\u00e9duits, des d\u00e9lais de livraison courts, une visibilit\u00e9 de bout en bout et des temps de r\u00e9ponse am\u00e9lior\u00e9s sont quelques-uns des principaux d\u00e9fis de l&rsquo;industrie. [&hellip;]<\/p>\n","protected":false},"author":1,"featured_media":0,"parent":0,"menu_order":0,"comment_status":"closed","ping_status":"closed","template":"","meta":{"footnotes":""},"class_list":["post-3141","page","type-page","status-publish","hentry"],"yoast_head":"<!-- This site is optimized with the Yoast SEO plugin v27.3 - https:\/\/yoast.com\/product\/yoast-seo-wordpress\/ -->\n<title>Industries - Geo Trans<\/title>\n<meta name=\"robots\" content=\"index, follow, max-snippet:-1, max-image-preview:large, max-video-preview:-1\" \/>\n<link rel=\"canonical\" href=\"https:\/\/geotrans.gr\/fr\/industries\/\" \/>\n<meta property=\"og:locale\" content=\"fr_FR\" \/>\n<meta property=\"og:type\" content=\"article\" \/>\n<meta property=\"og:title\" content=\"Industries - Geo Trans\" \/>\n<meta property=\"og:description\" content=\"[vc_row css=\u00a0\u00bb.vc_custom_1635255636709{margin-top: 50px !important;}\u00a0\u00bb][vc_column][vc_custom_heading text=\u00a0\u00bbDes solutions de fret r\u00e9pondant aux exigences des secteurs d&rsquo;activit\u00e9 sp\u00e9cifiques.\u00a0\u00bb font_container=\u00a0\u00bbtag:h2|font_size:33|text_align:center|color:%23333333&Prime; google_fonts=\u00a0\u00bbfont_family:Roboto%3A100%2C100italic%2C300%2C300italic%2Cregular%2Citalic%2C500%2C500italic%2C700%2C700italic%2C900%2C900italic|font_style:400%20regular%3A400%3Anormal\u00a0\u00bb css=\u00a0\u00bb.vc_custom_1637932381902{margin-bottom: 50px !important;}\u00a0\u00bb el_class=\u00a0\u00bbindustries-main-text\u00a0\u00bb][\/vc_column][\/vc_row][vc_row css=\u00a0\u00bb.vc_custom_1635255686890{margin-top: 50px !important;}\u00a0\u00bb el_class=\u00a0\u00bbindustry-row\u00a0\u00bb][vc_column width=\u00a0\u00bb1\/2&Prime;][vc_custom_heading text=\u00a0\u00bbPGC\u00a0\u00bb font_container=\u00a0\u00bbtag:h3|text_align:left\u00a0\u00bb google_fonts=\u00a0\u00bbfont_family:Roboto%3A100%2C100italic%2C300%2C300italic%2Cregular%2Citalic%2C500%2C500italic%2C700%2C700italic%2C900%2C900italic|font_style:400%20regular%3A400%3Anormal\u00a0\u00bb][vc_column_text]Des co\u00fbts r\u00e9duits, des d\u00e9lais de livraison courts, une visibilit\u00e9 de bout en bout et des temps de r\u00e9ponse am\u00e9lior\u00e9s sont quelques-uns des principaux d\u00e9fis de l&rsquo;industrie. [&hellip;]\" \/>\n<meta property=\"og:url\" content=\"https:\/\/geotrans.gr\/fr\/industries\/\" \/>\n<meta property=\"og:site_name\" content=\"Geo Trans\" \/>\n<meta property=\"article:modified_time\" content=\"2021-11-26T13:14:14+00:00\" \/>\n<meta name=\"twitter:card\" content=\"summary_large_image\" \/>\n<meta name=\"twitter:label1\" content=\"Dur\u00e9e de lecture estim\u00e9e\" \/>\n\t<meta name=\"twitter:data1\" content=\"4 minutes\" \/>\n<script type=\"application\/ld+json\" class=\"yoast-schema-graph\">{\"@context\":\"https:\\\/\\\/schema.org\",\"@graph\":[{\"@type\":\"WebPage\",\"@id\":\"https:\\\/\\\/geotrans.gr\\\/fr\\\/industries\\\/\",\"url\":\"https:\\\/\\\/geotrans.gr\\\/fr\\\/industries\\\/\",\"name\":\"Industries - Geo Trans\",\"isPartOf\":{\"@id\":\"https:\\\/\\\/geotrans.gr\\\/#website\"},\"datePublished\":\"2021-06-22T09:11:07+00:00\",\"dateModified\":\"2021-11-26T13:14:14+00:00\",\"breadcrumb\":{\"@id\":\"https:\\\/\\\/geotrans.gr\\\/fr\\\/industries\\\/#breadcrumb\"},\"inLanguage\":\"fr-FR\",\"potentialAction\":[{\"@type\":\"ReadAction\",\"target\":[\"https:\\\/\\\/geotrans.gr\\\/fr\\\/industries\\\/\"]}]},{\"@type\":\"BreadcrumbList\",\"@id\":\"https:\\\/\\\/geotrans.gr\\\/fr\\\/industries\\\/#breadcrumb\",\"itemListElement\":[{\"@type\":\"ListItem\",\"position\":1,\"name\":\"Home\",\"item\":\"https:\\\/\\\/geotrans.gr\\\/fr\\\/\"},{\"@type\":\"ListItem\",\"position\":2,\"name\":\"Industries\"}]},{\"@type\":\"WebSite\",\"@id\":\"https:\\\/\\\/geotrans.gr\\\/#website\",\"url\":\"https:\\\/\\\/geotrans.gr\\\/\",\"name\":\"Geo Trans\",\"description\":\"\",\"publisher\":{\"@id\":\"https:\\\/\\\/geotrans.gr\\\/#organization\"},\"potentialAction\":[{\"@type\":\"SearchAction\",\"target\":{\"@type\":\"EntryPoint\",\"urlTemplate\":\"https:\\\/\\\/geotrans.gr\\\/?s={search_term_string}\"},\"query-input\":{\"@type\":\"PropertyValueSpecification\",\"valueRequired\":true,\"valueName\":\"search_term_string\"}}],\"inLanguage\":\"fr-FR\"},{\"@type\":\"Organization\",\"@id\":\"https:\\\/\\\/geotrans.gr\\\/#organization\",\"name\":\"Geo Trans\",\"url\":\"https:\\\/\\\/geotrans.gr\\\/\",\"logo\":{\"@type\":\"ImageObject\",\"inLanguage\":\"fr-FR\",\"@id\":\"https:\\\/\\\/geotrans.gr\\\/#\\\/schema\\\/logo\\\/image\\\/\",\"url\":\"https:\\\/\\\/geotrans.gr\\\/wp-content\\\/uploads\\\/2021\\\/04\\\/geotrans-logo.png\",\"contentUrl\":\"https:\\\/\\\/geotrans.gr\\\/wp-content\\\/uploads\\\/2021\\\/04\\\/geotrans-logo.png\",\"width\":2087,\"height\":447,\"caption\":\"Geo Trans\"},\"image\":{\"@id\":\"https:\\\/\\\/geotrans.gr\\\/#\\\/schema\\\/logo\\\/image\\\/\"}}]}<\/script>\n<!-- \/ Yoast SEO plugin. -->","yoast_head_json":{"title":"Industries - Geo Trans","robots":{"index":"index","follow":"follow","max-snippet":"max-snippet:-1","max-image-preview":"max-image-preview:large","max-video-preview":"max-video-preview:-1"},"canonical":"https:\/\/geotrans.gr\/fr\/industries\/","og_locale":"fr_FR","og_type":"article","og_title":"Industries - Geo Trans","og_description":"[vc_row css=\u00a0\u00bb.vc_custom_1635255636709{margin-top: 50px !important;}\u00a0\u00bb][vc_column][vc_custom_heading text=\u00a0\u00bbDes solutions de fret r\u00e9pondant aux exigences des secteurs d&rsquo;activit\u00e9 sp\u00e9cifiques.\u00a0\u00bb font_container=\u00a0\u00bbtag:h2|font_size:33|text_align:center|color:%23333333&Prime; google_fonts=\u00a0\u00bbfont_family:Roboto%3A100%2C100italic%2C300%2C300italic%2Cregular%2Citalic%2C500%2C500italic%2C700%2C700italic%2C900%2C900italic|font_style:400%20regular%3A400%3Anormal\u00a0\u00bb css=\u00a0\u00bb.vc_custom_1637932381902{margin-bottom: 50px !important;}\u00a0\u00bb el_class=\u00a0\u00bbindustries-main-text\u00a0\u00bb][\/vc_column][\/vc_row][vc_row css=\u00a0\u00bb.vc_custom_1635255686890{margin-top: 50px !important;}\u00a0\u00bb el_class=\u00a0\u00bbindustry-row\u00a0\u00bb][vc_column width=\u00a0\u00bb1\/2&Prime;][vc_custom_heading text=\u00a0\u00bbPGC\u00a0\u00bb font_container=\u00a0\u00bbtag:h3|text_align:left\u00a0\u00bb google_fonts=\u00a0\u00bbfont_family:Roboto%3A100%2C100italic%2C300%2C300italic%2Cregular%2Citalic%2C500%2C500italic%2C700%2C700italic%2C900%2C900italic|font_style:400%20regular%3A400%3Anormal\u00a0\u00bb][vc_column_text]Des co\u00fbts r\u00e9duits, des d\u00e9lais de livraison courts, une visibilit\u00e9 de bout en bout et des temps de r\u00e9ponse am\u00e9lior\u00e9s sont quelques-uns des principaux d\u00e9fis de l&rsquo;industrie. [&hellip;]","og_url":"https:\/\/geotrans.gr\/fr\/industries\/","og_site_name":"Geo Trans","article_modified_time":"2021-11-26T13:14:14+00:00","twitter_card":"summary_large_image","twitter_misc":{"Dur\u00e9e de lecture estim\u00e9e":"4 minutes"},"schema":{"@context":"https:\/\/schema.org","@graph":[{"@type":"WebPage","@id":"https:\/\/geotrans.gr\/fr\/industries\/","url":"https:\/\/geotrans.gr\/fr\/industries\/","name":"Industries - Geo Trans","isPartOf":{"@id":"https:\/\/geotrans.gr\/#website"},"datePublished":"2021-06-22T09:11:07+00:00","dateModified":"2021-11-26T13:14:14+00:00","breadcrumb":{"@id":"https:\/\/geotrans.gr\/fr\/industries\/#breadcrumb"},"inLanguage":"fr-FR","potentialAction":[{"@type":"ReadAction","target":["https:\/\/geotrans.gr\/fr\/industries\/"]}]},{"@type":"BreadcrumbList","@id":"https:\/\/geotrans.gr\/fr\/industries\/#breadcrumb","itemListElement":[{"@type":"ListItem","position":1,"name":"Home","item":"https:\/\/geotrans.gr\/fr\/"},{"@type":"ListItem","position":2,"name":"Industries"}]},{"@type":"WebSite","@id":"https:\/\/geotrans.gr\/#website","url":"https:\/\/geotrans.gr\/","name":"Geo Trans","description":"","publisher":{"@id":"https:\/\/geotrans.gr\/#organization"},"potentialAction":[{"@type":"SearchAction","target":{"@type":"EntryPoint","urlTemplate":"https:\/\/geotrans.gr\/?s={search_term_string}"},"query-input":{"@type":"PropertyValueSpecification","valueRequired":true,"valueName":"search_term_string"}}],"inLanguage":"fr-FR"},{"@type":"Organization","@id":"https:\/\/geotrans.gr\/#organization","name":"Geo Trans","url":"https:\/\/geotrans.gr\/","logo":{"@type":"ImageObject","inLanguage":"fr-FR","@id":"https:\/\/geotrans.gr\/#\/schema\/logo\/image\/","url":"https:\/\/geotrans.gr\/wp-content\/uploads\/2021\/04\/geotrans-logo.png","contentUrl":"https:\/\/geotrans.gr\/wp-content\/uploads\/2021\/04\/geotrans-logo.png","width":2087,"height":447,"caption":"Geo Trans"},"image":{"@id":"https:\/\/geotrans.gr\/#\/schema\/logo\/image\/"}}]}},"_links":{"self":[{"href":"https:\/\/geotrans.gr\/fr\/wp-json\/wp\/v2\/pages\/3141","targetHints":{"allow":["GET"]}}],"collection":[{"href":"https:\/\/geotrans.gr\/fr\/wp-json\/wp\/v2\/pages"}],"about":[{"href":"https:\/\/geotrans.gr\/fr\/wp-json\/wp\/v2\/types\/page"}],"author":[{"embeddable":true,"href":"https:\/\/geotrans.gr\/fr\/wp-json\/wp\/v2\/users\/1"}],"replies":[{"embeddable":true,"href":"https:\/\/geotrans.gr\/fr\/wp-json\/wp\/v2\/comments?post=3141"}],"version-history":[{"count":3,"href":"https:\/\/geotrans.gr\/fr\/wp-json\/wp\/v2\/pages\/3141\/revisions"}],"predecessor-version":[{"id":3144,"href":"https:\/\/geotrans.gr\/fr\/wp-json\/wp\/v2\/pages\/3141\/revisions\/3144"}],"wp:attachment":[{"href":"https:\/\/geotrans.gr\/fr\/wp-json\/wp\/v2\/media?parent=3141"}],"curies":[{"name":"wp","href":"https:\/\/api.w.org\/{rel}","templated":true}]}}