{"id":3136,"date":"2017-01-29T07:00:14","date_gmt":"2017-01-29T07:00:14","guid":{"rendered":"https:\/\/geotrans.gr\/company\/"},"modified":"2021-12-07T12:36:50","modified_gmt":"2021-12-07T09:36:50","slug":"company","status":"publish","type":"page","link":"https:\/\/geotrans.gr\/fr\/company\/","title":{"rendered":"L\u2019entreprise"},"content":{"rendered":"<p>[vc_row full_width=\u00a0\u00bbstretch_row_content_no_spaces\u00a0\u00bb css=\u00a0\u00bb.vc_custom_1486122137217{margin-top: 0px !important;margin-bottom: 0px !important;padding-top: 0px !important;padding-bottom: 0px !important;background-color: #f8f9fa !important;}\u00a0\u00bb][vc_column css=\u00a0\u00bb.vc_custom_1486122106392{margin-top: 0px !important;margin-bottom: 0px !important;padding-top: 0px !important;padding-bottom: 0px !important;}\u00a0\u00bb][vc_mad_section_with_media type=\u00a0\u00bbtype_2&Prime; title_font_size=\u00a0\u00bb42&Prime; title=\u00a0\u00bbPourquoi Geotrans?\u00a0\u00bb link=\u00a0\u00bbtarget:_blank\u00a0\u00bb video=\u00a0\u00bbhttps:\/\/www.youtube.com\/watch?v=LSO_WBkQzNo\u00a0\u00bb]<\/p>\n<div class=\"text-size-small\">\n<p>Visibilit\u00e9 et flexibilit\u00e9, d\u00e9lais courts, att\u00e9nuation des risques, rentabilit\u00e9, capacit\u00e9s garanties en p\u00e9riodes de pointe.<\/p>\n<\/div>\n<p>&nbsp;<\/p>\n<p class=\"pillars-text\">Nos trois piliers:<\/p>\n<ul>\n<li><strong>NOTRE PERSONNEL<br \/>\n<\/strong>Nous appr\u00e9cions et r\u00e9compensons les talents et le sens des affaires. Nous encourageons une culture de confiance et donnons \u00e0 nos employ\u00e9s les moyens de faire avancer l&rsquo;entreprise.<strong><br \/>\n<\/strong><\/li>\n<li><strong>L&rsquo;EXCELLENCE OP\u00c9RATIONNELLE<br \/>\n<\/strong>Une am\u00e9lioration continue est primordiale pour atteindre une productivit\u00e9 optimale dans le cadre de nos op\u00e9rations. Nous combinons ressources, technologie et infrastructure afin de fournir des services rapides, fiables et de haute qualit\u00e9.<\/li>\n<li><strong>LA VALEUR PARTENARIALE<br \/>\n<\/strong>Notre objectif strat\u00e9gique est de cr\u00e9er une valeur durable pour les parties prenantes. Nous souhaitons parvenir \u00e0 une croissance rentable sup\u00e9rieure \u00e0 celle du march\u00e9 pour nos actionnaires et permettre \u00e0 nos employ\u00e9s, fournisseurs et partenaires de b\u00e9n\u00e9ficier de r\u00e9compenses justifi\u00e9es.<strong><br \/>\n<\/strong><\/li>\n<\/ul>\n<p>[\/vc_mad_section_with_media][\/vc_column][\/vc_row][vc_row css=\u00a0\u00bb.vc_custom_1635867853888{padding-top: 70px !important;padding-bottom: 0px !important;}\u00a0\u00bb el_class=\u00a0\u00bbfix-mobile-spaces\u00a0\u00bb][vc_column width=\u00a0\u00bb1\/2&Prime; el_class=\u00a0\u00bbabout-col-banner\u00a0\u00bb][vc_mad_banners title_font_size=\u00a0\u00bb32&Prime; image=\u00a0\u00bb2114&Prime; title=\u00a0\u00bbNotre mission\u00a0\u00bb link=\u00a0\u00bbtarget:_blank\u00a0\u00bb]Nous visons \u00e0 cr\u00e9er de la valeur pour nos clients en leur proposant des solutions adapt\u00e9es \u00e0 leurs besoins de transport et de logistique. Notre mission commune est de les accompagner dans leur cheminement vers l&rsquo;excellence op\u00e9rationnelle et l&rsquo;optimisation de leur cha\u00eene d&rsquo;approvisionnement.[\/vc_mad_banners][\/vc_column][vc_column width=\u00a0\u00bb1\/2&Prime; el_class=\u00a0\u00bbabout-col-banner\u00a0\u00bb][vc_mad_banners title_font_size=\u00a0\u00bb32&Prime; image=\u00a0\u00bb2348&Prime; title=\u00a0\u00bbNotre personnalit\u00e9\u00a0\u00bb link=\u00a0\u00bbtarget:_blank\u00a0\u00bb]Nous sommes francs. Nous croyons aux relations, pas aux transactions. Nous sommes agiles et d\u00e9termin\u00e9s \u00e0 exceller. Nous valorisons le travail d&rsquo;\u00e9quipe et l&rsquo;int\u00e9grit\u00e9. Nous promouvons l\u2019esprit de famille et aimons que les choses soient faites comme il se doit. Pour nous, il n&rsquo;a jamais \u00e9t\u00e9 question d&rsquo;\u00eatre les plus grands. Nous avons toujours souhait\u00e9 faire une diff\u00e9rence dans les communaut\u00e9s dans lesquelles nous vivons et op\u00e9rons.[\/vc_mad_banners][\/vc_column][\/vc_row][vc_row css=\u00a0\u00bb.vc_custom_1635867845741{padding-top: 40px !important;padding-bottom: 0px !important;}\u00a0\u00bb el_class=\u00a0\u00bbfix-mobile-spaces\u00a0\u00bb][vc_column width=\u00a0\u00bb1\/2&Prime;][vc_mad_banners title_font_size=\u00a0\u00bb32&Prime; image=\u00a0\u00bb1804&Prime; title=\u00a0\u00bbNotre vision\u00a0\u00bb link=\u00a0\u00bbtarget:_blank\u00a0\u00bb]\u00catre le partenaire de choix dans le domaine dans lequel nous op\u00e9rons.[\/vc_mad_banners][\/vc_column][vc_column width=\u00a0\u00bb1\/2&Prime;][vc_mad_banners title_font_size=\u00a0\u00bb32&Prime; image=\u00a0\u00bb3420&Prime; title=\u00a0\u00bbNotre engagement client\u00e8le\u00a0\u00bb link=\u00a0\u00bbtarget:_blank\u00a0\u00bb]Nous estimons nos clients et traitons leurs affaires avec d\u00e9termination et passion.[\/vc_mad_banners][\/vc_column][\/vc_row][vc_row full_width=\u00a0\u00bbstretch_row\u00a0\u00bb bg_type=\u00a0\u00bbimage\u00a0\u00bb parallax_style=\u00a0\u00bbvcpb-default\u00a0\u00bb bg_image_new=\u00a0\u00bbid^224|url^https:\/\/velikorodnov.com\/wordpress\/expeditor\/blue\/wp-content\/uploads\/2017\/01\/2173x1448_bg.jpg|caption^null|alt^null|title^2173x1448_bg|description^null\u00a0\u00bb bg_image_repeat=\u00a0\u00bbno-repeat\u00a0\u00bb bg_img_attach=\u00a0\u00bbfixed\u00a0\u00bb bg_override=\u00a0\u00bbfull\u00a0\u00bb css=\u00a0\u00bb.vc_custom_1490796786865{padding-top: 70px !important;padding-bottom: 60px !important;}\u00a0\u00bb][vc_column][vc_row_inner][vc_column_inner width=\u00a0\u00bb1\/2&Prime;][vc_mad_page_title title_top=\u00a0\u00bbCarri\u00e8res\u00a0\u00bb title=\u00a0\u00bbVous souhaitez rejoindre notre \u00e9quipe?\u00a0\u00bb css=\u00a0\u00bb.vc_custom_1637925679660{padding-bottom: 10px !important;}\u00a0\u00bb]Chez Geotrans, nous sommes pleinement conscients du fait que le d\u00e9veloppement professionnel et personnel nous aide \u00e0 atteindre nos objectifs commerciaux. Nous pensons qu&rsquo;un employ\u00e9 qui apprend continuellement est un employ\u00e9 engag\u00e9.<\/p>\n<p>Nous investissons dans nos employ\u00e9s sur le long terme, non seulement en termes de salaire et d&rsquo;avantages sociaux, mais \u00e9galement \u00e0 travers des opportunit\u00e9s d&rsquo;apprentissage et de d\u00e9veloppement continus.<br \/>\n[\/vc_mad_page_title][\/vc_column_inner][vc_column_inner width=\u00a0\u00bb1\/2&Prime;]\n<div class=\"wpcf7 no-js\" id=\"wpcf7-f3151-o1\" lang=\"fr-FR\" dir=\"ltr\" data-wpcf7-id=\"3151\">\n<div class=\"screen-reader-response\"><p role=\"status\" aria-live=\"polite\" aria-atomic=\"true\"><\/p> <ul><\/ul><\/div>\n<form action=\"\/fr\/wp-json\/wp\/v2\/pages\/3136#wpcf7-f3151-o1\" method=\"post\" class=\"wpcf7-form init\" aria-label=\"Formulaire de contact\" enctype=\"multipart\/form-data\" novalidate=\"novalidate\" data-status=\"init\">\n<fieldset class=\"hidden-fields-container\"><input type=\"hidden\" name=\"_wpcf7\" value=\"3151\" \/><input type=\"hidden\" name=\"_wpcf7_version\" value=\"6.1.5\" \/><input type=\"hidden\" name=\"_wpcf7_locale\" value=\"fr_FR\" \/><input type=\"hidden\" name=\"_wpcf7_unit_tag\" value=\"wpcf7-f3151-o1\" \/><input type=\"hidden\" name=\"_wpcf7_container_post\" value=\"0\" \/><input type=\"hidden\" name=\"_wpcf7_posted_data_hash\" value=\"\" \/><input type=\"hidden\" name=\"_wpcf7cf_hidden_group_fields\" value=\"\" \/><input type=\"hidden\" name=\"_wpcf7cf_hidden_groups\" value=\"\" \/><input type=\"hidden\" name=\"_wpcf7cf_visible_groups\" value=\"\" \/><input type=\"hidden\" name=\"_wpcf7cf_repeaters\" value=\"[]\" \/><input type=\"hidden\" name=\"_wpcf7cf_steps\" value=\"{}\" \/><input type=\"hidden\" name=\"_wpcf7cf_options\" value=\"{&quot;form_id&quot;:3151,&quot;conditions&quot;:[{&quot;then_field&quot;:&quot;group-1&quot;,&quot;and_rules&quot;:[{&quot;if_field&quot;:&quot;reason&quot;,&quot;operator&quot;:&quot;equals&quot;,&quot;if_value&quot;:&quot;Demander un devis gratuit&quot;}]},{&quot;then_field&quot;:&quot;group-2&quot;,&quot;and_rules&quot;:[{&quot;if_field&quot;:&quot;reason&quot;,&quot;operator&quot;:&quot;equals&quot;,&quot;if_value&quot;:&quot;Solliciter un partenariat&quot;}]},{&quot;then_field&quot;:&quot;group-3&quot;,&quot;and_rules&quot;:[{&quot;if_field&quot;:&quot;reason&quot;,&quot;operator&quot;:&quot;equals&quot;,&quot;if_value&quot;:&quot;Directement au sommet&quot;}]},{&quot;then_field&quot;:&quot;group-4&quot;,&quot;and_rules&quot;:[{&quot;if_field&quot;:&quot;reason&quot;,&quot;operator&quot;:&quot;equals&quot;,&quot;if_value&quot;:&quot;Rejoignez notre \\u00e9quipe&quot;}]}],&quot;settings&quot;:{&quot;animation&quot;:&quot;yes&quot;,&quot;animation_intime&quot;:200,&quot;animation_outtime&quot;:200,&quot;conditions_ui&quot;:&quot;normal&quot;,&quot;notice_dismissed&quot;:false,&quot;notice_dismissed_rollback-cf7-5.4.2&quot;:true,&quot;notice_dismissed_rollback-cf7-5.5.6&quot;:true}}\" \/><input type=\"hidden\" name=\"_wpcf7_recaptcha_response\" value=\"\" \/>\n<\/fieldset>\n<div class=\"form-style1 fx-cols-2\">\n\t<div class=\"form-column\">\n\t\t<p><span class=\"wpcf7-form-control-wrap\" data-name=\"text-305\"><input size=\"40\" maxlength=\"400\" class=\"wpcf7-form-control wpcf7-text\" aria-invalid=\"false\" placeholder=\"First Name\" value=\"\" type=\"text\" name=\"text-305\" \/><\/span>\n\t\t<\/p>\n\t<\/div>\n\t<div class=\"form-column\">\n\t\t<p><span class=\"wpcf7-form-control-wrap\" data-name=\"text-301\"><input size=\"40\" maxlength=\"400\" class=\"wpcf7-form-control wpcf7-text\" aria-invalid=\"false\" placeholder=\"Last Name\" value=\"\" type=\"text\" name=\"text-301\" \/><\/span>\n\t\t<\/p>\n\t<\/div>\n\t<div class=\"form-column-full\">\n\t\t<p><span class=\"wpcf7-form-control-wrap\" data-name=\"email-453\"><input size=\"40\" maxlength=\"400\" class=\"wpcf7-form-control wpcf7-email wpcf7-validates-as-required wpcf7-text wpcf7-validates-as-email\" aria-required=\"true\" aria-invalid=\"false\" placeholder=\"Email\" value=\"\" type=\"email\" name=\"email-453\" \/><\/span>\n\t\t<\/p>\n\t<\/div>\n\t<div class=\"form-column-full\">\n\t\t<p><span class=\"wpcf7-form-control-wrap\" data-name=\"phone-453\"><input size=\"40\" maxlength=\"400\" class=\"wpcf7-form-control wpcf7-text wpcf7-validates-as-required\" aria-required=\"true\" aria-invalid=\"false\" placeholder=\"Phone\" value=\"\" type=\"text\" name=\"phone-453\" \/><\/span>\n\t\t<\/p>\n\t<\/div>\n\t<div class=\"form-column-full\">\n\t\t<p><span class=\"wpcf7-form-control-wrap\" data-name=\"reason\"><select class=\"wpcf7-form-control wpcf7-select\" aria-invalid=\"false\" name=\"reason\"><option value=\"Request a Free Quote\">Request a Free Quote<\/option><option value=\"Request Cooperation\">Request Cooperation<\/option><option value=\"Straight to the Top\">Straight to the Top<\/option><option value=\"Join our Team\">Join our Team<\/option><\/select><\/span>\n\t\t<\/p>\n\t<\/div>\n\t<div id=\"group-1\">\n\t\t<div data-id=\"group-1\" data-orig_data_id=\"group-1\"  data-class=\"wpcf7cf_group\">\n\t\t\t<p>Customers\n\t\t\t<\/p>\n\t\t<\/div>\n\t<\/div>\n\t<div id=\"group-2\">\n\t\t<div data-id=\"group-2\" data-orig_data_id=\"group-2\"  data-class=\"wpcf7cf_group\">\n\t\t\t<p>Vendors\n\t\t\t<\/p>\n\t\t<\/div>\n\t<\/div>\n\t<div id=\"group-3\">\n\t\t<div data-id=\"group-3\" data-orig_data_id=\"group-3\"  data-class=\"wpcf7cf_group\">\n\t\t\t<p><span class=\"wpcf7-form-control-wrap\" data-name=\"menu-52\"><select class=\"wpcf7-form-control wpcf7-select\" aria-invalid=\"false\" name=\"menu-52\"><option value=\"Feedback\">Feedback<\/option><option value=\"Suggestions\">Suggestions<\/option><\/select><\/span>\n\t\t\t<\/p>\n\t\t<\/div>\n\t<\/div>\n\t<div id=\"group-4\">\n\t\t<div data-id=\"group-4\" data-orig_data_id=\"group-4\"  data-class=\"wpcf7cf_group\">\n\t\t\t<p>Candidates\n\t\t\t<\/p>\n\t\t<\/div>\n\t<\/div>\n\t<div class=\"form-column-full\">\n\t\t<p><span class=\"wpcf7-form-control-wrap\" data-name=\"textarea-117\"><textarea cols=\"40\" rows=\"4\" maxlength=\"2000\" class=\"wpcf7-form-control wpcf7-textarea wpcf7-validates-as-required\" aria-required=\"true\" aria-invalid=\"false\" placeholder=\"Message\" name=\"textarea-117\"><\/textarea><\/span>\n\t\t<\/p>\n\t<\/div>\n\t<div class=\"form-column-full\" style=\"padding: 0 10px 10px;\">\n\t\t<p><span class=\"wpcf7-form-control-wrap\" data-name=\"your-file\"><input size=\"40\" class=\"wpcf7-form-control wpcf7-file\" accept=\".pdf\" aria-invalid=\"false\" type=\"file\" name=\"your-file\" \/><\/span>\n\t\t<\/p>\n\t<\/div>\n\t<div class=\"form-column-full acceptance-form\" style=\"padding: 0 10px;\">\n\t\t<p><span class=\"wpcf7-form-control-wrap\" data-name=\"acceptance-996\"><span class=\"wpcf7-form-control wpcf7-acceptance\"><span class=\"wpcf7-list-item\"><label><input type=\"checkbox\" name=\"acceptance-996\" value=\"1\" aria-invalid=\"false\" \/><span class=\"wpcf7-list-item-label\">I accept the <a href=\"\/terms-of-use\/\">Terms of Use<\/a><\/span><\/label><\/span><\/span><\/span>\n\t\t<\/p>\n\t<\/div>\n\t<div class=\"form-column-full\">\n\t\t<p><input class=\"wpcf7-form-control wpcf7-submit has-spinner\" type=\"submit\" value=\"Submit\" \/>\n\t\t<\/p>\n\t<\/div>\n<\/div><div class=\"wpcf7-response-output\" aria-hidden=\"true\"><\/div>\n<\/form>\n<\/div>\n[\/vc_column_inner][\/vc_row_inner][\/vc_column][\/vc_row][vc_row full_width=\u00a0\u00bbstretch_row\u00a0\u00bb css=\u00a0\u00bb.vc_custom_1486032841070{padding-top: 20px !important;padding-bottom: 20px !important;}\u00a0\u00bb][vc_column][vc_mad_call_out btn_txt_color=\u00a0\u00bb#ffffff\u00a0\u00bb phone_title=\u00a0\u00bbOu appeler\u00a0\u00bb title=\u00a0\u00bbLaissez-nous vous aider \u00e0 trouver une solution qui r\u00e9ponde \u00e0 vos besoins\u00a0\u00bb phone1=\u00a0\u00bb+30 210 5540231&Prime; link1=\u00a0\u00bburl:%2Ffr%2Fcontact%2F|title:Contactez-Nous%20|target:_blank\u00a0\u00bb][\/vc_mad_call_out][\/vc_column][\/vc_row][vc_row full_width=\u00a0\u00bbstretch_row\u00a0\u00bb bg_type=\u00a0\u00bbimage\u00a0\u00bb parallax_style=\u00a0\u00bbvcpb-default\u00a0\u00bb bg_image_new=\u00a0\u00bbid^608|url^https:\/\/geotrans.gr\/wp-content\/uploads\/2017\/01\/2433x1637_bg.jpg|caption^null|alt^null|title^2433x1637_bg|description^null\u00a0\u00bb bg_image_repeat=\u00a0\u00bbno-repeat\u00a0\u00bb bg_img_attach=\u00a0\u00bbfixed\u00a0\u00bb bg_override=\u00a0\u00bbfull\u00a0\u00bb css=\u00a0\u00bb.vc_custom_1632132587554{margin-bottom: 0px !important;padding-top: 70px !important;padding-bottom: 60px !important;}\u00a0\u00bb el_class=\u00a0\u00bbdis-none\u00a0\u00bb][vc_column][vc_mad_testimonials type=\u00a0\u00bbcarousel\u00a0\u00bb text_color=\u00a0\u00bb#ffffff\u00a0\u00bb items=\u00a0\u00bb6&Prime; title_top=\u00a0\u00bbTESTIMONIALS\u00a0\u00bb title=\u00a0\u00bbWhat Our Clients Say\u00a0\u00bb][\/vc_column][\/vc_row]<\/p>\n","protected":false},"excerpt":{"rendered":"<p>[vc_row full_width=\u00a0\u00bbstretch_row_content_no_spaces\u00a0\u00bb css=\u00a0\u00bb.vc_custom_1486122137217{margin-top: 0px !important;margin-bottom: 0px !important;padding-top: 0px !important;padding-bottom: 0px !important;background-color: #f8f9fa !important;}\u00a0\u00bb][vc_column css=\u00a0\u00bb.vc_custom_1486122106392{margin-top: 0px !important;margin-bottom: 0px !important;padding-top: 0px !important;padding-bottom: 0px !important;}\u00a0\u00bb][vc_mad_section_with_media type=\u00a0\u00bbtype_2&Prime; title_font_size=\u00a0\u00bb42&Prime; title=\u00a0\u00bbPourquoi Geotrans?\u00a0\u00bb link=\u00a0\u00bbtarget:_blank\u00a0\u00bb video=\u00a0\u00bbhttps:\/\/www.youtube.com\/watch?v=LSO_WBkQzNo\u00a0\u00bb] Visibilit\u00e9 et flexibilit\u00e9, d\u00e9lais courts, att\u00e9nuation des risques, rentabilit\u00e9, capacit\u00e9s garanties en p\u00e9riodes de pointe. &nbsp; Nos trois piliers: NOTRE PERSONNEL Nous appr\u00e9cions et r\u00e9compensons les talents [&hellip;]<\/p>\n","protected":false},"author":1,"featured_media":0,"parent":0,"menu_order":0,"comment_status":"closed","ping_status":"closed","template":"","meta":{"footnotes":""},"class_list":["post-3136","page","type-page","status-publish","hentry"],"yoast_head":"<!-- This site is optimized with the Yoast SEO plugin v27.3 - https:\/\/yoast.com\/product\/yoast-seo-wordpress\/ -->\n<title>L\u2019entreprise - Geo Trans<\/title>\n<meta name=\"robots\" content=\"index, follow, max-snippet:-1, max-image-preview:large, max-video-preview:-1\" \/>\n<link rel=\"canonical\" href=\"https:\/\/geotrans.gr\/fr\/company\/\" \/>\n<meta property=\"og:locale\" content=\"fr_FR\" \/>\n<meta property=\"og:type\" content=\"article\" \/>\n<meta property=\"og:title\" content=\"L\u2019entreprise - Geo Trans\" \/>\n<meta property=\"og:description\" content=\"[vc_row full_width=\u00a0\u00bbstretch_row_content_no_spaces\u00a0\u00bb css=\u00a0\u00bb.vc_custom_1486122137217{margin-top: 0px !important;margin-bottom: 0px !important;padding-top: 0px !important;padding-bottom: 0px !important;background-color: #f8f9fa !important;}\u00a0\u00bb][vc_column css=\u00a0\u00bb.vc_custom_1486122106392{margin-top: 0px !important;margin-bottom: 0px !important;padding-top: 0px !important;padding-bottom: 0px !important;}\u00a0\u00bb][vc_mad_section_with_media type=\u00a0\u00bbtype_2&Prime; title_font_size=\u00a0\u00bb42&Prime; title=\u00a0\u00bbPourquoi Geotrans?\u00a0\u00bb link=\u00a0\u00bbtarget:_blank\u00a0\u00bb video=\u00a0\u00bbhttps:\/\/www.youtube.com\/watch?v=LSO_WBkQzNo\u00a0\u00bb] Visibilit\u00e9 et flexibilit\u00e9, d\u00e9lais courts, att\u00e9nuation des risques, rentabilit\u00e9, capacit\u00e9s garanties en p\u00e9riodes de pointe. &nbsp; Nos trois piliers: NOTRE PERSONNEL Nous appr\u00e9cions et r\u00e9compensons les talents [&hellip;]\" \/>\n<meta property=\"og:url\" content=\"https:\/\/geotrans.gr\/fr\/company\/\" \/>\n<meta property=\"og:site_name\" content=\"Geo Trans\" \/>\n<meta property=\"article:modified_time\" content=\"2021-12-07T09:36:50+00:00\" \/>\n<meta name=\"twitter:card\" content=\"summary_large_image\" \/>\n<meta name=\"twitter:label1\" content=\"Dur\u00e9e de lecture estim\u00e9e\" \/>\n\t<meta name=\"twitter:data1\" content=\"4 minutes\" \/>\n<script type=\"application\/ld+json\" class=\"yoast-schema-graph\">{\"@context\":\"https:\\\/\\\/schema.org\",\"@graph\":[{\"@type\":\"WebPage\",\"@id\":\"https:\\\/\\\/geotrans.gr\\\/fr\\\/company\\\/\",\"url\":\"https:\\\/\\\/geotrans.gr\\\/fr\\\/company\\\/\",\"name\":\"L\u2019entreprise - Geo Trans\",\"isPartOf\":{\"@id\":\"https:\\\/\\\/geotrans.gr\\\/#website\"},\"datePublished\":\"2017-01-29T07:00:14+00:00\",\"dateModified\":\"2021-12-07T09:36:50+00:00\",\"breadcrumb\":{\"@id\":\"https:\\\/\\\/geotrans.gr\\\/fr\\\/company\\\/#breadcrumb\"},\"inLanguage\":\"fr-FR\",\"potentialAction\":[{\"@type\":\"ReadAction\",\"target\":[\"https:\\\/\\\/geotrans.gr\\\/fr\\\/company\\\/\"]}]},{\"@type\":\"BreadcrumbList\",\"@id\":\"https:\\\/\\\/geotrans.gr\\\/fr\\\/company\\\/#breadcrumb\",\"itemListElement\":[{\"@type\":\"ListItem\",\"position\":1,\"name\":\"Home\",\"item\":\"https:\\\/\\\/geotrans.gr\\\/fr\\\/\"},{\"@type\":\"ListItem\",\"position\":2,\"name\":\"L\u2019entreprise\"}]},{\"@type\":\"WebSite\",\"@id\":\"https:\\\/\\\/geotrans.gr\\\/#website\",\"url\":\"https:\\\/\\\/geotrans.gr\\\/\",\"name\":\"Geo Trans\",\"description\":\"\",\"publisher\":{\"@id\":\"https:\\\/\\\/geotrans.gr\\\/#organization\"},\"potentialAction\":[{\"@type\":\"SearchAction\",\"target\":{\"@type\":\"EntryPoint\",\"urlTemplate\":\"https:\\\/\\\/geotrans.gr\\\/?s={search_term_string}\"},\"query-input\":{\"@type\":\"PropertyValueSpecification\",\"valueRequired\":true,\"valueName\":\"search_term_string\"}}],\"inLanguage\":\"fr-FR\"},{\"@type\":\"Organization\",\"@id\":\"https:\\\/\\\/geotrans.gr\\\/#organization\",\"name\":\"Geo Trans\",\"url\":\"https:\\\/\\\/geotrans.gr\\\/\",\"logo\":{\"@type\":\"ImageObject\",\"inLanguage\":\"fr-FR\",\"@id\":\"https:\\\/\\\/geotrans.gr\\\/#\\\/schema\\\/logo\\\/image\\\/\",\"url\":\"https:\\\/\\\/geotrans.gr\\\/wp-content\\\/uploads\\\/2021\\\/04\\\/geotrans-logo.png\",\"contentUrl\":\"https:\\\/\\\/geotrans.gr\\\/wp-content\\\/uploads\\\/2021\\\/04\\\/geotrans-logo.png\",\"width\":2087,\"height\":447,\"caption\":\"Geo Trans\"},\"image\":{\"@id\":\"https:\\\/\\\/geotrans.gr\\\/#\\\/schema\\\/logo\\\/image\\\/\"}}]}<\/script>\n<!-- \/ Yoast SEO plugin. -->","yoast_head_json":{"title":"L\u2019entreprise - Geo Trans","robots":{"index":"index","follow":"follow","max-snippet":"max-snippet:-1","max-image-preview":"max-image-preview:large","max-video-preview":"max-video-preview:-1"},"canonical":"https:\/\/geotrans.gr\/fr\/company\/","og_locale":"fr_FR","og_type":"article","og_title":"L\u2019entreprise - Geo Trans","og_description":"[vc_row full_width=\u00a0\u00bbstretch_row_content_no_spaces\u00a0\u00bb css=\u00a0\u00bb.vc_custom_1486122137217{margin-top: 0px !important;margin-bottom: 0px !important;padding-top: 0px !important;padding-bottom: 0px !important;background-color: #f8f9fa !important;}\u00a0\u00bb][vc_column css=\u00a0\u00bb.vc_custom_1486122106392{margin-top: 0px !important;margin-bottom: 0px !important;padding-top: 0px !important;padding-bottom: 0px !important;}\u00a0\u00bb][vc_mad_section_with_media type=\u00a0\u00bbtype_2&Prime; title_font_size=\u00a0\u00bb42&Prime; title=\u00a0\u00bbPourquoi Geotrans?\u00a0\u00bb link=\u00a0\u00bbtarget:_blank\u00a0\u00bb video=\u00a0\u00bbhttps:\/\/www.youtube.com\/watch?v=LSO_WBkQzNo\u00a0\u00bb] Visibilit\u00e9 et flexibilit\u00e9, d\u00e9lais courts, att\u00e9nuation des risques, rentabilit\u00e9, capacit\u00e9s garanties en p\u00e9riodes de pointe. &nbsp; Nos trois piliers: NOTRE PERSONNEL Nous appr\u00e9cions et r\u00e9compensons les talents [&hellip;]","og_url":"https:\/\/geotrans.gr\/fr\/company\/","og_site_name":"Geo Trans","article_modified_time":"2021-12-07T09:36:50+00:00","twitter_card":"summary_large_image","twitter_misc":{"Dur\u00e9e de lecture estim\u00e9e":"4 minutes"},"schema":{"@context":"https:\/\/schema.org","@graph":[{"@type":"WebPage","@id":"https:\/\/geotrans.gr\/fr\/company\/","url":"https:\/\/geotrans.gr\/fr\/company\/","name":"L\u2019entreprise - Geo Trans","isPartOf":{"@id":"https:\/\/geotrans.gr\/#website"},"datePublished":"2017-01-29T07:00:14+00:00","dateModified":"2021-12-07T09:36:50+00:00","breadcrumb":{"@id":"https:\/\/geotrans.gr\/fr\/company\/#breadcrumb"},"inLanguage":"fr-FR","potentialAction":[{"@type":"ReadAction","target":["https:\/\/geotrans.gr\/fr\/company\/"]}]},{"@type":"BreadcrumbList","@id":"https:\/\/geotrans.gr\/fr\/company\/#breadcrumb","itemListElement":[{"@type":"ListItem","position":1,"name":"Home","item":"https:\/\/geotrans.gr\/fr\/"},{"@type":"ListItem","position":2,"name":"L\u2019entreprise"}]},{"@type":"WebSite","@id":"https:\/\/geotrans.gr\/#website","url":"https:\/\/geotrans.gr\/","name":"Geo Trans","description":"","publisher":{"@id":"https:\/\/geotrans.gr\/#organization"},"potentialAction":[{"@type":"SearchAction","target":{"@type":"EntryPoint","urlTemplate":"https:\/\/geotrans.gr\/?s={search_term_string}"},"query-input":{"@type":"PropertyValueSpecification","valueRequired":true,"valueName":"search_term_string"}}],"inLanguage":"fr-FR"},{"@type":"Organization","@id":"https:\/\/geotrans.gr\/#organization","name":"Geo Trans","url":"https:\/\/geotrans.gr\/","logo":{"@type":"ImageObject","inLanguage":"fr-FR","@id":"https:\/\/geotrans.gr\/#\/schema\/logo\/image\/","url":"https:\/\/geotrans.gr\/wp-content\/uploads\/2021\/04\/geotrans-logo.png","contentUrl":"https:\/\/geotrans.gr\/wp-content\/uploads\/2021\/04\/geotrans-logo.png","width":2087,"height":447,"caption":"Geo Trans"},"image":{"@id":"https:\/\/geotrans.gr\/#\/schema\/logo\/image\/"}}]}},"_links":{"self":[{"href":"https:\/\/geotrans.gr\/fr\/wp-json\/wp\/v2\/pages\/3136","targetHints":{"allow":["GET"]}}],"collection":[{"href":"https:\/\/geotrans.gr\/fr\/wp-json\/wp\/v2\/pages"}],"about":[{"href":"https:\/\/geotrans.gr\/fr\/wp-json\/wp\/v2\/types\/page"}],"author":[{"embeddable":true,"href":"https:\/\/geotrans.gr\/fr\/wp-json\/wp\/v2\/users\/1"}],"replies":[{"embeddable":true,"href":"https:\/\/geotrans.gr\/fr\/wp-json\/wp\/v2\/comments?post=3136"}],"version-history":[{"count":4,"href":"https:\/\/geotrans.gr\/fr\/wp-json\/wp\/v2\/pages\/3136\/revisions"}],"predecessor-version":[{"id":3427,"href":"https:\/\/geotrans.gr\/fr\/wp-json\/wp\/v2\/pages\/3136\/revisions\/3427"}],"wp:attachment":[{"href":"https:\/\/geotrans.gr\/fr\/wp-json\/wp\/v2\/media?parent=3136"}],"curies":[{"name":"wp","href":"https:\/\/api.w.org\/{rel}","templated":true}]}}