{"id":3110,"date":"2017-01-29T06:59:51","date_gmt":"2017-01-29T06:59:51","guid":{"rendered":"https:\/\/geotrans.gr\/solutions-overview\/"},"modified":"2021-11-26T18:05:12","modified_gmt":"2021-11-26T15:05:12","slug":"solutions-overview","status":"publish","type":"page","link":"https:\/\/geotrans.gr\/fr\/solutions-overview\/","title":{"rendered":"Solutions"},"content":{"rendered":"<p>[vc_row css=\u00a0\u00bb.vc_custom_1486368081561{padding-top: 70px !important;}\u00a0\u00bb][vc_column][vc_column_text]<\/p>\n<h2>Plus qu\u2019un simple transport<\/h2>\n<p class=\"text-size-medium\">Aucune raison de faire compliqu\u00e9. Nous nous en chargeons personnellement. Nous livrons vos marchandises \u00e0 l&rsquo;heure dite, compl\u00e8tes et sans erreur.<\/p>\n<p class=\"text-size-medium\"><strong>Nous sommes \u00e0 vos c\u00f4t\u00e9s \u00e0 chaque instant pour vous aider \u00e0 d\u00e9terminer vos propres challenges<\/strong> en mati\u00e8re d&rsquo;att\u00e9nuation des risques, de r\u00e9sorption des contraintes de capacit\u00e9 et d&rsquo;optimisation de votre cha\u00eene d&rsquo;approvisionnement.<\/p>\n<p>[\/vc_column_text][\/vc_column][\/vc_row][vc_row css=\u00a0\u00bb.vc_custom_1489133836401{margin-bottom: 0px !important;padding-bottom: 70px !important;}\u00a0\u00bb][vc_column][vc_mad_services items=\u00a0\u00bb-1&Prime; text_count=\u00a0\u00bb80&Prime; columns=\u00a0\u00bb4&Prime;]<\/p>\n<p>Click edit button to change this text.<\/p>\n<p>[\/vc_mad_services][\/vc_column][\/vc_row][vc_row full_width=\u00a0\u00bbstretch_row\u00a0\u00bb css=\u00a0\u00bb.vc_custom_1486374427284{margin-bottom: 0px !important;padding-top: 60px !important;padding-bottom: 60px !important;background-color: #2a2c32 !important;}\u00a0\u00bb][vc_column][vc_mad_call_out title_color=\u00a0\u00bb#ffffff\u00a0\u00bb btn_txt_color=\u00a0\u00bb#ffffff\u00a0\u00bb type=\u00a0\u00bbtype-2&Prime; phone_title=\u00a0\u00bbOu appeler\u00a0\u00bb phone_color=\u00a0\u00bb#ffffff\u00a0\u00bb title=\u00a0\u00bbLaissez-nous vous aider \u00e0 trouver une solution qui r\u00e9ponde \u00e0 vos besoins\u00a0\u00bb phone1=\u00a0\u00bb+30 210 5540231&Prime; link2=\u00a0\u00bburl:%2Ffr%2Fcontact%2F|title:Contactez-Nous%20&Prime;][\/vc_mad_call_out][\/vc_column][\/vc_row]<\/p>\n","protected":false},"excerpt":{"rendered":"<p>[vc_row css=\u00a0\u00bb.vc_custom_1486368081561{padding-top: 70px !important;}\u00a0\u00bb][vc_column][vc_column_text] Plus qu\u2019un simple transport Aucune raison de faire compliqu\u00e9. Nous nous en chargeons personnellement. Nous livrons vos marchandises \u00e0 l&rsquo;heure dite, compl\u00e8tes et sans erreur. Nous sommes \u00e0 vos c\u00f4t\u00e9s \u00e0 chaque instant pour vous aider \u00e0 d\u00e9terminer vos propres challenges en mati\u00e8re d&rsquo;att\u00e9nuation des risques, de r\u00e9sorption des contraintes de [&hellip;]<\/p>\n","protected":false},"author":1,"featured_media":0,"parent":0,"menu_order":0,"comment_status":"closed","ping_status":"closed","template":"","meta":{"footnotes":""},"class_list":["post-3110","page","type-page","status-publish","hentry"],"yoast_head":"<!-- This site is optimized with the Yoast SEO plugin v27.3 - https:\/\/yoast.com\/product\/yoast-seo-wordpress\/ -->\n<title>Solutions - Geo Trans<\/title>\n<meta name=\"robots\" content=\"index, follow, max-snippet:-1, max-image-preview:large, max-video-preview:-1\" \/>\n<link rel=\"canonical\" href=\"https:\/\/geotrans.gr\/fr\/solutions-overview\/\" \/>\n<meta property=\"og:locale\" content=\"fr_FR\" \/>\n<meta property=\"og:type\" content=\"article\" \/>\n<meta property=\"og:title\" content=\"Solutions - Geo Trans\" \/>\n<meta property=\"og:description\" content=\"[vc_row css=\u00a0\u00bb.vc_custom_1486368081561{padding-top: 70px !important;}\u00a0\u00bb][vc_column][vc_column_text] Plus qu\u2019un simple transport Aucune raison de faire compliqu\u00e9. Nous nous en chargeons personnellement. Nous livrons vos marchandises \u00e0 l&rsquo;heure dite, compl\u00e8tes et sans erreur. Nous sommes \u00e0 vos c\u00f4t\u00e9s \u00e0 chaque instant pour vous aider \u00e0 d\u00e9terminer vos propres challenges en mati\u00e8re d&rsquo;att\u00e9nuation des risques, de r\u00e9sorption des contraintes de [&hellip;]\" \/>\n<meta property=\"og:url\" content=\"https:\/\/geotrans.gr\/fr\/solutions-overview\/\" \/>\n<meta property=\"og:site_name\" content=\"Geo Trans\" \/>\n<meta property=\"article:modified_time\" content=\"2021-11-26T15:05:12+00:00\" \/>\n<meta name=\"twitter:card\" content=\"summary_large_image\" \/>\n<meta name=\"twitter:label1\" content=\"Dur\u00e9e de lecture estim\u00e9e\" \/>\n\t<meta name=\"twitter:data1\" content=\"1 minute\" \/>\n<script type=\"application\/ld+json\" class=\"yoast-schema-graph\">{\"@context\":\"https:\\\/\\\/schema.org\",\"@graph\":[{\"@type\":\"WebPage\",\"@id\":\"https:\\\/\\\/geotrans.gr\\\/fr\\\/solutions-overview\\\/\",\"url\":\"https:\\\/\\\/geotrans.gr\\\/fr\\\/solutions-overview\\\/\",\"name\":\"Solutions - Geo Trans\",\"isPartOf\":{\"@id\":\"https:\\\/\\\/geotrans.gr\\\/#website\"},\"datePublished\":\"2017-01-29T06:59:51+00:00\",\"dateModified\":\"2021-11-26T15:05:12+00:00\",\"breadcrumb\":{\"@id\":\"https:\\\/\\\/geotrans.gr\\\/fr\\\/solutions-overview\\\/#breadcrumb\"},\"inLanguage\":\"fr-FR\",\"potentialAction\":[{\"@type\":\"ReadAction\",\"target\":[\"https:\\\/\\\/geotrans.gr\\\/fr\\\/solutions-overview\\\/\"]}]},{\"@type\":\"BreadcrumbList\",\"@id\":\"https:\\\/\\\/geotrans.gr\\\/fr\\\/solutions-overview\\\/#breadcrumb\",\"itemListElement\":[{\"@type\":\"ListItem\",\"position\":1,\"name\":\"Home\",\"item\":\"https:\\\/\\\/geotrans.gr\\\/fr\\\/\"},{\"@type\":\"ListItem\",\"position\":2,\"name\":\"Solutions\"}]},{\"@type\":\"WebSite\",\"@id\":\"https:\\\/\\\/geotrans.gr\\\/#website\",\"url\":\"https:\\\/\\\/geotrans.gr\\\/\",\"name\":\"Geo Trans\",\"description\":\"\",\"publisher\":{\"@id\":\"https:\\\/\\\/geotrans.gr\\\/#organization\"},\"potentialAction\":[{\"@type\":\"SearchAction\",\"target\":{\"@type\":\"EntryPoint\",\"urlTemplate\":\"https:\\\/\\\/geotrans.gr\\\/?s={search_term_string}\"},\"query-input\":{\"@type\":\"PropertyValueSpecification\",\"valueRequired\":true,\"valueName\":\"search_term_string\"}}],\"inLanguage\":\"fr-FR\"},{\"@type\":\"Organization\",\"@id\":\"https:\\\/\\\/geotrans.gr\\\/#organization\",\"name\":\"Geo Trans\",\"url\":\"https:\\\/\\\/geotrans.gr\\\/\",\"logo\":{\"@type\":\"ImageObject\",\"inLanguage\":\"fr-FR\",\"@id\":\"https:\\\/\\\/geotrans.gr\\\/#\\\/schema\\\/logo\\\/image\\\/\",\"url\":\"https:\\\/\\\/geotrans.gr\\\/wp-content\\\/uploads\\\/2021\\\/04\\\/geotrans-logo.png\",\"contentUrl\":\"https:\\\/\\\/geotrans.gr\\\/wp-content\\\/uploads\\\/2021\\\/04\\\/geotrans-logo.png\",\"width\":2087,\"height\":447,\"caption\":\"Geo Trans\"},\"image\":{\"@id\":\"https:\\\/\\\/geotrans.gr\\\/#\\\/schema\\\/logo\\\/image\\\/\"}}]}<\/script>\n<!-- \/ Yoast SEO plugin. -->","yoast_head_json":{"title":"Solutions - Geo Trans","robots":{"index":"index","follow":"follow","max-snippet":"max-snippet:-1","max-image-preview":"max-image-preview:large","max-video-preview":"max-video-preview:-1"},"canonical":"https:\/\/geotrans.gr\/fr\/solutions-overview\/","og_locale":"fr_FR","og_type":"article","og_title":"Solutions - Geo Trans","og_description":"[vc_row css=\u00a0\u00bb.vc_custom_1486368081561{padding-top: 70px !important;}\u00a0\u00bb][vc_column][vc_column_text] Plus qu\u2019un simple transport Aucune raison de faire compliqu\u00e9. Nous nous en chargeons personnellement. Nous livrons vos marchandises \u00e0 l&rsquo;heure dite, compl\u00e8tes et sans erreur. Nous sommes \u00e0 vos c\u00f4t\u00e9s \u00e0 chaque instant pour vous aider \u00e0 d\u00e9terminer vos propres challenges en mati\u00e8re d&rsquo;att\u00e9nuation des risques, de r\u00e9sorption des contraintes de [&hellip;]","og_url":"https:\/\/geotrans.gr\/fr\/solutions-overview\/","og_site_name":"Geo Trans","article_modified_time":"2021-11-26T15:05:12+00:00","twitter_card":"summary_large_image","twitter_misc":{"Dur\u00e9e de lecture estim\u00e9e":"1 minute"},"schema":{"@context":"https:\/\/schema.org","@graph":[{"@type":"WebPage","@id":"https:\/\/geotrans.gr\/fr\/solutions-overview\/","url":"https:\/\/geotrans.gr\/fr\/solutions-overview\/","name":"Solutions - Geo Trans","isPartOf":{"@id":"https:\/\/geotrans.gr\/#website"},"datePublished":"2017-01-29T06:59:51+00:00","dateModified":"2021-11-26T15:05:12+00:00","breadcrumb":{"@id":"https:\/\/geotrans.gr\/fr\/solutions-overview\/#breadcrumb"},"inLanguage":"fr-FR","potentialAction":[{"@type":"ReadAction","target":["https:\/\/geotrans.gr\/fr\/solutions-overview\/"]}]},{"@type":"BreadcrumbList","@id":"https:\/\/geotrans.gr\/fr\/solutions-overview\/#breadcrumb","itemListElement":[{"@type":"ListItem","position":1,"name":"Home","item":"https:\/\/geotrans.gr\/fr\/"},{"@type":"ListItem","position":2,"name":"Solutions"}]},{"@type":"WebSite","@id":"https:\/\/geotrans.gr\/#website","url":"https:\/\/geotrans.gr\/","name":"Geo Trans","description":"","publisher":{"@id":"https:\/\/geotrans.gr\/#organization"},"potentialAction":[{"@type":"SearchAction","target":{"@type":"EntryPoint","urlTemplate":"https:\/\/geotrans.gr\/?s={search_term_string}"},"query-input":{"@type":"PropertyValueSpecification","valueRequired":true,"valueName":"search_term_string"}}],"inLanguage":"fr-FR"},{"@type":"Organization","@id":"https:\/\/geotrans.gr\/#organization","name":"Geo Trans","url":"https:\/\/geotrans.gr\/","logo":{"@type":"ImageObject","inLanguage":"fr-FR","@id":"https:\/\/geotrans.gr\/#\/schema\/logo\/image\/","url":"https:\/\/geotrans.gr\/wp-content\/uploads\/2021\/04\/geotrans-logo.png","contentUrl":"https:\/\/geotrans.gr\/wp-content\/uploads\/2021\/04\/geotrans-logo.png","width":2087,"height":447,"caption":"Geo Trans"},"image":{"@id":"https:\/\/geotrans.gr\/#\/schema\/logo\/image\/"}}]}},"_links":{"self":[{"href":"https:\/\/geotrans.gr\/fr\/wp-json\/wp\/v2\/pages\/3110","targetHints":{"allow":["GET"]}}],"collection":[{"href":"https:\/\/geotrans.gr\/fr\/wp-json\/wp\/v2\/pages"}],"about":[{"href":"https:\/\/geotrans.gr\/fr\/wp-json\/wp\/v2\/types\/page"}],"author":[{"embeddable":true,"href":"https:\/\/geotrans.gr\/fr\/wp-json\/wp\/v2\/users\/1"}],"replies":[{"embeddable":true,"href":"https:\/\/geotrans.gr\/fr\/wp-json\/wp\/v2\/comments?post=3110"}],"version-history":[{"count":4,"href":"https:\/\/geotrans.gr\/fr\/wp-json\/wp\/v2\/pages\/3110\/revisions"}],"predecessor-version":[{"id":3407,"href":"https:\/\/geotrans.gr\/fr\/wp-json\/wp\/v2\/pages\/3110\/revisions\/3407"}],"wp:attachment":[{"href":"https:\/\/geotrans.gr\/fr\/wp-json\/wp\/v2\/media?parent=3110"}],"curies":[{"name":"wp","href":"https:\/\/api.w.org\/{rel}","templated":true}]}}