{"id":2654,"date":"2017-01-29T09:09:02","date_gmt":"2017-01-29T09:09:02","guid":{"rendered":"https:\/\/geotrans.gr\/terms-of-use\/"},"modified":"2021-11-25T17:36:00","modified_gmt":"2021-11-25T14:36:00","slug":"terms-of-use","status":"publish","type":"page","link":"https:\/\/geotrans.gr\/es\/terms-of-use\/","title":{"rendered":"Condiciones de uso"},"content":{"rendered":"<p>[vc_row css=\u00bb.vc_custom_1632923241590{border-bottom-width: 50px !important;padding-top: 50px !important;}\u00bb][vc_column][vc_custom_heading text=\u00bbCondiciones de uso\u00bb google_fonts=\u00bbfont_family:Roboto%3A100%2C100italic%2C300%2C300italic%2Cregular%2Citalic%2C500%2C500italic%2C700%2C700italic%2C900%2C900italic|font_style:400%20regular%3A400%3Anormal\u00bb][vc_column_text]Toda la informaci\u00f3n contenida en este sitio web se proporciona con fines informativos generales.<\/p>\n<p>Geotrans S.A. puede realizar cambios en parte y\/o la totalidad del contenido en cualquier momento y sin previo aviso.<\/p>\n<p>Geotrans S.A. no se hace responsable de ning\u00fan da\u00f1o, directo o indirecto, que pueda resultar del uso o la confianza en la informaci\u00f3n proporcionada en este sitio web o en cualquier otro sitio web que pueda estar vinculado al mismo. Esto incluye, pero no se limita a, lucro cesante, costos adicionales incurridos, interrupci\u00f3n del negocio, p\u00e9rdida de programas u otros datos en el sistema operativo de los usuarios o cualquier da\u00f1o al mismo.<\/p>\n<p>Los enlaces a otros sitios web se proporcionan \u00fanicamente para su comodidad. La empresa no controla estos sitios y usted accede a ellos \u00fanicamente bajo su propio riesgo.\u00a0Geotrans S.A. no apoya ni acepta responsabilidad alguna por el contenido o uso de dichos sitios web.<\/p>\n<p>Geotrans S.A. no aceptar\u00e1 ninguna responsabilidad por la ocurrencia de elementos como virus u otros elementos da\u00f1inos como parte del sitio web y sitios web enlazados.<\/p>\n<p>Se considera autom\u00e1ticamente que los datos personales proporcionados a la empresa a trav\u00e9s de este sitio web incluyen el consentimiento para el procesamiento por parte de la empresa de acuerdo con el Reglamento General de Protecci\u00f3n de Datos (GDPR) 2016\/679 de la Uni\u00f3n Europea, la Directiva de aplicaci\u00f3n de la ley de protecci\u00f3n de datos 2016\/680 de UE y la ley griega 4624\/2019.<\/p>\n<p>El contenido de este sitio web est\u00e1 sujeto a derechos de autor propiedad de la empresa con todos los derechos reservados. Sin embargo, algunas partes del sitio web pueden contener im\u00e1genes o textos sujetos a los derechos de autor de sus respectivos proveedores.<\/p>\n<p>Este sitio web utiliza cookies para que podamos brindarle la mejor experiencia de usuario posible. La informaci\u00f3n de las cookies se almacena en su navegador y realiza funciones como reconocerlo cuando regresa a nuestro sitio web y ayudar a nuestro equipo a comprender qu\u00e9 secciones del sitio web le resultan m\u00e1s interesantes y \u00fatiles.[\/vc_column_text][\/vc_column][\/vc_row]<\/p>\n","protected":false},"excerpt":{"rendered":"<p>[vc_row css=\u00bb.vc_custom_1632923241590{border-bottom-width: 50px !important;padding-top: 50px !important;}\u00bb][vc_column][vc_custom_heading text=\u00bbCondiciones de uso\u00bb google_fonts=\u00bbfont_family:Roboto%3A100%2C100italic%2C300%2C300italic%2Cregular%2Citalic%2C500%2C500italic%2C700%2C700italic%2C900%2C900italic|font_style:400%20regular%3A400%3Anormal\u00bb][vc_column_text]Toda la informaci\u00f3n contenida en este sitio web se proporciona con fines informativos generales. Geotrans S.A. puede realizar cambios en parte y\/o la totalidad del contenido en cualquier momento y sin previo aviso. Geotrans S.A. no se hace responsable de ning\u00fan da\u00f1o, directo o indirecto, que [&hellip;]<\/p>\n","protected":false},"author":1,"featured_media":0,"parent":0,"menu_order":0,"comment_status":"closed","ping_status":"closed","template":"","meta":{"footnotes":""},"class_list":["post-2654","page","type-page","status-publish","hentry"],"yoast_head":"<!-- This site is optimized with the Yoast SEO plugin v27.4 - https:\/\/yoast.com\/product\/yoast-seo-wordpress\/ -->\n<title>Condiciones de uso - Geo Trans<\/title>\n<meta name=\"robots\" content=\"index, follow, max-snippet:-1, max-image-preview:large, max-video-preview:-1\" \/>\n<link rel=\"canonical\" href=\"https:\/\/geotrans.gr\/es\/terms-of-use\/\" \/>\n<meta property=\"og:locale\" content=\"es_ES\" \/>\n<meta property=\"og:type\" content=\"article\" \/>\n<meta property=\"og:title\" content=\"Condiciones de uso - Geo Trans\" \/>\n<meta property=\"og:description\" content=\"[vc_row css=\u00bb.vc_custom_1632923241590{border-bottom-width: 50px !important;padding-top: 50px !important;}\u00bb][vc_column][vc_custom_heading text=\u00bbCondiciones de uso\u00bb google_fonts=\u00bbfont_family:Roboto%3A100%2C100italic%2C300%2C300italic%2Cregular%2Citalic%2C500%2C500italic%2C700%2C700italic%2C900%2C900italic|font_style:400%20regular%3A400%3Anormal\u00bb][vc_column_text]Toda la informaci\u00f3n contenida en este sitio web se proporciona con fines informativos generales. Geotrans S.A. puede realizar cambios en parte y\/o la totalidad del contenido en cualquier momento y sin previo aviso. Geotrans S.A. no se hace responsable de ning\u00fan da\u00f1o, directo o indirecto, que [&hellip;]\" \/>\n<meta property=\"og:url\" content=\"https:\/\/geotrans.gr\/es\/terms-of-use\/\" \/>\n<meta property=\"og:site_name\" content=\"Geo Trans\" \/>\n<meta property=\"article:modified_time\" content=\"2021-11-25T14:36:00+00:00\" \/>\n<meta name=\"twitter:card\" content=\"summary_large_image\" \/>\n<meta name=\"twitter:label1\" content=\"Tiempo de lectura\" \/>\n\t<meta name=\"twitter:data1\" content=\"2 minutos\" \/>\n<script type=\"application\/ld+json\" class=\"yoast-schema-graph\">{\"@context\":\"https:\\\/\\\/schema.org\",\"@graph\":[{\"@type\":\"WebPage\",\"@id\":\"https:\\\/\\\/geotrans.gr\\\/es\\\/terms-of-use\\\/\",\"url\":\"https:\\\/\\\/geotrans.gr\\\/es\\\/terms-of-use\\\/\",\"name\":\"Condiciones de uso - Geo Trans\",\"isPartOf\":{\"@id\":\"https:\\\/\\\/geotrans.gr\\\/#website\"},\"datePublished\":\"2017-01-29T09:09:02+00:00\",\"dateModified\":\"2021-11-25T14:36:00+00:00\",\"breadcrumb\":{\"@id\":\"https:\\\/\\\/geotrans.gr\\\/es\\\/terms-of-use\\\/#breadcrumb\"},\"inLanguage\":\"es\",\"potentialAction\":[{\"@type\":\"ReadAction\",\"target\":[\"https:\\\/\\\/geotrans.gr\\\/es\\\/terms-of-use\\\/\"]}]},{\"@type\":\"BreadcrumbList\",\"@id\":\"https:\\\/\\\/geotrans.gr\\\/es\\\/terms-of-use\\\/#breadcrumb\",\"itemListElement\":[{\"@type\":\"ListItem\",\"position\":1,\"name\":\"Home\",\"item\":\"https:\\\/\\\/geotrans.gr\\\/es\\\/\"},{\"@type\":\"ListItem\",\"position\":2,\"name\":\"Condiciones de uso\"}]},{\"@type\":\"WebSite\",\"@id\":\"https:\\\/\\\/geotrans.gr\\\/#website\",\"url\":\"https:\\\/\\\/geotrans.gr\\\/\",\"name\":\"Geo Trans\",\"description\":\"\",\"publisher\":{\"@id\":\"https:\\\/\\\/geotrans.gr\\\/#organization\"},\"potentialAction\":[{\"@type\":\"SearchAction\",\"target\":{\"@type\":\"EntryPoint\",\"urlTemplate\":\"https:\\\/\\\/geotrans.gr\\\/?s={search_term_string}\"},\"query-input\":{\"@type\":\"PropertyValueSpecification\",\"valueRequired\":true,\"valueName\":\"search_term_string\"}}],\"inLanguage\":\"es\"},{\"@type\":\"Organization\",\"@id\":\"https:\\\/\\\/geotrans.gr\\\/#organization\",\"name\":\"Geo Trans\",\"url\":\"https:\\\/\\\/geotrans.gr\\\/\",\"logo\":{\"@type\":\"ImageObject\",\"inLanguage\":\"es\",\"@id\":\"https:\\\/\\\/geotrans.gr\\\/#\\\/schema\\\/logo\\\/image\\\/\",\"url\":\"https:\\\/\\\/geotrans.gr\\\/wp-content\\\/uploads\\\/2021\\\/04\\\/geotrans-logo.png\",\"contentUrl\":\"https:\\\/\\\/geotrans.gr\\\/wp-content\\\/uploads\\\/2021\\\/04\\\/geotrans-logo.png\",\"width\":2087,\"height\":447,\"caption\":\"Geo Trans\"},\"image\":{\"@id\":\"https:\\\/\\\/geotrans.gr\\\/#\\\/schema\\\/logo\\\/image\\\/\"}}]}<\/script>\n<!-- \/ Yoast SEO plugin. -->","yoast_head_json":{"title":"Condiciones de uso - Geo Trans","robots":{"index":"index","follow":"follow","max-snippet":"max-snippet:-1","max-image-preview":"max-image-preview:large","max-video-preview":"max-video-preview:-1"},"canonical":"https:\/\/geotrans.gr\/es\/terms-of-use\/","og_locale":"es_ES","og_type":"article","og_title":"Condiciones de uso - Geo Trans","og_description":"[vc_row css=\u00bb.vc_custom_1632923241590{border-bottom-width: 50px !important;padding-top: 50px !important;}\u00bb][vc_column][vc_custom_heading text=\u00bbCondiciones de uso\u00bb google_fonts=\u00bbfont_family:Roboto%3A100%2C100italic%2C300%2C300italic%2Cregular%2Citalic%2C500%2C500italic%2C700%2C700italic%2C900%2C900italic|font_style:400%20regular%3A400%3Anormal\u00bb][vc_column_text]Toda la informaci\u00f3n contenida en este sitio web se proporciona con fines informativos generales. Geotrans S.A. puede realizar cambios en parte y\/o la totalidad del contenido en cualquier momento y sin previo aviso. Geotrans S.A. no se hace responsable de ning\u00fan da\u00f1o, directo o indirecto, que [&hellip;]","og_url":"https:\/\/geotrans.gr\/es\/terms-of-use\/","og_site_name":"Geo Trans","article_modified_time":"2021-11-25T14:36:00+00:00","twitter_card":"summary_large_image","twitter_misc":{"Tiempo de lectura":"2 minutos"},"schema":{"@context":"https:\/\/schema.org","@graph":[{"@type":"WebPage","@id":"https:\/\/geotrans.gr\/es\/terms-of-use\/","url":"https:\/\/geotrans.gr\/es\/terms-of-use\/","name":"Condiciones de uso - Geo Trans","isPartOf":{"@id":"https:\/\/geotrans.gr\/#website"},"datePublished":"2017-01-29T09:09:02+00:00","dateModified":"2021-11-25T14:36:00+00:00","breadcrumb":{"@id":"https:\/\/geotrans.gr\/es\/terms-of-use\/#breadcrumb"},"inLanguage":"es","potentialAction":[{"@type":"ReadAction","target":["https:\/\/geotrans.gr\/es\/terms-of-use\/"]}]},{"@type":"BreadcrumbList","@id":"https:\/\/geotrans.gr\/es\/terms-of-use\/#breadcrumb","itemListElement":[{"@type":"ListItem","position":1,"name":"Home","item":"https:\/\/geotrans.gr\/es\/"},{"@type":"ListItem","position":2,"name":"Condiciones de uso"}]},{"@type":"WebSite","@id":"https:\/\/geotrans.gr\/#website","url":"https:\/\/geotrans.gr\/","name":"Geo Trans","description":"","publisher":{"@id":"https:\/\/geotrans.gr\/#organization"},"potentialAction":[{"@type":"SearchAction","target":{"@type":"EntryPoint","urlTemplate":"https:\/\/geotrans.gr\/?s={search_term_string}"},"query-input":{"@type":"PropertyValueSpecification","valueRequired":true,"valueName":"search_term_string"}}],"inLanguage":"es"},{"@type":"Organization","@id":"https:\/\/geotrans.gr\/#organization","name":"Geo Trans","url":"https:\/\/geotrans.gr\/","logo":{"@type":"ImageObject","inLanguage":"es","@id":"https:\/\/geotrans.gr\/#\/schema\/logo\/image\/","url":"https:\/\/geotrans.gr\/wp-content\/uploads\/2021\/04\/geotrans-logo.png","contentUrl":"https:\/\/geotrans.gr\/wp-content\/uploads\/2021\/04\/geotrans-logo.png","width":2087,"height":447,"caption":"Geo Trans"},"image":{"@id":"https:\/\/geotrans.gr\/#\/schema\/logo\/image\/"}}]}},"_links":{"self":[{"href":"https:\/\/geotrans.gr\/es\/wp-json\/wp\/v2\/pages\/2654","targetHints":{"allow":["GET"]}}],"collection":[{"href":"https:\/\/geotrans.gr\/es\/wp-json\/wp\/v2\/pages"}],"about":[{"href":"https:\/\/geotrans.gr\/es\/wp-json\/wp\/v2\/types\/page"}],"author":[{"embeddable":true,"href":"https:\/\/geotrans.gr\/es\/wp-json\/wp\/v2\/users\/1"}],"replies":[{"embeddable":true,"href":"https:\/\/geotrans.gr\/es\/wp-json\/wp\/v2\/comments?post=2654"}],"version-history":[{"count":2,"href":"https:\/\/geotrans.gr\/es\/wp-json\/wp\/v2\/pages\/2654\/revisions"}],"predecessor-version":[{"id":2656,"href":"https:\/\/geotrans.gr\/es\/wp-json\/wp\/v2\/pages\/2654\/revisions\/2656"}],"wp:attachment":[{"href":"https:\/\/geotrans.gr\/es\/wp-json\/wp\/v2\/media?parent=2654"}],"curies":[{"name":"wp","href":"https:\/\/api.w.org\/{rel}","templated":true}]}}