{"id":2642,"date":"2021-06-22T12:11:07","date_gmt":"2021-06-22T09:11:07","guid":{"rendered":"https:\/\/geotrans.gr\/industries\/"},"modified":"2021-11-25T17:18:30","modified_gmt":"2021-11-25T14:18:30","slug":"industries","status":"publish","type":"page","link":"https:\/\/geotrans.gr\/es\/industries\/","title":{"rendered":"Industrias"},"content":{"rendered":"<p>[vc_row css=\u00bb.vc_custom_1635255636709{margin-top: 50px !important;}\u00bb][vc_column][vc_custom_heading text=\u00bbSoluciones de transporte que satisfacen los requisitos de sectores especiales de la industria.\u00bb font_container=\u00bbtag:h2|font_size:33|text_align:center|color:%23333333&#8243; google_fonts=\u00bbfont_family:Roboto%3A100%2C100italic%2C300%2C300italic%2Cregular%2Citalic%2C500%2C500italic%2C700%2C700italic%2C900%2C900italic|font_style:400%20regular%3A400%3Anormal\u00bb css=\u00bb.vc_custom_1637849729271{margin-bottom: 50px !important;}\u00bb el_class=\u00bbindustries-main-text\u00bb][\/vc_column][\/vc_row][vc_row css=\u00bb.vc_custom_1635255686890{margin-top: 50px !important;}\u00bb el_class=\u00bbindustry-row\u00bb][vc_column width=\u00bb1\/2&#8243;][vc_custom_heading text=\u00bbBienes de Gran Consumo\u00bb font_container=\u00bbtag:h3|text_align:left\u00bb google_fonts=\u00bbfont_family:Roboto%3A100%2C100italic%2C300%2C300italic%2Cregular%2Citalic%2C500%2C500italic%2C700%2C700italic%2C900%2C900italic|font_style:400%20regular%3A400%3Anormal\u00bb][vc_column_text]Menores costos, tiempos de entrega reducidos, visibilidad y tiempos de respuesta mejorados son algunos de los desaf\u00edos clave de la industria. Geotrans ofrece soluciones inteligentes para lograr la excelencia operativa.[\/vc_column_text][\/vc_column][vc_column width=\u00bb1\/2&#8243;][vc_single_image image=\u00bb2566&#8243; img_size=\u00bbfull\u00bb][\/vc_column][\/vc_row][vc_row el_class=\u00bbindustry-row\u00bb][vc_column width=\u00bb1\/2&#8243;][vc_single_image image=\u00bb2567&#8243; img_size=\u00bbfull\u00bb][\/vc_column][vc_column width=\u00bb1\/2&#8243;][vc_custom_heading text=\u00bbAlimentos y Bebidas\u00bb font_container=\u00bbtag:h3|text_align:left\u00bb google_fonts=\u00bbfont_family:Roboto%3A100%2C100italic%2C300%2C300italic%2Cregular%2Citalic%2C500%2C500italic%2C700%2C700italic%2C900%2C900italic|font_style:400%20regular%3A400%3Anormal\u00bb][vc_column_text]Las condiciones para la pr\u00e1ctica de entrega de \u201c\u00faltimo tramo\u201d en el sector de alimentos y bebidas son m\u00e1s maduras que en otros sectores. En el mundo pospand\u00e9mico, el reabastecimiento oportuno es crucial para generar confianza y obtener una ventaja competitiva. Geotrans es un socio de preferencia para el sector de alimentos y bebidas.[\/vc_column_text][\/vc_column][\/vc_row][vc_row el_class=\u00bbindustry-row\u00bb][vc_column width=\u00bb1\/2&#8243;][vc_custom_heading text=\u00bbMaquinaria y Equipo Industrial\u00bb font_container=\u00bbtag:h3|text_align:left\u00bb google_fonts=\u00bbfont_family:Roboto%3A100%2C100italic%2C300%2C300italic%2Cregular%2Citalic%2C500%2C500italic%2C700%2C700italic%2C900%2C900italic|font_style:400%20regular%3A400%3Anormal\u00bb][vc_column_text]Los clientes presionan cada vez m\u00e1s a los fabricantes de equipos industriales para que ofrezcan un modelo m\u00e1s flexible. La agilidad operativa es imprescindible en un sector en el que las compras se realizan bajo demanda. Nuestras soluciones de entregas de d\u00eda definido y de costo rentable ofrecen una ventaja competitiva.[\/vc_column_text][\/vc_column][vc_column width=\u00bb1\/2&#8243;][vc_single_image image=\u00bb2568&#8243; img_size=\u00bbfull\u00bb][\/vc_column][\/vc_row][vc_row el_class=\u00bbindustry-row\u00bb][vc_column width=\u00bb1\/2&#8243;][vc_single_image image=\u00bb2569&#8243; img_size=\u00bbfull\u00bb][\/vc_column][vc_column width=\u00bb1\/2&#8243;][vc_custom_heading text=\u00bbComponentes de Autom\u00f3viles\u00bb font_container=\u00bbtag:h3|text_align:left\u00bb google_fonts=\u00bbfont_family:Roboto%3A100%2C100italic%2C300%2C300italic%2Cregular%2Citalic%2C500%2C500italic%2C700%2C700italic%2C900%2C900italic|font_style:400%20regular%3A400%3Anormal\u00bb][vc_column_text]El mercado de repuestos de autom\u00f3viles hace frente al nuevo entorno de movilidad, la necesidad de servicios de m\u00faltiples fabricantes, la velocidad de comercializaci\u00f3n y los m\u00e1rgenes de beneficio cada vez m\u00e1s reducidos. Nuestra oferta de servicios garantiza el flujo continuo de mercanc\u00edas y la competitividad del mercado.[\/vc_column_text][\/vc_column][\/vc_row][vc_row el_class=\u00bbindustry-row\u00bb][vc_column width=\u00bb1\/2&#8243;][vc_custom_heading text=\u00bbBienes de Consumo y Distribuci\u00f3n Minorista\u00bb font_container=\u00bbtag:h3|text_align:left\u00bb google_fonts=\u00bbfont_family:Roboto%3A100%2C100italic%2C300%2C300italic%2Cregular%2Citalic%2C500%2C500italic%2C700%2C700italic%2C900%2C900italic|font_style:400%20regular%3A400%3Anormal\u00bb][vc_column_text]La creciente fuerza de las ventas en l\u00ednea es un factor importante en la industria de consumo y venta al por menor. Las capacidades garantizadas a un costo de transporte anual predeterminado es \u00abimprescindible\u00bb para las empresas que persiguen una estrategia de crecimiento sostenible. Geotrans comprende y apoya este trayecto[\/vc_column_text][\/vc_column][vc_column width=\u00bb1\/2&#8243;][vc_single_image image=\u00bb2570&#8243; img_size=\u00bbfull\u00bb][\/vc_column][\/vc_row]<\/p>\n","protected":false},"excerpt":{"rendered":"<p>[vc_row css=\u00bb.vc_custom_1635255636709{margin-top: 50px !important;}\u00bb][vc_column][vc_custom_heading text=\u00bbSoluciones de transporte que satisfacen los requisitos de sectores especiales de la industria.\u00bb font_container=\u00bbtag:h2|font_size:33|text_align:center|color:%23333333&#8243; google_fonts=\u00bbfont_family:Roboto%3A100%2C100italic%2C300%2C300italic%2Cregular%2Citalic%2C500%2C500italic%2C700%2C700italic%2C900%2C900italic|font_style:400%20regular%3A400%3Anormal\u00bb css=\u00bb.vc_custom_1637849729271{margin-bottom: 50px !important;}\u00bb el_class=\u00bbindustries-main-text\u00bb][\/vc_column][\/vc_row][vc_row css=\u00bb.vc_custom_1635255686890{margin-top: 50px !important;}\u00bb el_class=\u00bbindustry-row\u00bb][vc_column width=\u00bb1\/2&#8243;][vc_custom_heading text=\u00bbBienes de Gran Consumo\u00bb font_container=\u00bbtag:h3|text_align:left\u00bb google_fonts=\u00bbfont_family:Roboto%3A100%2C100italic%2C300%2C300italic%2Cregular%2Citalic%2C500%2C500italic%2C700%2C700italic%2C900%2C900italic|font_style:400%20regular%3A400%3Anormal\u00bb][vc_column_text]Menores costos, tiempos de entrega reducidos, visibilidad y tiempos de respuesta mejorados son algunos de los desaf\u00edos clave de la industria. Geotrans [&hellip;]<\/p>\n","protected":false},"author":1,"featured_media":0,"parent":0,"menu_order":0,"comment_status":"closed","ping_status":"closed","template":"","meta":{"footnotes":""},"class_list":["post-2642","page","type-page","status-publish","hentry"],"yoast_head":"<!-- This site is optimized with the Yoast SEO plugin v27.4 - https:\/\/yoast.com\/product\/yoast-seo-wordpress\/ -->\n<title>Industrias - Geo Trans<\/title>\n<meta name=\"robots\" content=\"index, follow, max-snippet:-1, max-image-preview:large, max-video-preview:-1\" \/>\n<link rel=\"canonical\" href=\"https:\/\/geotrans.gr\/es\/industries\/\" \/>\n<meta property=\"og:locale\" content=\"es_ES\" \/>\n<meta property=\"og:type\" content=\"article\" \/>\n<meta property=\"og:title\" content=\"Industrias - Geo Trans\" \/>\n<meta property=\"og:description\" content=\"[vc_row css=\u00bb.vc_custom_1635255636709{margin-top: 50px !important;}\u00bb][vc_column][vc_custom_heading text=\u00bbSoluciones de transporte que satisfacen los requisitos de sectores especiales de la industria.\u00bb font_container=\u00bbtag:h2|font_size:33|text_align:center|color:%23333333&#8243; google_fonts=\u00bbfont_family:Roboto%3A100%2C100italic%2C300%2C300italic%2Cregular%2Citalic%2C500%2C500italic%2C700%2C700italic%2C900%2C900italic|font_style:400%20regular%3A400%3Anormal\u00bb css=\u00bb.vc_custom_1637849729271{margin-bottom: 50px !important;}\u00bb el_class=\u00bbindustries-main-text\u00bb][\/vc_column][\/vc_row][vc_row css=\u00bb.vc_custom_1635255686890{margin-top: 50px !important;}\u00bb el_class=\u00bbindustry-row\u00bb][vc_column width=\u00bb1\/2&#8243;][vc_custom_heading text=\u00bbBienes de Gran Consumo\u00bb font_container=\u00bbtag:h3|text_align:left\u00bb google_fonts=\u00bbfont_family:Roboto%3A100%2C100italic%2C300%2C300italic%2Cregular%2Citalic%2C500%2C500italic%2C700%2C700italic%2C900%2C900italic|font_style:400%20regular%3A400%3Anormal\u00bb][vc_column_text]Menores costos, tiempos de entrega reducidos, visibilidad y tiempos de respuesta mejorados son algunos de los desaf\u00edos clave de la industria. Geotrans [&hellip;]\" \/>\n<meta property=\"og:url\" content=\"https:\/\/geotrans.gr\/es\/industries\/\" \/>\n<meta property=\"og:site_name\" content=\"Geo Trans\" \/>\n<meta property=\"article:modified_time\" content=\"2021-11-25T14:18:30+00:00\" \/>\n<meta name=\"twitter:card\" content=\"summary_large_image\" \/>\n<meta name=\"twitter:label1\" content=\"Tiempo de lectura\" \/>\n\t<meta name=\"twitter:data1\" content=\"3 minutos\" \/>\n<script type=\"application\/ld+json\" class=\"yoast-schema-graph\">{\"@context\":\"https:\\\/\\\/schema.org\",\"@graph\":[{\"@type\":\"WebPage\",\"@id\":\"https:\\\/\\\/geotrans.gr\\\/es\\\/industries\\\/\",\"url\":\"https:\\\/\\\/geotrans.gr\\\/es\\\/industries\\\/\",\"name\":\"Industrias - Geo Trans\",\"isPartOf\":{\"@id\":\"https:\\\/\\\/geotrans.gr\\\/#website\"},\"datePublished\":\"2021-06-22T09:11:07+00:00\",\"dateModified\":\"2021-11-25T14:18:30+00:00\",\"breadcrumb\":{\"@id\":\"https:\\\/\\\/geotrans.gr\\\/es\\\/industries\\\/#breadcrumb\"},\"inLanguage\":\"es\",\"potentialAction\":[{\"@type\":\"ReadAction\",\"target\":[\"https:\\\/\\\/geotrans.gr\\\/es\\\/industries\\\/\"]}]},{\"@type\":\"BreadcrumbList\",\"@id\":\"https:\\\/\\\/geotrans.gr\\\/es\\\/industries\\\/#breadcrumb\",\"itemListElement\":[{\"@type\":\"ListItem\",\"position\":1,\"name\":\"Home\",\"item\":\"https:\\\/\\\/geotrans.gr\\\/es\\\/\"},{\"@type\":\"ListItem\",\"position\":2,\"name\":\"Industrias\"}]},{\"@type\":\"WebSite\",\"@id\":\"https:\\\/\\\/geotrans.gr\\\/#website\",\"url\":\"https:\\\/\\\/geotrans.gr\\\/\",\"name\":\"Geo Trans\",\"description\":\"\",\"publisher\":{\"@id\":\"https:\\\/\\\/geotrans.gr\\\/#organization\"},\"potentialAction\":[{\"@type\":\"SearchAction\",\"target\":{\"@type\":\"EntryPoint\",\"urlTemplate\":\"https:\\\/\\\/geotrans.gr\\\/?s={search_term_string}\"},\"query-input\":{\"@type\":\"PropertyValueSpecification\",\"valueRequired\":true,\"valueName\":\"search_term_string\"}}],\"inLanguage\":\"es\"},{\"@type\":\"Organization\",\"@id\":\"https:\\\/\\\/geotrans.gr\\\/#organization\",\"name\":\"Geo Trans\",\"url\":\"https:\\\/\\\/geotrans.gr\\\/\",\"logo\":{\"@type\":\"ImageObject\",\"inLanguage\":\"es\",\"@id\":\"https:\\\/\\\/geotrans.gr\\\/#\\\/schema\\\/logo\\\/image\\\/\",\"url\":\"https:\\\/\\\/geotrans.gr\\\/wp-content\\\/uploads\\\/2021\\\/04\\\/geotrans-logo.png\",\"contentUrl\":\"https:\\\/\\\/geotrans.gr\\\/wp-content\\\/uploads\\\/2021\\\/04\\\/geotrans-logo.png\",\"width\":2087,\"height\":447,\"caption\":\"Geo Trans\"},\"image\":{\"@id\":\"https:\\\/\\\/geotrans.gr\\\/#\\\/schema\\\/logo\\\/image\\\/\"}}]}<\/script>\n<!-- \/ Yoast SEO plugin. -->","yoast_head_json":{"title":"Industrias - Geo Trans","robots":{"index":"index","follow":"follow","max-snippet":"max-snippet:-1","max-image-preview":"max-image-preview:large","max-video-preview":"max-video-preview:-1"},"canonical":"https:\/\/geotrans.gr\/es\/industries\/","og_locale":"es_ES","og_type":"article","og_title":"Industrias - Geo Trans","og_description":"[vc_row css=\u00bb.vc_custom_1635255636709{margin-top: 50px !important;}\u00bb][vc_column][vc_custom_heading text=\u00bbSoluciones de transporte que satisfacen los requisitos de sectores especiales de la industria.\u00bb font_container=\u00bbtag:h2|font_size:33|text_align:center|color:%23333333&#8243; google_fonts=\u00bbfont_family:Roboto%3A100%2C100italic%2C300%2C300italic%2Cregular%2Citalic%2C500%2C500italic%2C700%2C700italic%2C900%2C900italic|font_style:400%20regular%3A400%3Anormal\u00bb css=\u00bb.vc_custom_1637849729271{margin-bottom: 50px !important;}\u00bb el_class=\u00bbindustries-main-text\u00bb][\/vc_column][\/vc_row][vc_row css=\u00bb.vc_custom_1635255686890{margin-top: 50px !important;}\u00bb el_class=\u00bbindustry-row\u00bb][vc_column width=\u00bb1\/2&#8243;][vc_custom_heading text=\u00bbBienes de Gran Consumo\u00bb font_container=\u00bbtag:h3|text_align:left\u00bb google_fonts=\u00bbfont_family:Roboto%3A100%2C100italic%2C300%2C300italic%2Cregular%2Citalic%2C500%2C500italic%2C700%2C700italic%2C900%2C900italic|font_style:400%20regular%3A400%3Anormal\u00bb][vc_column_text]Menores costos, tiempos de entrega reducidos, visibilidad y tiempos de respuesta mejorados son algunos de los desaf\u00edos clave de la industria. Geotrans [&hellip;]","og_url":"https:\/\/geotrans.gr\/es\/industries\/","og_site_name":"Geo Trans","article_modified_time":"2021-11-25T14:18:30+00:00","twitter_card":"summary_large_image","twitter_misc":{"Tiempo de lectura":"3 minutos"},"schema":{"@context":"https:\/\/schema.org","@graph":[{"@type":"WebPage","@id":"https:\/\/geotrans.gr\/es\/industries\/","url":"https:\/\/geotrans.gr\/es\/industries\/","name":"Industrias - Geo Trans","isPartOf":{"@id":"https:\/\/geotrans.gr\/#website"},"datePublished":"2021-06-22T09:11:07+00:00","dateModified":"2021-11-25T14:18:30+00:00","breadcrumb":{"@id":"https:\/\/geotrans.gr\/es\/industries\/#breadcrumb"},"inLanguage":"es","potentialAction":[{"@type":"ReadAction","target":["https:\/\/geotrans.gr\/es\/industries\/"]}]},{"@type":"BreadcrumbList","@id":"https:\/\/geotrans.gr\/es\/industries\/#breadcrumb","itemListElement":[{"@type":"ListItem","position":1,"name":"Home","item":"https:\/\/geotrans.gr\/es\/"},{"@type":"ListItem","position":2,"name":"Industrias"}]},{"@type":"WebSite","@id":"https:\/\/geotrans.gr\/#website","url":"https:\/\/geotrans.gr\/","name":"Geo Trans","description":"","publisher":{"@id":"https:\/\/geotrans.gr\/#organization"},"potentialAction":[{"@type":"SearchAction","target":{"@type":"EntryPoint","urlTemplate":"https:\/\/geotrans.gr\/?s={search_term_string}"},"query-input":{"@type":"PropertyValueSpecification","valueRequired":true,"valueName":"search_term_string"}}],"inLanguage":"es"},{"@type":"Organization","@id":"https:\/\/geotrans.gr\/#organization","name":"Geo Trans","url":"https:\/\/geotrans.gr\/","logo":{"@type":"ImageObject","inLanguage":"es","@id":"https:\/\/geotrans.gr\/#\/schema\/logo\/image\/","url":"https:\/\/geotrans.gr\/wp-content\/uploads\/2021\/04\/geotrans-logo.png","contentUrl":"https:\/\/geotrans.gr\/wp-content\/uploads\/2021\/04\/geotrans-logo.png","width":2087,"height":447,"caption":"Geo Trans"},"image":{"@id":"https:\/\/geotrans.gr\/#\/schema\/logo\/image\/"}}]}},"_links":{"self":[{"href":"https:\/\/geotrans.gr\/es\/wp-json\/wp\/v2\/pages\/2642","targetHints":{"allow":["GET"]}}],"collection":[{"href":"https:\/\/geotrans.gr\/es\/wp-json\/wp\/v2\/pages"}],"about":[{"href":"https:\/\/geotrans.gr\/es\/wp-json\/wp\/v2\/types\/page"}],"author":[{"embeddable":true,"href":"https:\/\/geotrans.gr\/es\/wp-json\/wp\/v2\/users\/1"}],"replies":[{"embeddable":true,"href":"https:\/\/geotrans.gr\/es\/wp-json\/wp\/v2\/comments?post=2642"}],"version-history":[{"count":3,"href":"https:\/\/geotrans.gr\/es\/wp-json\/wp\/v2\/pages\/2642\/revisions"}],"predecessor-version":[{"id":2645,"href":"https:\/\/geotrans.gr\/es\/wp-json\/wp\/v2\/pages\/2642\/revisions\/2645"}],"wp:attachment":[{"href":"https:\/\/geotrans.gr\/es\/wp-json\/wp\/v2\/media?parent=2642"}],"curies":[{"name":"wp","href":"https:\/\/api.w.org\/{rel}","templated":true}]}}