{"id":2614,"date":"2017-01-29T06:59:51","date_gmt":"2017-01-29T06:59:51","guid":{"rendered":"https:\/\/geotrans.gr\/solutions-overview\/"},"modified":"2021-11-26T18:20:39","modified_gmt":"2021-11-26T15:20:39","slug":"solutions-overview","status":"publish","type":"page","link":"https:\/\/geotrans.gr\/es\/solutions-overview\/","title":{"rendered":"Soluciones"},"content":{"rendered":"<p>[vc_row css=\u00bb.vc_custom_1486368081561{padding-top: 70px !important;}\u00bb][vc_column][vc_column_text]<\/p>\n<h2>Mucho m\u00e1s que un servicio de transportaci\u00f3n<\/h2>\n<p class=\"text-size-medium\">No tiene que ser complicado. Lo consideramos asunto propio. Entregamos su carga a tiempo, completa y sin errores.<\/p>\n<p class=\"text-size-medium\"><strong>Nos centramos en entender sus desaf\u00edos relacionados con <\/strong> la falta de espacios en per\u00edodos de mayor actividad, la mitigaci\u00f3n del riesgo y la optimizaci\u00f3n de su cadena de suministro.<\/p>\n<p>[\/vc_column_text][\/vc_column][\/vc_row][vc_row css=\u00bb.vc_custom_1489133836401{margin-bottom: 0px !important;padding-bottom: 70px !important;}\u00bb][vc_column][vc_mad_services items=\u00bb-1&#8243; text_count=\u00bb80&#8243; columns=\u00bb4&#8243;]<\/p>\n<p>Click edit button to change this text.<\/p>\n<p>[\/vc_mad_services][\/vc_column][\/vc_row][vc_row full_width=\u00bbstretch_row\u00bb css=\u00bb.vc_custom_1486374427284{margin-bottom: 0px !important;padding-top: 60px !important;padding-bottom: 60px !important;background-color: #2a2c32 !important;}\u00bb][vc_column][vc_mad_call_out title_color=\u00bb#ffffff\u00bb btn_txt_color=\u00bb#ffffff\u00bb type=\u00bbtype-2&#8243; phone_title=\u00bbLlama\u00bb phone_color=\u00bb#ffffff\u00bb title=\u00bbPerm\u00edtenos ayudarte a encontrar una soluci\u00f3n que se ajuste a tus necesidades\u00bb phone1=\u00bb+30 210 5540231&#8243; link2=\u00bburl:%2Fes%2Fcontact%2F|title:Cont%C3%A1ctenos\u00bb][\/vc_mad_call_out][\/vc_column][\/vc_row]<\/p>\n","protected":false},"excerpt":{"rendered":"<p>[vc_row css=\u00bb.vc_custom_1486368081561{padding-top: 70px !important;}\u00bb][vc_column][vc_column_text] Mucho m\u00e1s que un servicio de transportaci\u00f3n No tiene que ser complicado. Lo consideramos asunto propio. Entregamos su carga a tiempo, completa y sin errores. Nos centramos en entender sus desaf\u00edos relacionados con la falta de espacios en per\u00edodos de mayor actividad, la mitigaci\u00f3n del riesgo y la optimizaci\u00f3n de su [&hellip;]<\/p>\n","protected":false},"author":1,"featured_media":0,"parent":0,"menu_order":0,"comment_status":"closed","ping_status":"closed","template":"","meta":{"footnotes":""},"class_list":["post-2614","page","type-page","status-publish","hentry"],"yoast_head":"<!-- This site is optimized with the Yoast SEO plugin v27.4 - https:\/\/yoast.com\/product\/yoast-seo-wordpress\/ -->\n<title>Soluciones - Geo Trans<\/title>\n<meta name=\"robots\" content=\"index, follow, max-snippet:-1, max-image-preview:large, max-video-preview:-1\" \/>\n<link rel=\"canonical\" href=\"https:\/\/geotrans.gr\/es\/solutions-overview\/\" \/>\n<meta property=\"og:locale\" content=\"es_ES\" \/>\n<meta property=\"og:type\" content=\"article\" \/>\n<meta property=\"og:title\" content=\"Soluciones - Geo Trans\" \/>\n<meta property=\"og:description\" content=\"[vc_row css=\u00bb.vc_custom_1486368081561{padding-top: 70px !important;}\u00bb][vc_column][vc_column_text] Mucho m\u00e1s que un servicio de transportaci\u00f3n No tiene que ser complicado. Lo consideramos asunto propio. Entregamos su carga a tiempo, completa y sin errores. Nos centramos en entender sus desaf\u00edos relacionados con la falta de espacios en per\u00edodos de mayor actividad, la mitigaci\u00f3n del riesgo y la optimizaci\u00f3n de su [&hellip;]\" \/>\n<meta property=\"og:url\" content=\"https:\/\/geotrans.gr\/es\/solutions-overview\/\" \/>\n<meta property=\"og:site_name\" content=\"Geo Trans\" \/>\n<meta property=\"article:modified_time\" content=\"2021-11-26T15:20:39+00:00\" \/>\n<meta name=\"twitter:card\" content=\"summary_large_image\" \/>\n<meta name=\"twitter:label1\" content=\"Tiempo de lectura\" \/>\n\t<meta name=\"twitter:data1\" content=\"1 minuto\" \/>\n<script type=\"application\/ld+json\" class=\"yoast-schema-graph\">{\"@context\":\"https:\\\/\\\/schema.org\",\"@graph\":[{\"@type\":\"WebPage\",\"@id\":\"https:\\\/\\\/geotrans.gr\\\/es\\\/solutions-overview\\\/\",\"url\":\"https:\\\/\\\/geotrans.gr\\\/es\\\/solutions-overview\\\/\",\"name\":\"Soluciones - Geo Trans\",\"isPartOf\":{\"@id\":\"https:\\\/\\\/geotrans.gr\\\/#website\"},\"datePublished\":\"2017-01-29T06:59:51+00:00\",\"dateModified\":\"2021-11-26T15:20:39+00:00\",\"breadcrumb\":{\"@id\":\"https:\\\/\\\/geotrans.gr\\\/es\\\/solutions-overview\\\/#breadcrumb\"},\"inLanguage\":\"es\",\"potentialAction\":[{\"@type\":\"ReadAction\",\"target\":[\"https:\\\/\\\/geotrans.gr\\\/es\\\/solutions-overview\\\/\"]}]},{\"@type\":\"BreadcrumbList\",\"@id\":\"https:\\\/\\\/geotrans.gr\\\/es\\\/solutions-overview\\\/#breadcrumb\",\"itemListElement\":[{\"@type\":\"ListItem\",\"position\":1,\"name\":\"Home\",\"item\":\"https:\\\/\\\/geotrans.gr\\\/es\\\/\"},{\"@type\":\"ListItem\",\"position\":2,\"name\":\"Soluciones\"}]},{\"@type\":\"WebSite\",\"@id\":\"https:\\\/\\\/geotrans.gr\\\/#website\",\"url\":\"https:\\\/\\\/geotrans.gr\\\/\",\"name\":\"Geo Trans\",\"description\":\"\",\"publisher\":{\"@id\":\"https:\\\/\\\/geotrans.gr\\\/#organization\"},\"potentialAction\":[{\"@type\":\"SearchAction\",\"target\":{\"@type\":\"EntryPoint\",\"urlTemplate\":\"https:\\\/\\\/geotrans.gr\\\/?s={search_term_string}\"},\"query-input\":{\"@type\":\"PropertyValueSpecification\",\"valueRequired\":true,\"valueName\":\"search_term_string\"}}],\"inLanguage\":\"es\"},{\"@type\":\"Organization\",\"@id\":\"https:\\\/\\\/geotrans.gr\\\/#organization\",\"name\":\"Geo Trans\",\"url\":\"https:\\\/\\\/geotrans.gr\\\/\",\"logo\":{\"@type\":\"ImageObject\",\"inLanguage\":\"es\",\"@id\":\"https:\\\/\\\/geotrans.gr\\\/#\\\/schema\\\/logo\\\/image\\\/\",\"url\":\"https:\\\/\\\/geotrans.gr\\\/wp-content\\\/uploads\\\/2021\\\/04\\\/geotrans-logo.png\",\"contentUrl\":\"https:\\\/\\\/geotrans.gr\\\/wp-content\\\/uploads\\\/2021\\\/04\\\/geotrans-logo.png\",\"width\":2087,\"height\":447,\"caption\":\"Geo Trans\"},\"image\":{\"@id\":\"https:\\\/\\\/geotrans.gr\\\/#\\\/schema\\\/logo\\\/image\\\/\"}}]}<\/script>\n<!-- \/ Yoast SEO plugin. -->","yoast_head_json":{"title":"Soluciones - Geo Trans","robots":{"index":"index","follow":"follow","max-snippet":"max-snippet:-1","max-image-preview":"max-image-preview:large","max-video-preview":"max-video-preview:-1"},"canonical":"https:\/\/geotrans.gr\/es\/solutions-overview\/","og_locale":"es_ES","og_type":"article","og_title":"Soluciones - Geo Trans","og_description":"[vc_row css=\u00bb.vc_custom_1486368081561{padding-top: 70px !important;}\u00bb][vc_column][vc_column_text] Mucho m\u00e1s que un servicio de transportaci\u00f3n No tiene que ser complicado. Lo consideramos asunto propio. Entregamos su carga a tiempo, completa y sin errores. Nos centramos en entender sus desaf\u00edos relacionados con la falta de espacios en per\u00edodos de mayor actividad, la mitigaci\u00f3n del riesgo y la optimizaci\u00f3n de su [&hellip;]","og_url":"https:\/\/geotrans.gr\/es\/solutions-overview\/","og_site_name":"Geo Trans","article_modified_time":"2021-11-26T15:20:39+00:00","twitter_card":"summary_large_image","twitter_misc":{"Tiempo de lectura":"1 minuto"},"schema":{"@context":"https:\/\/schema.org","@graph":[{"@type":"WebPage","@id":"https:\/\/geotrans.gr\/es\/solutions-overview\/","url":"https:\/\/geotrans.gr\/es\/solutions-overview\/","name":"Soluciones - Geo Trans","isPartOf":{"@id":"https:\/\/geotrans.gr\/#website"},"datePublished":"2017-01-29T06:59:51+00:00","dateModified":"2021-11-26T15:20:39+00:00","breadcrumb":{"@id":"https:\/\/geotrans.gr\/es\/solutions-overview\/#breadcrumb"},"inLanguage":"es","potentialAction":[{"@type":"ReadAction","target":["https:\/\/geotrans.gr\/es\/solutions-overview\/"]}]},{"@type":"BreadcrumbList","@id":"https:\/\/geotrans.gr\/es\/solutions-overview\/#breadcrumb","itemListElement":[{"@type":"ListItem","position":1,"name":"Home","item":"https:\/\/geotrans.gr\/es\/"},{"@type":"ListItem","position":2,"name":"Soluciones"}]},{"@type":"WebSite","@id":"https:\/\/geotrans.gr\/#website","url":"https:\/\/geotrans.gr\/","name":"Geo Trans","description":"","publisher":{"@id":"https:\/\/geotrans.gr\/#organization"},"potentialAction":[{"@type":"SearchAction","target":{"@type":"EntryPoint","urlTemplate":"https:\/\/geotrans.gr\/?s={search_term_string}"},"query-input":{"@type":"PropertyValueSpecification","valueRequired":true,"valueName":"search_term_string"}}],"inLanguage":"es"},{"@type":"Organization","@id":"https:\/\/geotrans.gr\/#organization","name":"Geo Trans","url":"https:\/\/geotrans.gr\/","logo":{"@type":"ImageObject","inLanguage":"es","@id":"https:\/\/geotrans.gr\/#\/schema\/logo\/image\/","url":"https:\/\/geotrans.gr\/wp-content\/uploads\/2021\/04\/geotrans-logo.png","contentUrl":"https:\/\/geotrans.gr\/wp-content\/uploads\/2021\/04\/geotrans-logo.png","width":2087,"height":447,"caption":"Geo Trans"},"image":{"@id":"https:\/\/geotrans.gr\/#\/schema\/logo\/image\/"}}]}},"_links":{"self":[{"href":"https:\/\/geotrans.gr\/es\/wp-json\/wp\/v2\/pages\/2614","targetHints":{"allow":["GET"]}}],"collection":[{"href":"https:\/\/geotrans.gr\/es\/wp-json\/wp\/v2\/pages"}],"about":[{"href":"https:\/\/geotrans.gr\/es\/wp-json\/wp\/v2\/types\/page"}],"author":[{"embeddable":true,"href":"https:\/\/geotrans.gr\/es\/wp-json\/wp\/v2\/users\/1"}],"replies":[{"embeddable":true,"href":"https:\/\/geotrans.gr\/es\/wp-json\/wp\/v2\/comments?post=2614"}],"version-history":[{"count":3,"href":"https:\/\/geotrans.gr\/es\/wp-json\/wp\/v2\/pages\/2614\/revisions"}],"predecessor-version":[{"id":3413,"href":"https:\/\/geotrans.gr\/es\/wp-json\/wp\/v2\/pages\/2614\/revisions\/3413"}],"wp:attachment":[{"href":"https:\/\/geotrans.gr\/es\/wp-json\/wp\/v2\/media?parent=2614"}],"curies":[{"name":"wp","href":"https:\/\/api.w.org\/{rel}","templated":true}]}}