{"id":2601,"date":"2017-01-29T06:54:17","date_gmt":"2017-01-29T03:54:17","guid":{"rendered":"https:\/\/geotrans.gr\/home\/"},"modified":"2021-11-26T18:18:38","modified_gmt":"2021-11-26T15:18:38","slug":"home","status":"publish","type":"page","link":"https:\/\/geotrans.gr\/es\/","title":{"rendered":"Inicio"},"content":{"rendered":"<p>[vc_row el_id=\u00bbslider-home\u00bb][vc_column][rev_slider_vc alias=\u00bbslider-1-de-1&#8243;][\/vc_column][\/vc_row][vc_row css=\u00bb.vc_custom_1489063676994{padding-top: 30px !important;padding-bottom: 30px !important;}\u00bb][vc_column offset=\u00bbvc_col-lg-4 vc_col-md-12 vc_col-xs-12&#8243;][vc_column_text]<\/p>\n<h2 class=\"section-title\">Acerca de nosotros<\/h2>\n<p class=\"text-size-medium\">Geotrans es una empresa griega que ofrece servicios de transporte de mercanc\u00edas internacional y soluciones de cadena de suministro integradas.<\/p>\n<p><strong><a class=\"info-btn btn btn-small about-home-btn\" href=\"\/es\/company\">M\u00c1S<\/a><\/strong>[\/vc_column_text][\/vc_column][vc_column offset=\u00bbvc_col-lg-8 vc_col-md-12 vc_col-xs-12&#8243;]\r\n\t\t\t<div  class=\"infoblock banners-wrap type-1  fx-cols-2\">\r\n\t\t\t\r\n\t\t\t\t\t\t\t\r\n\t\t\t\r\n\t\t\t\t\r\n\t\t\t\t\t\t<a class=\"banner-item\" title=\"M\u00c1S\" target=\"_self\" href=\"\/es\/solutions-overview\/\">\r\n\t\t\t\t\t\t\r\n\t\t\t<div class=\"banner-inner\">\t\t\t\r\n\t\t\t\t\t\t\t\t\t<h5 class=\"banner-title\">Soluciones<\/h5>\r\n\t\t\t\t\t\r\n\t\t\t\t\r\n\t\t\t\t<p>No tiene que ser complicado. Lo consideramos asunto propio. Entregamos su carga a tiempo, completa y sin errores.<\/p>\n\t\r\n\r\n\t\t\t\t\t\t\t\t<div class=\"btn btn-small\">M\u00c1S<\/div>\r\n\t\t\t\t\t\t\t\t\r\n\t\t\t\t\t\t\t\t\t\t\t\t\t\t\t\t\t<i class=\"licon-quote-open\"><\/i>\r\n\t\t\t\t\t\t\t\t\t\t\t\r\n\t\t\t\t\t\t\t\t<\/div>\t\r\n\t\t\t\r\n\t\t\t\t\t\t<\/a>\r\n\t\t\t\r\n\t\t\t\r\n\t\t\t\r\n\t\t\t\r\n\t\t\t\t\t\t<a class=\"banner-item\" title=\"M\u00c1S\" target=\"_blank\" href=\"\/es\/industries\">\r\n\t\t\t\t\t\t\r\n\t\t\t<div class=\"banner-inner\">\t\t\t\r\n\t\t\t\t\t\t\t\t\t<h5 class=\"banner-title\">Industrias<\/h5>\r\n\t\t\t\t\t\r\n\t\t\t\t\r\n\t\t\t\t<p>Soluciones de transporte que satisfacen los requisitos de sectores especiales de la industria.<\/p>\n\t\r\n\r\n\t\t\t\t\t\t\t\t<div class=\"btn btn-small\">M\u00c1S<\/div>\r\n\t\t\t\t\t\t\t\t\r\n\t\t\t\t\t\t\t\t\t\t\t\t\t\t\t\t\t<i class=\"licon-cord\"><\/i>\r\n\t\t\t\t\t\t\t\t\t\t\t\r\n\t\t\t\t\t\t\t\t<\/div>\t\r\n\t\t\t\r\n\t\t\t\t\t\t<\/a>\r\n\t\t\t\r\n\t\t\t\r\n\t\t\t\r\n\t\t\t\r\n\t\t\t\t\t\t<a class=\"banner-item\" title=\"M\u00c1S\" target=\"_self\" href=\"#contact_form-homepage\">\r\n\t\t\t\t\t\t\r\n\t\t\t<div class=\"banner-inner\">\t\t\t\r\n\t\t\t\t\t\t\t\t\t<h5 class=\"banner-title\">Habla con los dirigentes<\/h5>\r\n\t\t\t\t\t\r\n\t\t\t\t\r\n\t\t\t\t<p>Tienes sugerencias o quieres darnos tu opini\u00f3n?<\/p>\n\t\r\n\r\n\t\t\t\t\t\t\t\t<div class=\"btn btn-small\">M\u00c1S<\/div>\r\n\t\t\t\t\t\t\t\t\r\n\t\t\t\t\t\t\t\t\t\t\t\t\t\t\t\t\t<i class=\"licon-book2\"><\/i>\r\n\t\t\t\t\t\t\t\t\t\t\t\r\n\t\t\t\t\t\t\t\t<\/div>\t\r\n\t\t\t\r\n\t\t\t\t\t\t<\/a>\r\n\t\t\t\r\n\t\t\t\r\n\t\t\t\r\n\t\t\t\r\n\t\t\t\t\t\t<a class=\"banner-item\" title=\"M\u00c1S\" target=\"_self\" href=\"#contact_form-homepage\">\r\n\t\t\t\t\t\t\r\n\t\t\t<div class=\"banner-inner\">\t\t\t\r\n\t\t\t\t\t\t\t\t\t<h5 class=\"banner-title\">Consigue una cotizaci\u00f3n<\/h5>\r\n\t\t\t\t\t\r\n\t\t\t\t\r\n\t\t\t\t<p>Perm\u00edtenos ayudarte a encontrar una soluci\u00f3n que se ajuste a tus necesidades<\/p>\n\t\r\n\r\n\t\t\t\t\t\t\t\t<div class=\"btn btn-small\">M\u00c1S<\/div>\r\n\t\t\t\t\t\t\t\t\r\n\t\t\t\t\t\t\t\t\t\t\t\t\t\t\t\t\t<i class=\"licon-question-circle\"><\/i>\r\n\t\t\t\t\t\t\t\t\t\t\t\r\n\t\t\t\t\t\t\t\t<\/div>\t\r\n\t\t\t\r\n\t\t\t\t\t\t<\/a>\r\n\t\t\t\r\n\t\t\t\r\n\t\t\t\r\n\t\t\t\t\t\t\t\r\n\t\t\t\t\r\n\t\t\t<\/div><!--\/ .infoblock-->\r\n\r\n\t\t\t[\/vc_column][\/vc_row][vc_row full_width=\u00bbstretch_row\u00bb css=\u00bb.vc_custom_1489768173712{margin-top: 0px !important;margin-bottom: 0px !important;padding-top: 70px !important;padding-bottom: 70px !important;background-color: #f8f9fa !important;}\u00bb][vc_column][vc_mad_services items=\u00bb8&#8243; text_count=\u00bb67&#8243; columns=\u00bb4&#8243; orderby=\u00bbdate\u00bb title_top=\u00bbQU\u00c9 OFRECEMOS\u00bb title=\u00bbNuestras Soluciones\u00bb]Nuestros profesionales experimentados y apasionados brindan soluciones inteligentes y econ\u00f3micas tanto para peque\u00f1as y medianas empresas como para corporaciones multinacionales, ayud\u00e1ndoles en su objetivo para obtener ventaja sobre sus competidores y lograr la excelencia operativa.[\/vc_mad_services][vc_column_text]<\/p>\n<div id=\"contact_form-homepage\"><\/div>\n<p>[\/vc_column_text][\/vc_column][\/vc_row][vc_row bg_type=\u00bbbg_color\u00bb css=\u00bb.vc_custom_1632923451560{margin-bottom: 0px !important;padding-top: 70px !important;padding-bottom: 50px !important;}\u00bb][vc_column offset=\u00bbvc_col-lg-6 vc_col-md-12 vc_col-xs-12&#8243;][vc_mad_custom_title title_top_color=\u00bb#aab3b6&#8243; title_color=\u00bb#2a2c32&#8243; title_top=\u00bbOBTENGA UNA COTIZACI\u00d3N\u00bb title=\u00bb\u00a1Obt\u00e9n un presupuesto!\u00bb]\n<div class=\"wpcf7 no-js\" id=\"wpcf7-f2653-o1\" lang=\"es-ES\" dir=\"ltr\" data-wpcf7-id=\"2653\">\n<div class=\"screen-reader-response\"><p role=\"status\" aria-live=\"polite\" aria-atomic=\"true\"><\/p> <ul><\/ul><\/div>\n<form action=\"\/es\/wp-json\/wp\/v2\/pages\/2601#wpcf7-f2653-o1\" method=\"post\" class=\"wpcf7-form init\" aria-label=\"Formulario de contacto\" enctype=\"multipart\/form-data\" novalidate=\"novalidate\" data-status=\"init\">\n<fieldset class=\"hidden-fields-container\"><input type=\"hidden\" name=\"_wpcf7\" value=\"2653\" \/><input type=\"hidden\" name=\"_wpcf7_version\" value=\"6.1.5\" \/><input type=\"hidden\" name=\"_wpcf7_locale\" value=\"es_ES\" \/><input type=\"hidden\" name=\"_wpcf7_unit_tag\" value=\"wpcf7-f2653-o1\" \/><input type=\"hidden\" name=\"_wpcf7_container_post\" value=\"0\" \/><input type=\"hidden\" name=\"_wpcf7_posted_data_hash\" value=\"\" \/><input type=\"hidden\" name=\"_wpcf7cf_hidden_group_fields\" value=\"\" \/><input type=\"hidden\" name=\"_wpcf7cf_hidden_groups\" value=\"\" \/><input type=\"hidden\" name=\"_wpcf7cf_visible_groups\" value=\"\" \/><input type=\"hidden\" name=\"_wpcf7cf_repeaters\" value=\"[]\" \/><input type=\"hidden\" name=\"_wpcf7cf_steps\" value=\"{}\" \/><input type=\"hidden\" name=\"_wpcf7cf_options\" value=\"{&quot;form_id&quot;:2653,&quot;conditions&quot;:[{&quot;then_field&quot;:&quot;group-1&quot;,&quot;and_rules&quot;:[{&quot;if_field&quot;:&quot;reason&quot;,&quot;operator&quot;:&quot;equals&quot;,&quot;if_value&quot;:&quot;Obt\\u00e9n un presupuesto&quot;}]},{&quot;then_field&quot;:&quot;group-2&quot;,&quot;and_rules&quot;:[{&quot;if_field&quot;:&quot;reason&quot;,&quot;operator&quot;:&quot;equals&quot;,&quot;if_value&quot;:&quot;Solicita cooperaci\\u00f3n&quot;}]},{&quot;then_field&quot;:&quot;group-3&quot;,&quot;and_rules&quot;:[{&quot;if_field&quot;:&quot;reason&quot;,&quot;operator&quot;:&quot;equals&quot;,&quot;if_value&quot;:&quot;Directo a la administraci\\u00f3n&quot;}]},{&quot;then_field&quot;:&quot;group-4&quot;,&quot;and_rules&quot;:[{&quot;if_field&quot;:&quot;reason&quot;,&quot;operator&quot;:&quot;equals&quot;,&quot;if_value&quot;:&quot;\\u00danete a nuestro equipo&quot;}]}],&quot;settings&quot;:{&quot;animation&quot;:&quot;yes&quot;,&quot;animation_intime&quot;:200,&quot;animation_outtime&quot;:200,&quot;conditions_ui&quot;:&quot;normal&quot;,&quot;notice_dismissed&quot;:false,&quot;notice_dismissed_rollback-cf7-5.4.2&quot;:true,&quot;notice_dismissed_rollback-cf7-5.5.6&quot;:true}}\" \/><input type=\"hidden\" name=\"_wpcf7_recaptcha_response\" value=\"\" \/>\n<\/fieldset>\n<div class=\"form-style1 fx-cols-2\">\n\t<div class=\"form-column\">\n\t\t<p><span class=\"wpcf7-form-control-wrap\" data-name=\"text-305\"><input size=\"40\" maxlength=\"400\" class=\"wpcf7-form-control wpcf7-text\" aria-invalid=\"false\" placeholder=\"Nombre\" value=\"\" type=\"text\" name=\"text-305\" \/><\/span>\n\t\t<\/p>\n\t<\/div>\n\t<div class=\"form-column\">\n\t\t<p><span class=\"wpcf7-form-control-wrap\" data-name=\"text-301\"><input size=\"40\" maxlength=\"400\" class=\"wpcf7-form-control wpcf7-text\" aria-invalid=\"false\" placeholder=\"Apellido\" value=\"\" type=\"text\" name=\"text-301\" \/><\/span>\n\t\t<\/p>\n\t<\/div>\n\t<div class=\"form-column-full\">\n\t\t<p><span class=\"wpcf7-form-control-wrap\" data-name=\"email-453\"><input size=\"40\" maxlength=\"400\" class=\"wpcf7-form-control wpcf7-email wpcf7-validates-as-required wpcf7-text wpcf7-validates-as-email\" aria-required=\"true\" aria-invalid=\"false\" placeholder=\"Email\" value=\"\" type=\"email\" name=\"email-453\" \/><\/span>\n\t\t<\/p>\n\t<\/div>\n\t<div class=\"form-column-full\">\n\t\t<p><span class=\"wpcf7-form-control-wrap\" data-name=\"phone-453\"><input size=\"40\" maxlength=\"400\" class=\"wpcf7-form-control wpcf7-text wpcf7-validates-as-required\" aria-required=\"true\" aria-invalid=\"false\" placeholder=\"Telefono\" value=\"\" type=\"text\" name=\"phone-453\" \/><\/span>\n\t\t<\/p>\n\t<\/div>\n\t<div class=\"form-column-full\">\n\t\t<p><span class=\"wpcf7-form-control-wrap\" data-name=\"reason\"><select class=\"wpcf7-form-control wpcf7-select\" aria-invalid=\"false\" name=\"reason\"><option value=\"Obt\u00e9n un presupuesto\">Obt\u00e9n un presupuesto<\/option><option value=\"Solicita cooperaci\u00f3n\">Solicita cooperaci\u00f3n<\/option><option value=\"Directo a la administraci\u00f3n\">Directo a la administraci\u00f3n<\/option><option value=\"\u00danete a nuestro equipo\">\u00danete a nuestro equipo<\/option><\/select><\/span>\n\t\t<\/p>\n\t<\/div>\n\t<div id=\"group-1\">\n\t\t<div data-id=\"group-1\" data-orig_data_id=\"group-1\"  data-class=\"wpcf7cf_group\">\n\t\t\t<p>CLIENTES\n\t\t\t<\/p>\n\t\t<\/div>\n\t<\/div>\n\t<div id=\"group-2\">\n\t\t<div data-id=\"group-2\" data-orig_data_id=\"group-2\"  data-class=\"wpcf7cf_group\">\n\t\t\t<p>PROVEEDORES\n\t\t\t<\/p>\n\t\t<\/div>\n\t<\/div>\n\t<div id=\"group-3\">\n\t\t<div data-id=\"group-3\" data-orig_data_id=\"group-3\"  data-class=\"wpcf7cf_group\">\n\t\t\t<p><span class=\"wpcf7-form-control-wrap\" data-name=\"menu-52\"><select class=\"wpcf7-form-control wpcf7-select\" aria-invalid=\"false\" name=\"menu-52\"><option value=\"Comentarios\">Comentarios<\/option><option value=\"Sugerencias\">Sugerencias<\/option><\/select><\/span>\n\t\t\t<\/p>\n\t\t<\/div>\n\t<\/div>\n\t<div id=\"group-4\">\n\t\t<div data-id=\"group-4\" data-orig_data_id=\"group-4\"  data-class=\"wpcf7cf_group\">\n\t\t\t<p>CANDIDATOS\n\t\t\t<\/p>\n\t\t<\/div>\n\t<\/div>\n\t<div class=\"form-column-full\">\n\t\t<p><span class=\"wpcf7-form-control-wrap\" data-name=\"textarea-117\"><textarea cols=\"40\" rows=\"4\" maxlength=\"2000\" class=\"wpcf7-form-control wpcf7-textarea wpcf7-validates-as-required\" aria-required=\"true\" aria-invalid=\"false\" placeholder=\"Mensaje\" name=\"textarea-117\"><\/textarea><\/span>\n\t\t<\/p>\n\t<\/div>\n\t<div class=\"form-column-full\" style=\"padding: 0 10px 10px;\">\n\t\t<p><span class=\"wpcf7-form-control-wrap\" data-name=\"your-file\"><input size=\"40\" class=\"wpcf7-form-control wpcf7-file\" accept=\".pdf\" aria-invalid=\"false\" type=\"file\" name=\"your-file\" \/><\/span>\n\t\t<\/p>\n\t<\/div>\n\t<div class=\"form-column-full acceptance-form\" style=\"padding: 0 10px;\">\n\t\t<p><span class=\"wpcf7-form-control-wrap\" data-name=\"acceptance-996\"><span class=\"wpcf7-form-control wpcf7-acceptance\"><span class=\"wpcf7-list-item\"><label><input type=\"checkbox\" name=\"acceptance-996\" value=\"1\" aria-invalid=\"false\" \/><span class=\"wpcf7-list-item-label\">Acepto las <a href=\"\/es\/terms-of-use\/\">condiciones de uso<\/a><\/span><\/label><\/span><\/span><\/span>\n\t\t<\/p>\n\t<\/div>\n\t<div class=\"form-column-full\">\n\t\t<p><input class=\"wpcf7-form-control wpcf7-submit has-spinner\" type=\"submit\" value=\"Enviar\" \/>\n\t\t<\/p>\n\t<\/div>\n<\/div><div class=\"wpcf7-response-output\" aria-hidden=\"true\"><\/div>\n<\/form>\n<\/div>\n[\/vc_column][\/vc_row][vc_row full_width=\u00bbstretch_row\u00bb css=\u00bb.vc_custom_1635253991266{margin-bottom: 0px !important;padding-top: 60px !important;padding-bottom: 60px !important;background-color: #2a2c32 !important;}\u00bb el_id=\u00bbcontact-form-homepage\u00bb][vc_column][vc_mad_call_out title_color=\u00bb#ffffff\u00bb btn_txt_color=\u00bb#ffffff\u00bb phone_title=\u00bbLlama\u00bb phone_color=\u00bb#f4f4f5&#8243; title=\u00bbPerm\u00edtenos ayudarte a encontrar una soluci\u00f3n que se ajuste a tus necesidades\u00bb phone1=\u00bb+30 210 5540231&#8243; link1=\u00bburl:%2Fes%2Fcontact%2F|title:Contacto\u00bb][\/vc_mad_call_out][\/vc_column][\/vc_row]<\/p>\n","protected":false},"excerpt":{"rendered":"<p>[vc_row el_id=\u00bbslider-home\u00bb][vc_column][rev_slider_vc alias=\u00bbslider-1-de-1&#8243;][\/vc_column][\/vc_row][vc_row css=\u00bb.vc_custom_1489063676994{padding-top: 30px !important;padding-bottom: 30px !important;}\u00bb][vc_column offset=\u00bbvc_col-lg-4 vc_col-md-12 vc_col-xs-12&#8243;][vc_column_text] Acerca de nosotros Geotrans es una empresa griega que ofrece servicios de transporte de mercanc\u00edas internacional y soluciones de cadena de suministro integradas. M\u00c1S[\/vc_column_text][\/vc_column][vc_column offset=\u00bbvc_col-lg-8 vc_col-md-12 vc_col-xs-12&#8243;][\/vc_column][\/vc_row][vc_row full_width=\u00bbstretch_row\u00bb css=\u00bb.vc_custom_1489768173712{margin-top: 0px !important;margin-bottom: 0px !important;padding-top: 70px !important;padding-bottom: 70px !important;background-color: #f8f9fa !important;}\u00bb][vc_column][vc_mad_services items=\u00bb8&#8243; text_count=\u00bb67&#8243; columns=\u00bb4&#8243; orderby=\u00bbdate\u00bb title_top=\u00bbQU\u00c9 [&hellip;]<\/p>\n","protected":false},"author":1,"featured_media":0,"parent":0,"menu_order":0,"comment_status":"closed","ping_status":"closed","template":"page_home.php","meta":{"footnotes":""},"class_list":["post-2601","page","type-page","status-publish","hentry"],"yoast_head":"<!-- This site is optimized with the Yoast SEO plugin v27.4 - https:\/\/yoast.com\/product\/yoast-seo-wordpress\/ -->\n<title>Inicio - Geo Trans<\/title>\n<meta name=\"robots\" content=\"index, follow, max-snippet:-1, max-image-preview:large, max-video-preview:-1\" \/>\n<link rel=\"canonical\" href=\"https:\/\/geotrans.gr\/es\/\" \/>\n<meta property=\"og:locale\" content=\"es_ES\" \/>\n<meta property=\"og:type\" content=\"article\" \/>\n<meta property=\"og:title\" content=\"Inicio - Geo Trans\" \/>\n<meta property=\"og:description\" content=\"[vc_row el_id=\u00bbslider-home\u00bb][vc_column][rev_slider_vc alias=\u00bbslider-1-de-1&#8243;][\/vc_column][\/vc_row][vc_row css=\u00bb.vc_custom_1489063676994{padding-top: 30px !important;padding-bottom: 30px !important;}\u00bb][vc_column offset=\u00bbvc_col-lg-4 vc_col-md-12 vc_col-xs-12&#8243;][vc_column_text] Acerca de nosotros Geotrans es una empresa griega que ofrece servicios de transporte de mercanc\u00edas internacional y soluciones de cadena de suministro integradas. M\u00c1S[\/vc_column_text][\/vc_column][vc_column offset=\u00bbvc_col-lg-8 vc_col-md-12 vc_col-xs-12&#8243;][\/vc_column][\/vc_row][vc_row full_width=\u00bbstretch_row\u00bb css=\u00bb.vc_custom_1489768173712{margin-top: 0px !important;margin-bottom: 0px !important;padding-top: 70px !important;padding-bottom: 70px !important;background-color: #f8f9fa !important;}\u00bb][vc_column][vc_mad_services items=\u00bb8&#8243; text_count=\u00bb67&#8243; columns=\u00bb4&#8243; orderby=\u00bbdate\u00bb title_top=\u00bbQU\u00c9 [&hellip;]\" \/>\n<meta property=\"og:url\" content=\"https:\/\/geotrans.gr\/es\/\" \/>\n<meta property=\"og:site_name\" content=\"Geo Trans\" \/>\n<meta property=\"article:modified_time\" content=\"2021-11-26T15:18:38+00:00\" \/>\n<meta name=\"twitter:card\" content=\"summary_large_image\" \/>\n<meta name=\"twitter:label1\" content=\"Tiempo de lectura\" \/>\n\t<meta name=\"twitter:data1\" content=\"2 minutos\" \/>\n<script type=\"application\/ld+json\" class=\"yoast-schema-graph\">{\"@context\":\"https:\\\/\\\/schema.org\",\"@graph\":[{\"@type\":\"WebPage\",\"@id\":\"https:\\\/\\\/geotrans.gr\\\/es\\\/\",\"url\":\"https:\\\/\\\/geotrans.gr\\\/es\\\/\",\"name\":\"Inicio - Geo Trans\",\"isPartOf\":{\"@id\":\"https:\\\/\\\/geotrans.gr\\\/#website\"},\"datePublished\":\"2017-01-29T03:54:17+00:00\",\"dateModified\":\"2021-11-26T15:18:38+00:00\",\"breadcrumb\":{\"@id\":\"https:\\\/\\\/geotrans.gr\\\/es\\\/#breadcrumb\"},\"inLanguage\":\"es\",\"potentialAction\":[{\"@type\":\"ReadAction\",\"target\":[\"https:\\\/\\\/geotrans.gr\\\/es\\\/\"]}]},{\"@type\":\"BreadcrumbList\",\"@id\":\"https:\\\/\\\/geotrans.gr\\\/es\\\/#breadcrumb\",\"itemListElement\":[{\"@type\":\"ListItem\",\"position\":1,\"name\":\"Home\",\"item\":\"https:\\\/\\\/geotrans.gr\\\/es\\\/\"},{\"@type\":\"ListItem\",\"position\":2,\"name\":\"Inicio\"}]},{\"@type\":\"WebSite\",\"@id\":\"https:\\\/\\\/geotrans.gr\\\/#website\",\"url\":\"https:\\\/\\\/geotrans.gr\\\/\",\"name\":\"Geo Trans\",\"description\":\"\",\"publisher\":{\"@id\":\"https:\\\/\\\/geotrans.gr\\\/#organization\"},\"potentialAction\":[{\"@type\":\"SearchAction\",\"target\":{\"@type\":\"EntryPoint\",\"urlTemplate\":\"https:\\\/\\\/geotrans.gr\\\/?s={search_term_string}\"},\"query-input\":{\"@type\":\"PropertyValueSpecification\",\"valueRequired\":true,\"valueName\":\"search_term_string\"}}],\"inLanguage\":\"es\"},{\"@type\":\"Organization\",\"@id\":\"https:\\\/\\\/geotrans.gr\\\/#organization\",\"name\":\"Geo Trans\",\"url\":\"https:\\\/\\\/geotrans.gr\\\/\",\"logo\":{\"@type\":\"ImageObject\",\"inLanguage\":\"es\",\"@id\":\"https:\\\/\\\/geotrans.gr\\\/#\\\/schema\\\/logo\\\/image\\\/\",\"url\":\"https:\\\/\\\/geotrans.gr\\\/wp-content\\\/uploads\\\/2021\\\/04\\\/geotrans-logo.png\",\"contentUrl\":\"https:\\\/\\\/geotrans.gr\\\/wp-content\\\/uploads\\\/2021\\\/04\\\/geotrans-logo.png\",\"width\":2087,\"height\":447,\"caption\":\"Geo Trans\"},\"image\":{\"@id\":\"https:\\\/\\\/geotrans.gr\\\/#\\\/schema\\\/logo\\\/image\\\/\"}}]}<\/script>\n<!-- \/ Yoast SEO plugin. -->","yoast_head_json":{"title":"Inicio - Geo Trans","robots":{"index":"index","follow":"follow","max-snippet":"max-snippet:-1","max-image-preview":"max-image-preview:large","max-video-preview":"max-video-preview:-1"},"canonical":"https:\/\/geotrans.gr\/es\/","og_locale":"es_ES","og_type":"article","og_title":"Inicio - Geo Trans","og_description":"[vc_row el_id=\u00bbslider-home\u00bb][vc_column][rev_slider_vc alias=\u00bbslider-1-de-1&#8243;][\/vc_column][\/vc_row][vc_row css=\u00bb.vc_custom_1489063676994{padding-top: 30px !important;padding-bottom: 30px !important;}\u00bb][vc_column offset=\u00bbvc_col-lg-4 vc_col-md-12 vc_col-xs-12&#8243;][vc_column_text] Acerca de nosotros Geotrans es una empresa griega que ofrece servicios de transporte de mercanc\u00edas internacional y soluciones de cadena de suministro integradas. M\u00c1S[\/vc_column_text][\/vc_column][vc_column offset=\u00bbvc_col-lg-8 vc_col-md-12 vc_col-xs-12&#8243;][\/vc_column][\/vc_row][vc_row full_width=\u00bbstretch_row\u00bb css=\u00bb.vc_custom_1489768173712{margin-top: 0px !important;margin-bottom: 0px !important;padding-top: 70px !important;padding-bottom: 70px !important;background-color: #f8f9fa !important;}\u00bb][vc_column][vc_mad_services items=\u00bb8&#8243; text_count=\u00bb67&#8243; columns=\u00bb4&#8243; orderby=\u00bbdate\u00bb title_top=\u00bbQU\u00c9 [&hellip;]","og_url":"https:\/\/geotrans.gr\/es\/","og_site_name":"Geo Trans","article_modified_time":"2021-11-26T15:18:38+00:00","twitter_card":"summary_large_image","twitter_misc":{"Tiempo de lectura":"2 minutos"},"schema":{"@context":"https:\/\/schema.org","@graph":[{"@type":"WebPage","@id":"https:\/\/geotrans.gr\/es\/","url":"https:\/\/geotrans.gr\/es\/","name":"Inicio - Geo Trans","isPartOf":{"@id":"https:\/\/geotrans.gr\/#website"},"datePublished":"2017-01-29T03:54:17+00:00","dateModified":"2021-11-26T15:18:38+00:00","breadcrumb":{"@id":"https:\/\/geotrans.gr\/es\/#breadcrumb"},"inLanguage":"es","potentialAction":[{"@type":"ReadAction","target":["https:\/\/geotrans.gr\/es\/"]}]},{"@type":"BreadcrumbList","@id":"https:\/\/geotrans.gr\/es\/#breadcrumb","itemListElement":[{"@type":"ListItem","position":1,"name":"Home","item":"https:\/\/geotrans.gr\/es\/"},{"@type":"ListItem","position":2,"name":"Inicio"}]},{"@type":"WebSite","@id":"https:\/\/geotrans.gr\/#website","url":"https:\/\/geotrans.gr\/","name":"Geo Trans","description":"","publisher":{"@id":"https:\/\/geotrans.gr\/#organization"},"potentialAction":[{"@type":"SearchAction","target":{"@type":"EntryPoint","urlTemplate":"https:\/\/geotrans.gr\/?s={search_term_string}"},"query-input":{"@type":"PropertyValueSpecification","valueRequired":true,"valueName":"search_term_string"}}],"inLanguage":"es"},{"@type":"Organization","@id":"https:\/\/geotrans.gr\/#organization","name":"Geo Trans","url":"https:\/\/geotrans.gr\/","logo":{"@type":"ImageObject","inLanguage":"es","@id":"https:\/\/geotrans.gr\/#\/schema\/logo\/image\/","url":"https:\/\/geotrans.gr\/wp-content\/uploads\/2021\/04\/geotrans-logo.png","contentUrl":"https:\/\/geotrans.gr\/wp-content\/uploads\/2021\/04\/geotrans-logo.png","width":2087,"height":447,"caption":"Geo Trans"},"image":{"@id":"https:\/\/geotrans.gr\/#\/schema\/logo\/image\/"}}]}},"_links":{"self":[{"href":"https:\/\/geotrans.gr\/es\/wp-json\/wp\/v2\/pages\/2601","targetHints":{"allow":["GET"]}}],"collection":[{"href":"https:\/\/geotrans.gr\/es\/wp-json\/wp\/v2\/pages"}],"about":[{"href":"https:\/\/geotrans.gr\/es\/wp-json\/wp\/v2\/types\/page"}],"author":[{"embeddable":true,"href":"https:\/\/geotrans.gr\/es\/wp-json\/wp\/v2\/users\/1"}],"replies":[{"embeddable":true,"href":"https:\/\/geotrans.gr\/es\/wp-json\/wp\/v2\/comments?post=2601"}],"version-history":[{"count":8,"href":"https:\/\/geotrans.gr\/es\/wp-json\/wp\/v2\/pages\/2601\/revisions"}],"predecessor-version":[{"id":3412,"href":"https:\/\/geotrans.gr\/es\/wp-json\/wp\/v2\/pages\/2601\/revisions\/3412"}],"wp:attachment":[{"href":"https:\/\/geotrans.gr\/es\/wp-json\/wp\/v2\/media?parent=2601"}],"curies":[{"name":"wp","href":"https:\/\/api.w.org\/{rel}","templated":true}]}}