{"id":2401,"date":"2017-01-29T09:09:02","date_gmt":"2017-01-29T09:09:02","guid":{"rendered":"https:\/\/geotrans.gr\/terms-of-use\/"},"modified":"2021-11-25T13:28:58","modified_gmt":"2021-11-25T10:28:58","slug":"terms-of-use","status":"publish","type":"page","link":"https:\/\/geotrans.gr\/de\/terms-of-use\/","title":{"rendered":"Nutzungsbedingungen"},"content":{"rendered":"<p>[vc_row css=&#8220;.vc_custom_1632923241590{border-bottom-width: 50px !important;padding-top: 50px !important;}&#8220;][vc_column][vc_custom_heading text=&#8220;Nutzungsbedingungen&#8220; google_fonts=&#8220;font_family:Roboto%3A100%2C100italic%2C300%2C300italic%2Cregular%2Citalic%2C500%2C500italic%2C700%2C700italic%2C900%2C900italic|font_style:400%20regular%3A400%3Anormal&#8220;][vc_column_text]Alle Informationen dieser Website werden zu allgemeinen Informationszwecken bereitgestellt.<\/p>\n<p>Geotrans S.A. kann jederzeit und ohne Vorank\u00fcndigung \u00c4nderungen an Teilen und\/oder dem gesamten Inhalt vornehmen.<\/p>\n<p>Geotrans S.A. ist nicht haftbar f\u00fcr direkte oder mittelbare Sch\u00e4den, die sich aus der Nutzung oder dem Vertrauen auf die hier oder auf einer anderen verlinkten Website bereitgestellten Informationen ergeben k\u00f6nnten. Dazu geh\u00f6ren, jedoch nicht ausschlie\u00dflich, unter anderem entgangener Gewinn, zus\u00e4tzliche Kosten, Betriebsunterbrechungen, der Verlust von Programmen oder anderen Daten auf dem Betriebssystem des Nutzers oder jegliche Sch\u00e4den an diesen.<\/p>\n<p>F\u00fcr den Inhalt der verlinkten Seiten sind ausschlie\u00dflich deren Betreiber verantwortlich. Das Unternehmen hat keine Kontrolle \u00fcber diese Websites, und der Zugang zu ihnen erfolgt ausschlie\u00dflich auf eigene Gefahr.\u00a0Geotrans S.A. billigt weder den Inhalt noch die Nutzung dieser Websites und \u00fcbernimmt keine Verantwortung f\u00fcr daf\u00fcr.<\/p>\n<p>Geotrans S.A. \u00fcbernimmt keine Haftung f\u00fcr das Auftreten von Viren oder anderer Schadsoftware auf der Website und den verlinkten Websites.<\/p>\n<p>Die Zurverf\u00fcgungstellung personenbezogener Daten an das Unternehmen \u00fcber diese Website gilt automatisch als Zustimmung zur Verarbeitung durch das Unternehmen in \u00dcbereinstimmung mit der Datenschutz-Grundverordnung (DSGVO) 2016\/679 der Europ\u00e4ischen Union, der Richtlinie (EU) 2016\/680 zum Schutz nat\u00fcrlicher Personen bei der Verarbeitung personenbezogener Daten und dem griechischen Gesetz 4624\/2019.<\/p>\n<p>Der Inhalt dieser Website unterliegt dem Urheberrecht des Unternehmens, das sich alle Rechte vorbeh\u00e4lt. Einige Teile der Website k\u00f6nnen jedoch Bilder oder Texte enthalten, die dem Urheberrecht der jeweiligen Anbieter unterliegen.<\/p>\n<p>Diese Website verwendet Cookies, damit wir Ihnen die bestm\u00f6gliche Benutzererfahrung bieten k\u00f6nnen. Die Cookie-Informationen werden in Ihrem Browser gespeichert und dienen dazu, Sie zu erkennen, wenn Sie auf unsere Website zur\u00fcckkehren, und unserem Team dabei zu helfen, ihre bevorzugten Bereiche der Website feststellen zu k\u00f6nnen.[\/vc_column_text][\/vc_column][\/vc_row]<\/p>\n","protected":false},"excerpt":{"rendered":"<p>[vc_row css=&#8220;.vc_custom_1632923241590{border-bottom-width: 50px !important;padding-top: 50px !important;}&#8220;][vc_column][vc_custom_heading text=&#8220;Nutzungsbedingungen&#8220; google_fonts=&#8220;font_family:Roboto%3A100%2C100italic%2C300%2C300italic%2Cregular%2Citalic%2C500%2C500italic%2C700%2C700italic%2C900%2C900italic|font_style:400%20regular%3A400%3Anormal&#8220;][vc_column_text]Alle Informationen dieser Website werden zu allgemeinen Informationszwecken bereitgestellt. Geotrans S.A. kann jederzeit und ohne Vorank\u00fcndigung \u00c4nderungen an Teilen und\/oder dem gesamten Inhalt vornehmen. Geotrans S.A. ist nicht haftbar f\u00fcr direkte oder mittelbare Sch\u00e4den, die sich aus der Nutzung oder dem Vertrauen auf die hier oder auf einer [&hellip;]<\/p>\n","protected":false},"author":1,"featured_media":0,"parent":0,"menu_order":0,"comment_status":"closed","ping_status":"closed","template":"","meta":{"footnotes":""},"class_list":["post-2401","page","type-page","status-publish","hentry"],"yoast_head":"<!-- This site is optimized with the Yoast SEO plugin v27.5 - https:\/\/yoast.com\/product\/yoast-seo-wordpress\/ -->\n<title>Nutzungsbedingungen - Geo Trans<\/title>\n<meta name=\"robots\" content=\"index, follow, max-snippet:-1, max-image-preview:large, max-video-preview:-1\" \/>\n<link rel=\"canonical\" href=\"https:\/\/geotrans.gr\/de\/terms-of-use\/\" \/>\n<meta property=\"og:locale\" content=\"de_DE\" \/>\n<meta property=\"og:type\" content=\"article\" \/>\n<meta property=\"og:title\" content=\"Nutzungsbedingungen - Geo Trans\" \/>\n<meta property=\"og:description\" content=\"[vc_row css=&#8220;.vc_custom_1632923241590{border-bottom-width: 50px !important;padding-top: 50px !important;}&#8220;][vc_column][vc_custom_heading text=&#8220;Nutzungsbedingungen&#8220; google_fonts=&#8220;font_family:Roboto%3A100%2C100italic%2C300%2C300italic%2Cregular%2Citalic%2C500%2C500italic%2C700%2C700italic%2C900%2C900italic|font_style:400%20regular%3A400%3Anormal&#8220;][vc_column_text]Alle Informationen dieser Website werden zu allgemeinen Informationszwecken bereitgestellt. Geotrans S.A. kann jederzeit und ohne Vorank\u00fcndigung \u00c4nderungen an Teilen und\/oder dem gesamten Inhalt vornehmen. Geotrans S.A. ist nicht haftbar f\u00fcr direkte oder mittelbare Sch\u00e4den, die sich aus der Nutzung oder dem Vertrauen auf die hier oder auf einer [&hellip;]\" \/>\n<meta property=\"og:url\" content=\"https:\/\/geotrans.gr\/de\/terms-of-use\/\" \/>\n<meta property=\"og:site_name\" content=\"Geo Trans\" \/>\n<meta property=\"article:modified_time\" content=\"2021-11-25T10:28:58+00:00\" \/>\n<meta name=\"twitter:card\" content=\"summary_large_image\" \/>\n<meta name=\"twitter:label1\" content=\"Gesch\u00e4tzte Lesezeit\" \/>\n\t<meta name=\"twitter:data1\" content=\"2\u00a0Minuten\" \/>\n<script type=\"application\/ld+json\" class=\"yoast-schema-graph\">{\"@context\":\"https:\\\/\\\/schema.org\",\"@graph\":[{\"@type\":\"WebPage\",\"@id\":\"https:\\\/\\\/geotrans.gr\\\/de\\\/terms-of-use\\\/\",\"url\":\"https:\\\/\\\/geotrans.gr\\\/de\\\/terms-of-use\\\/\",\"name\":\"Nutzungsbedingungen - Geo Trans\",\"isPartOf\":{\"@id\":\"https:\\\/\\\/geotrans.gr\\\/#website\"},\"datePublished\":\"2017-01-29T09:09:02+00:00\",\"dateModified\":\"2021-11-25T10:28:58+00:00\",\"breadcrumb\":{\"@id\":\"https:\\\/\\\/geotrans.gr\\\/de\\\/terms-of-use\\\/#breadcrumb\"},\"inLanguage\":\"de\",\"potentialAction\":[{\"@type\":\"ReadAction\",\"target\":[\"https:\\\/\\\/geotrans.gr\\\/de\\\/terms-of-use\\\/\"]}]},{\"@type\":\"BreadcrumbList\",\"@id\":\"https:\\\/\\\/geotrans.gr\\\/de\\\/terms-of-use\\\/#breadcrumb\",\"itemListElement\":[{\"@type\":\"ListItem\",\"position\":1,\"name\":\"Home\",\"item\":\"https:\\\/\\\/geotrans.gr\\\/de\\\/\"},{\"@type\":\"ListItem\",\"position\":2,\"name\":\"Nutzungsbedingungen\"}]},{\"@type\":\"WebSite\",\"@id\":\"https:\\\/\\\/geotrans.gr\\\/#website\",\"url\":\"https:\\\/\\\/geotrans.gr\\\/\",\"name\":\"Geo Trans\",\"description\":\"\",\"publisher\":{\"@id\":\"https:\\\/\\\/geotrans.gr\\\/#organization\"},\"potentialAction\":[{\"@type\":\"SearchAction\",\"target\":{\"@type\":\"EntryPoint\",\"urlTemplate\":\"https:\\\/\\\/geotrans.gr\\\/?s={search_term_string}\"},\"query-input\":{\"@type\":\"PropertyValueSpecification\",\"valueRequired\":true,\"valueName\":\"search_term_string\"}}],\"inLanguage\":\"de\"},{\"@type\":\"Organization\",\"@id\":\"https:\\\/\\\/geotrans.gr\\\/#organization\",\"name\":\"Geo Trans\",\"url\":\"https:\\\/\\\/geotrans.gr\\\/\",\"logo\":{\"@type\":\"ImageObject\",\"inLanguage\":\"de\",\"@id\":\"https:\\\/\\\/geotrans.gr\\\/#\\\/schema\\\/logo\\\/image\\\/\",\"url\":\"https:\\\/\\\/geotrans.gr\\\/wp-content\\\/uploads\\\/2021\\\/04\\\/geotrans-logo.png\",\"contentUrl\":\"https:\\\/\\\/geotrans.gr\\\/wp-content\\\/uploads\\\/2021\\\/04\\\/geotrans-logo.png\",\"width\":2087,\"height\":447,\"caption\":\"Geo Trans\"},\"image\":{\"@id\":\"https:\\\/\\\/geotrans.gr\\\/#\\\/schema\\\/logo\\\/image\\\/\"}}]}<\/script>\n<!-- \/ Yoast SEO plugin. -->","yoast_head_json":{"title":"Nutzungsbedingungen - Geo Trans","robots":{"index":"index","follow":"follow","max-snippet":"max-snippet:-1","max-image-preview":"max-image-preview:large","max-video-preview":"max-video-preview:-1"},"canonical":"https:\/\/geotrans.gr\/de\/terms-of-use\/","og_locale":"de_DE","og_type":"article","og_title":"Nutzungsbedingungen - Geo Trans","og_description":"[vc_row css=&#8220;.vc_custom_1632923241590{border-bottom-width: 50px !important;padding-top: 50px !important;}&#8220;][vc_column][vc_custom_heading text=&#8220;Nutzungsbedingungen&#8220; google_fonts=&#8220;font_family:Roboto%3A100%2C100italic%2C300%2C300italic%2Cregular%2Citalic%2C500%2C500italic%2C700%2C700italic%2C900%2C900italic|font_style:400%20regular%3A400%3Anormal&#8220;][vc_column_text]Alle Informationen dieser Website werden zu allgemeinen Informationszwecken bereitgestellt. Geotrans S.A. kann jederzeit und ohne Vorank\u00fcndigung \u00c4nderungen an Teilen und\/oder dem gesamten Inhalt vornehmen. Geotrans S.A. ist nicht haftbar f\u00fcr direkte oder mittelbare Sch\u00e4den, die sich aus der Nutzung oder dem Vertrauen auf die hier oder auf einer [&hellip;]","og_url":"https:\/\/geotrans.gr\/de\/terms-of-use\/","og_site_name":"Geo Trans","article_modified_time":"2021-11-25T10:28:58+00:00","twitter_card":"summary_large_image","twitter_misc":{"Gesch\u00e4tzte Lesezeit":"2\u00a0Minuten"},"schema":{"@context":"https:\/\/schema.org","@graph":[{"@type":"WebPage","@id":"https:\/\/geotrans.gr\/de\/terms-of-use\/","url":"https:\/\/geotrans.gr\/de\/terms-of-use\/","name":"Nutzungsbedingungen - Geo Trans","isPartOf":{"@id":"https:\/\/geotrans.gr\/#website"},"datePublished":"2017-01-29T09:09:02+00:00","dateModified":"2021-11-25T10:28:58+00:00","breadcrumb":{"@id":"https:\/\/geotrans.gr\/de\/terms-of-use\/#breadcrumb"},"inLanguage":"de","potentialAction":[{"@type":"ReadAction","target":["https:\/\/geotrans.gr\/de\/terms-of-use\/"]}]},{"@type":"BreadcrumbList","@id":"https:\/\/geotrans.gr\/de\/terms-of-use\/#breadcrumb","itemListElement":[{"@type":"ListItem","position":1,"name":"Home","item":"https:\/\/geotrans.gr\/de\/"},{"@type":"ListItem","position":2,"name":"Nutzungsbedingungen"}]},{"@type":"WebSite","@id":"https:\/\/geotrans.gr\/#website","url":"https:\/\/geotrans.gr\/","name":"Geo Trans","description":"","publisher":{"@id":"https:\/\/geotrans.gr\/#organization"},"potentialAction":[{"@type":"SearchAction","target":{"@type":"EntryPoint","urlTemplate":"https:\/\/geotrans.gr\/?s={search_term_string}"},"query-input":{"@type":"PropertyValueSpecification","valueRequired":true,"valueName":"search_term_string"}}],"inLanguage":"de"},{"@type":"Organization","@id":"https:\/\/geotrans.gr\/#organization","name":"Geo Trans","url":"https:\/\/geotrans.gr\/","logo":{"@type":"ImageObject","inLanguage":"de","@id":"https:\/\/geotrans.gr\/#\/schema\/logo\/image\/","url":"https:\/\/geotrans.gr\/wp-content\/uploads\/2021\/04\/geotrans-logo.png","contentUrl":"https:\/\/geotrans.gr\/wp-content\/uploads\/2021\/04\/geotrans-logo.png","width":2087,"height":447,"caption":"Geo Trans"},"image":{"@id":"https:\/\/geotrans.gr\/#\/schema\/logo\/image\/"}}]}},"_links":{"self":[{"href":"https:\/\/geotrans.gr\/de\/wp-json\/wp\/v2\/pages\/2401","targetHints":{"allow":["GET"]}}],"collection":[{"href":"https:\/\/geotrans.gr\/de\/wp-json\/wp\/v2\/pages"}],"about":[{"href":"https:\/\/geotrans.gr\/de\/wp-json\/wp\/v2\/types\/page"}],"author":[{"embeddable":true,"href":"https:\/\/geotrans.gr\/de\/wp-json\/wp\/v2\/users\/1"}],"replies":[{"embeddable":true,"href":"https:\/\/geotrans.gr\/de\/wp-json\/wp\/v2\/comments?post=2401"}],"version-history":[{"count":2,"href":"https:\/\/geotrans.gr\/de\/wp-json\/wp\/v2\/pages\/2401\/revisions"}],"predecessor-version":[{"id":2403,"href":"https:\/\/geotrans.gr\/de\/wp-json\/wp\/v2\/pages\/2401\/revisions\/2403"}],"wp:attachment":[{"href":"https:\/\/geotrans.gr\/de\/wp-json\/wp\/v2\/media?parent=2401"}],"curies":[{"name":"wp","href":"https:\/\/api.w.org\/{rel}","templated":true}]}}