{"id":2391,"date":"2021-06-22T12:11:07","date_gmt":"2021-06-22T09:11:07","guid":{"rendered":"https:\/\/geotrans.gr\/industries\/"},"modified":"2021-11-25T12:55:31","modified_gmt":"2021-11-25T09:55:31","slug":"industries","status":"publish","type":"page","link":"https:\/\/geotrans.gr\/de\/industries\/","title":{"rendered":"Branchen"},"content":{"rendered":"<p>[vc_row css=&#8220;.vc_custom_1635255636709{margin-top: 50px !important;}&#8220;][vc_column][vc_custom_heading text=&#8220;Frachtl\u00f6sungen, die den Anforderungen spezieller Branchen gerecht werden.&#8220; font_container=&#8220;tag:h2|font_size:33|text_align:center|color:%23333333&#8243; google_fonts=&#8220;font_family:Roboto%3A100%2C100italic%2C300%2C300italic%2Cregular%2Citalic%2C500%2C500italic%2C700%2C700italic%2C900%2C900italic|font_style:400%20regular%3A400%3Anormal&#8220; css=&#8220;.vc_custom_1637834055592{margin-bottom: 50px !important;}&#8220; el_class=&#8220;industries-main-text&#8220;][\/vc_column][\/vc_row][vc_row css=&#8220;.vc_custom_1635255686890{margin-top: 50px !important;}&#8220; el_class=&#8220;industry-row&#8220;][vc_column width=&#8220;1\/2&#8243;][vc_custom_heading text=&#8220;WAREN DES T\u00c4GLICHEN GEBRAUCHS&#8220; font_container=&#8220;tag:h3|text_align:left&#8220; google_fonts=&#8220;font_family:Roboto%3A100%2C100italic%2C300%2C300italic%2Cregular%2Citalic%2C500%2C500italic%2C700%2C700italic%2C900%2C900italic|font_style:400%20regular%3A400%3Anormal&#8220;][vc_column_text]Niedrigere Kosten, k\u00fcrzere Vorlaufzeiten, durchg\u00e4ngige Transparenz und verbesserte Reaktionszeiten sind einige der wichtigsten Herausforderungen der Branche. Geotrans bietet intelligente L\u00f6sungen, damit Sie operative Spitzenleistungen erreichen k\u00f6nnen.[\/vc_column_text][\/vc_column][vc_column width=&#8220;1\/2&#8243;][vc_single_image image=&#8220;2310&#8243; img_size=&#8220;full&#8220;][\/vc_column][\/vc_row][vc_row el_class=&#8220;industry-row&#8220;][vc_column width=&#8220;1\/2&#8243;][vc_single_image image=&#8220;2311&#8243; img_size=&#8220;full&#8220;][\/vc_column][vc_column width=&#8220;1\/2&#8243;][vc_custom_heading text=&#8220;Lebensmittel und Getr\u00e4nke&#8220; font_container=&#8220;tag:h3|text_align:left&#8220; google_fonts=&#8220;font_family:Roboto%3A100%2C100italic%2C300%2C300italic%2Cregular%2Citalic%2C500%2C500italic%2C700%2C700italic%2C900%2C900italic|font_style:400%20regular%3A400%3Anormal&#8220;][vc_column_text]Die Lieferung auf der \u201eletzten Meile\u201c ist im Lebensmittel- und Getr\u00e4nkesektor (F&amp;B) weiter entwickelt als in anderen Sektoren. In der Welt nach der Pandemie ist das Nachschubmanagement entscheidend, um Vertrauen zu gewinnen und Wettbewerbsvorteile zu erzielen. Geotrans ist Ihr Partner der Wahl f\u00fcr den F&amp;B-Sektor.[\/vc_column_text][\/vc_column][\/vc_row][vc_row el_class=&#8220;industry-row&#8220;][vc_column width=&#8220;1\/2&#8243;][vc_custom_heading text=&#8220;Industriemaschinen und Anlagen&#8220; font_container=&#8220;tag:h3|text_align:left&#8220; google_fonts=&#8220;font_family:Roboto%3A100%2C100italic%2C300%2C300italic%2Cregular%2Citalic%2C500%2C500italic%2C700%2C700italic%2C900%2C900italic|font_style:400%20regular%3A400%3Anormal&#8220;][vc_column_text]Hersteller von Industrieanlagen werden von ihren Kunden zunehmend unter Druck gesetzt, flexiblere Modelle anzubieten. In einem Sektor, in dem On-Demand-Verk\u00e4ufe eine wichtige Rolle spielen, ist operative Agilit\u00e4t ein Muss. Unsere tagesgenauen und kosteng\u00fcnstigen L\u00f6sungen bieten einen Wettbewerbsvorteil.[\/vc_column_text][\/vc_column][vc_column width=&#8220;1\/2&#8243;][vc_single_image image=&#8220;2312&#8243; img_size=&#8220;full&#8220;][\/vc_column][\/vc_row][vc_row el_class=&#8220;industry-row&#8220;][vc_column width=&#8220;1\/2&#8243;][vc_single_image image=&#8220;2313&#8243; img_size=&#8220;full&#8220;][\/vc_column][vc_column width=&#8220;1\/2&#8243;][vc_custom_heading text=&#8220;Ersatzteile f\u00fcr die Automobilindustrie&#8220; font_container=&#8220;tag:h3|text_align:left&#8220; google_fonts=&#8220;font_family:Roboto%3A100%2C100italic%2C300%2C300italic%2Cregular%2Citalic%2C500%2C500italic%2C700%2C700italic%2C900%2C900italic|font_style:400%20regular%3A400%3Anormal&#8220;][vc_column_text]Der Aftersales-Markt wird bestimmt vom neuen Mobilit\u00e4tsumfeld, dem Bedarf an Mehrmarkenangeboten, der Geschwindigkeit der Markteinf\u00fchrung und den schrumpfenden Gewinnspannen. Unser Dienstleistungsangebot gew\u00e4hrleistet einen kontinuierlichen Warenfluss und die Wettbewerbsf\u00e4higkeit auf dem Markt.[\/vc_column_text][\/vc_column][\/vc_row][vc_row el_class=&#8220;industry-row&#8220;][vc_column width=&#8220;1\/2&#8243;][vc_custom_heading text=&#8220;Verbraucher- und Einzelhandel&#8220; font_container=&#8220;tag:h3|text_align:left&#8220; google_fonts=&#8220;font_family:Roboto%3A100%2C100italic%2C300%2C300italic%2Cregular%2Citalic%2C500%2C500italic%2C700%2C700italic%2C900%2C900italic|font_style:400%20regular%3A400%3Anormal&#8220;][vc_column_text]Der wachsende Marktanteil des Online-Verkaufs ist ein wichtiger Aspekt der Verbraucher- und Einzelhandelsbranche. Garantierte Kapazit\u00e4ten zu vorher festgelegten j\u00e4hrlichen Transportkosten sind ein \u201eMuss\u201c f\u00fcr Unternehmen, die der Strategie eines nachhaltigen Wachstums folgen. Geotrans kennt sich aus und unterst\u00fctzt Ihre Reise.[\/vc_column_text][\/vc_column][vc_column width=&#8220;1\/2&#8243;][vc_single_image image=&#8220;2314&#8243; img_size=&#8220;full&#8220;][\/vc_column][\/vc_row]<\/p>\n","protected":false},"excerpt":{"rendered":"<p>[vc_row css=&#8220;.vc_custom_1635255636709{margin-top: 50px !important;}&#8220;][vc_column][vc_custom_heading text=&#8220;Frachtl\u00f6sungen, die den Anforderungen spezieller Branchen gerecht werden.&#8220; font_container=&#8220;tag:h2|font_size:33|text_align:center|color:%23333333&#8243; google_fonts=&#8220;font_family:Roboto%3A100%2C100italic%2C300%2C300italic%2Cregular%2Citalic%2C500%2C500italic%2C700%2C700italic%2C900%2C900italic|font_style:400%20regular%3A400%3Anormal&#8220; css=&#8220;.vc_custom_1637834055592{margin-bottom: 50px !important;}&#8220; el_class=&#8220;industries-main-text&#8220;][\/vc_column][\/vc_row][vc_row css=&#8220;.vc_custom_1635255686890{margin-top: 50px !important;}&#8220; el_class=&#8220;industry-row&#8220;][vc_column width=&#8220;1\/2&#8243;][vc_custom_heading text=&#8220;WAREN DES T\u00c4GLICHEN GEBRAUCHS&#8220; font_container=&#8220;tag:h3|text_align:left&#8220; google_fonts=&#8220;font_family:Roboto%3A100%2C100italic%2C300%2C300italic%2Cregular%2Citalic%2C500%2C500italic%2C700%2C700italic%2C900%2C900italic|font_style:400%20regular%3A400%3Anormal&#8220;][vc_column_text]Niedrigere Kosten, k\u00fcrzere Vorlaufzeiten, durchg\u00e4ngige Transparenz und verbesserte Reaktionszeiten sind einige der wichtigsten Herausforderungen der Branche. Geotrans bietet intelligente L\u00f6sungen, damit Sie operative Spitzenleistungen erreichen k\u00f6nnen.[\/vc_column_text][\/vc_column][vc_column width=&#8220;1\/2&#8243;][vc_single_image [&hellip;]<\/p>\n","protected":false},"author":1,"featured_media":0,"parent":0,"menu_order":0,"comment_status":"closed","ping_status":"closed","template":"","meta":{"footnotes":""},"class_list":["post-2391","page","type-page","status-publish","hentry"],"yoast_head":"<!-- This site is optimized with the Yoast SEO plugin v27.4 - https:\/\/yoast.com\/product\/yoast-seo-wordpress\/ -->\n<title>Branchen - Geo Trans<\/title>\n<meta name=\"robots\" content=\"index, follow, max-snippet:-1, max-image-preview:large, max-video-preview:-1\" \/>\n<link rel=\"canonical\" href=\"https:\/\/geotrans.gr\/de\/industries\/\" \/>\n<meta property=\"og:locale\" content=\"de_DE\" \/>\n<meta property=\"og:type\" content=\"article\" \/>\n<meta property=\"og:title\" content=\"Branchen - Geo Trans\" \/>\n<meta property=\"og:description\" content=\"[vc_row css=&#8220;.vc_custom_1635255636709{margin-top: 50px !important;}&#8220;][vc_column][vc_custom_heading text=&#8220;Frachtl\u00f6sungen, die den Anforderungen spezieller Branchen gerecht werden.&#8220; font_container=&#8220;tag:h2|font_size:33|text_align:center|color:%23333333&#8243; google_fonts=&#8220;font_family:Roboto%3A100%2C100italic%2C300%2C300italic%2Cregular%2Citalic%2C500%2C500italic%2C700%2C700italic%2C900%2C900italic|font_style:400%20regular%3A400%3Anormal&#8220; css=&#8220;.vc_custom_1637834055592{margin-bottom: 50px !important;}&#8220; el_class=&#8220;industries-main-text&#8220;][\/vc_column][\/vc_row][vc_row css=&#8220;.vc_custom_1635255686890{margin-top: 50px !important;}&#8220; el_class=&#8220;industry-row&#8220;][vc_column width=&#8220;1\/2&#8243;][vc_custom_heading text=&#8220;WAREN DES T\u00c4GLICHEN GEBRAUCHS&#8220; font_container=&#8220;tag:h3|text_align:left&#8220; google_fonts=&#8220;font_family:Roboto%3A100%2C100italic%2C300%2C300italic%2Cregular%2Citalic%2C500%2C500italic%2C700%2C700italic%2C900%2C900italic|font_style:400%20regular%3A400%3Anormal&#8220;][vc_column_text]Niedrigere Kosten, k\u00fcrzere Vorlaufzeiten, durchg\u00e4ngige Transparenz und verbesserte Reaktionszeiten sind einige der wichtigsten Herausforderungen der Branche. Geotrans bietet intelligente L\u00f6sungen, damit Sie operative Spitzenleistungen erreichen k\u00f6nnen.[\/vc_column_text][\/vc_column][vc_column width=&#8220;1\/2&#8243;][vc_single_image [&hellip;]\" \/>\n<meta property=\"og:url\" content=\"https:\/\/geotrans.gr\/de\/industries\/\" \/>\n<meta property=\"og:site_name\" content=\"Geo Trans\" \/>\n<meta property=\"article:modified_time\" content=\"2021-11-25T09:55:31+00:00\" \/>\n<meta name=\"twitter:card\" content=\"summary_large_image\" \/>\n<meta name=\"twitter:label1\" content=\"Gesch\u00e4tzte Lesezeit\" \/>\n\t<meta name=\"twitter:data1\" content=\"3\u00a0Minuten\" \/>\n<script type=\"application\/ld+json\" class=\"yoast-schema-graph\">{\"@context\":\"https:\\\/\\\/schema.org\",\"@graph\":[{\"@type\":\"WebPage\",\"@id\":\"https:\\\/\\\/geotrans.gr\\\/de\\\/industries\\\/\",\"url\":\"https:\\\/\\\/geotrans.gr\\\/de\\\/industries\\\/\",\"name\":\"Branchen - Geo Trans\",\"isPartOf\":{\"@id\":\"https:\\\/\\\/geotrans.gr\\\/#website\"},\"datePublished\":\"2021-06-22T09:11:07+00:00\",\"dateModified\":\"2021-11-25T09:55:31+00:00\",\"breadcrumb\":{\"@id\":\"https:\\\/\\\/geotrans.gr\\\/de\\\/industries\\\/#breadcrumb\"},\"inLanguage\":\"de\",\"potentialAction\":[{\"@type\":\"ReadAction\",\"target\":[\"https:\\\/\\\/geotrans.gr\\\/de\\\/industries\\\/\"]}]},{\"@type\":\"BreadcrumbList\",\"@id\":\"https:\\\/\\\/geotrans.gr\\\/de\\\/industries\\\/#breadcrumb\",\"itemListElement\":[{\"@type\":\"ListItem\",\"position\":1,\"name\":\"Home\",\"item\":\"https:\\\/\\\/geotrans.gr\\\/de\\\/\"},{\"@type\":\"ListItem\",\"position\":2,\"name\":\"Branchen\"}]},{\"@type\":\"WebSite\",\"@id\":\"https:\\\/\\\/geotrans.gr\\\/#website\",\"url\":\"https:\\\/\\\/geotrans.gr\\\/\",\"name\":\"Geo Trans\",\"description\":\"\",\"publisher\":{\"@id\":\"https:\\\/\\\/geotrans.gr\\\/#organization\"},\"potentialAction\":[{\"@type\":\"SearchAction\",\"target\":{\"@type\":\"EntryPoint\",\"urlTemplate\":\"https:\\\/\\\/geotrans.gr\\\/?s={search_term_string}\"},\"query-input\":{\"@type\":\"PropertyValueSpecification\",\"valueRequired\":true,\"valueName\":\"search_term_string\"}}],\"inLanguage\":\"de\"},{\"@type\":\"Organization\",\"@id\":\"https:\\\/\\\/geotrans.gr\\\/#organization\",\"name\":\"Geo Trans\",\"url\":\"https:\\\/\\\/geotrans.gr\\\/\",\"logo\":{\"@type\":\"ImageObject\",\"inLanguage\":\"de\",\"@id\":\"https:\\\/\\\/geotrans.gr\\\/#\\\/schema\\\/logo\\\/image\\\/\",\"url\":\"https:\\\/\\\/geotrans.gr\\\/wp-content\\\/uploads\\\/2021\\\/04\\\/geotrans-logo.png\",\"contentUrl\":\"https:\\\/\\\/geotrans.gr\\\/wp-content\\\/uploads\\\/2021\\\/04\\\/geotrans-logo.png\",\"width\":2087,\"height\":447,\"caption\":\"Geo Trans\"},\"image\":{\"@id\":\"https:\\\/\\\/geotrans.gr\\\/#\\\/schema\\\/logo\\\/image\\\/\"}}]}<\/script>\n<!-- \/ Yoast SEO plugin. -->","yoast_head_json":{"title":"Branchen - Geo Trans","robots":{"index":"index","follow":"follow","max-snippet":"max-snippet:-1","max-image-preview":"max-image-preview:large","max-video-preview":"max-video-preview:-1"},"canonical":"https:\/\/geotrans.gr\/de\/industries\/","og_locale":"de_DE","og_type":"article","og_title":"Branchen - Geo Trans","og_description":"[vc_row css=&#8220;.vc_custom_1635255636709{margin-top: 50px !important;}&#8220;][vc_column][vc_custom_heading text=&#8220;Frachtl\u00f6sungen, die den Anforderungen spezieller Branchen gerecht werden.&#8220; font_container=&#8220;tag:h2|font_size:33|text_align:center|color:%23333333&#8243; google_fonts=&#8220;font_family:Roboto%3A100%2C100italic%2C300%2C300italic%2Cregular%2Citalic%2C500%2C500italic%2C700%2C700italic%2C900%2C900italic|font_style:400%20regular%3A400%3Anormal&#8220; css=&#8220;.vc_custom_1637834055592{margin-bottom: 50px !important;}&#8220; el_class=&#8220;industries-main-text&#8220;][\/vc_column][\/vc_row][vc_row css=&#8220;.vc_custom_1635255686890{margin-top: 50px !important;}&#8220; el_class=&#8220;industry-row&#8220;][vc_column width=&#8220;1\/2&#8243;][vc_custom_heading text=&#8220;WAREN DES T\u00c4GLICHEN GEBRAUCHS&#8220; font_container=&#8220;tag:h3|text_align:left&#8220; google_fonts=&#8220;font_family:Roboto%3A100%2C100italic%2C300%2C300italic%2Cregular%2Citalic%2C500%2C500italic%2C700%2C700italic%2C900%2C900italic|font_style:400%20regular%3A400%3Anormal&#8220;][vc_column_text]Niedrigere Kosten, k\u00fcrzere Vorlaufzeiten, durchg\u00e4ngige Transparenz und verbesserte Reaktionszeiten sind einige der wichtigsten Herausforderungen der Branche. Geotrans bietet intelligente L\u00f6sungen, damit Sie operative Spitzenleistungen erreichen k\u00f6nnen.[\/vc_column_text][\/vc_column][vc_column width=&#8220;1\/2&#8243;][vc_single_image [&hellip;]","og_url":"https:\/\/geotrans.gr\/de\/industries\/","og_site_name":"Geo Trans","article_modified_time":"2021-11-25T09:55:31+00:00","twitter_card":"summary_large_image","twitter_misc":{"Gesch\u00e4tzte Lesezeit":"3\u00a0Minuten"},"schema":{"@context":"https:\/\/schema.org","@graph":[{"@type":"WebPage","@id":"https:\/\/geotrans.gr\/de\/industries\/","url":"https:\/\/geotrans.gr\/de\/industries\/","name":"Branchen - Geo Trans","isPartOf":{"@id":"https:\/\/geotrans.gr\/#website"},"datePublished":"2021-06-22T09:11:07+00:00","dateModified":"2021-11-25T09:55:31+00:00","breadcrumb":{"@id":"https:\/\/geotrans.gr\/de\/industries\/#breadcrumb"},"inLanguage":"de","potentialAction":[{"@type":"ReadAction","target":["https:\/\/geotrans.gr\/de\/industries\/"]}]},{"@type":"BreadcrumbList","@id":"https:\/\/geotrans.gr\/de\/industries\/#breadcrumb","itemListElement":[{"@type":"ListItem","position":1,"name":"Home","item":"https:\/\/geotrans.gr\/de\/"},{"@type":"ListItem","position":2,"name":"Branchen"}]},{"@type":"WebSite","@id":"https:\/\/geotrans.gr\/#website","url":"https:\/\/geotrans.gr\/","name":"Geo Trans","description":"","publisher":{"@id":"https:\/\/geotrans.gr\/#organization"},"potentialAction":[{"@type":"SearchAction","target":{"@type":"EntryPoint","urlTemplate":"https:\/\/geotrans.gr\/?s={search_term_string}"},"query-input":{"@type":"PropertyValueSpecification","valueRequired":true,"valueName":"search_term_string"}}],"inLanguage":"de"},{"@type":"Organization","@id":"https:\/\/geotrans.gr\/#organization","name":"Geo Trans","url":"https:\/\/geotrans.gr\/","logo":{"@type":"ImageObject","inLanguage":"de","@id":"https:\/\/geotrans.gr\/#\/schema\/logo\/image\/","url":"https:\/\/geotrans.gr\/wp-content\/uploads\/2021\/04\/geotrans-logo.png","contentUrl":"https:\/\/geotrans.gr\/wp-content\/uploads\/2021\/04\/geotrans-logo.png","width":2087,"height":447,"caption":"Geo Trans"},"image":{"@id":"https:\/\/geotrans.gr\/#\/schema\/logo\/image\/"}}]}},"_links":{"self":[{"href":"https:\/\/geotrans.gr\/de\/wp-json\/wp\/v2\/pages\/2391","targetHints":{"allow":["GET"]}}],"collection":[{"href":"https:\/\/geotrans.gr\/de\/wp-json\/wp\/v2\/pages"}],"about":[{"href":"https:\/\/geotrans.gr\/de\/wp-json\/wp\/v2\/types\/page"}],"author":[{"embeddable":true,"href":"https:\/\/geotrans.gr\/de\/wp-json\/wp\/v2\/users\/1"}],"replies":[{"embeddable":true,"href":"https:\/\/geotrans.gr\/de\/wp-json\/wp\/v2\/comments?post=2391"}],"version-history":[{"count":3,"href":"https:\/\/geotrans.gr\/de\/wp-json\/wp\/v2\/pages\/2391\/revisions"}],"predecessor-version":[{"id":2394,"href":"https:\/\/geotrans.gr\/de\/wp-json\/wp\/v2\/pages\/2391\/revisions\/2394"}],"wp:attachment":[{"href":"https:\/\/geotrans.gr\/de\/wp-json\/wp\/v2\/media?parent=2391"}],"curies":[{"name":"wp","href":"https:\/\/api.w.org\/{rel}","templated":true}]}}