{"id":2384,"date":"2017-01-29T07:00:14","date_gmt":"2017-01-29T07:00:14","guid":{"rendered":"https:\/\/geotrans.gr\/company\/"},"modified":"2021-12-07T12:37:03","modified_gmt":"2021-12-07T09:37:03","slug":"company","status":"publish","type":"page","link":"https:\/\/geotrans.gr\/de\/company\/","title":{"rendered":"Unternehmen"},"content":{"rendered":"<p>[vc_row full_width=&#8220;stretch_row_content_no_spaces&#8220; css=&#8220;.vc_custom_1486122137217{margin-top: 0px !important;margin-bottom: 0px !important;padding-top: 0px !important;padding-bottom: 0px !important;background-color: #f8f9fa !important;}&#8220;][vc_column css=&#8220;.vc_custom_1486122106392{margin-top: 0px !important;margin-bottom: 0px !important;padding-top: 0px !important;padding-bottom: 0px !important;}&#8220;][vc_mad_section_with_media type=&#8220;type_2&#8243; title_font_size=&#8220;42&#8243; title=&#8220;Warum Geotrans?&#8220; link=&#8220;target:_blank&#8220; video=&#8220;https:\/\/www.youtube.com\/watch?v=LSO_WBkQzNo&#8220;]<\/p>\n<div class=\"text-size-small\">\n<p>Transparenz und Flexibilit\u00e4t, kurze Vorlauf- und Lieferzeiten, Kosteneffizienz, garantierte Kapazit\u00e4ten in Spitzenzeiten.<\/p>\n<\/div>\n<p>&nbsp;<\/p>\n<p class=\"pillars-text\">Unsere drei Gesch\u00e4ftspfeiler:<\/p>\n<ul>\n<li><strong>MENSCHEN<br \/>\n<\/strong>Wir sch\u00e4tzen und belohnen Talent und unternehmerischen Scharfsinn. Wir pflegen eine Kultur des Vertrauens und bef\u00e4higen unsere Mitarbeiter, das Unternehmen voranzubringen.<strong><br \/>\n<\/strong><\/li>\n<li><strong>OPERATIVE EXZELLENZ<br \/>\n<\/strong>Kontinuierliche Verbesserung ist entscheidend, um mit h\u00f6chster Produktivit\u00e4t zu arbeiten. Wir stimmen Ressourcen, Technologien und Infrastruktur aufeinander ab, um fristgerechte, zuverl\u00e4ssige und hochwertige Dienstleistungen erbringen zu k\u00f6nnen.<\/li>\n<li><strong>STAKEHOLDER<br \/>\n<\/strong>Unser strategisches Ziel ist es, einen Mehrwert f\u00fcr alle Beteiligten zu schaffen. Wir bem\u00fchen uns, f\u00fcr alle Beteiligten ein \u00fcber dem Markt liegendes, profitables Wachstum erzielen und f\u00fcr unsere Mitarbeiter, Lieferanten und Partner eine vertretbare Gegenleistung erbringen.<strong><br \/>\n<\/strong><\/li>\n<\/ul>\n<p>[\/vc_mad_section_with_media][\/vc_column][\/vc_row][vc_row css=&#8220;.vc_custom_1635867853888{padding-top: 70px !important;padding-bottom: 0px !important;}&#8220; el_class=&#8220;fix-mobile-spaces&#8220;][vc_column width=&#8220;1\/2&#8243; el_class=&#8220;about-col-banner&#8220;][vc_mad_banners title_font_size=&#8220;32&#8243; image=&#8220;2115&#8243; title=&#8220;Unsere Mission&#8220; link=&#8220;target:_blank&#8220;]Unser Ziel ist es, Vorteile f\u00fcr unsere Kunden zu schaffen, indem wir L\u00f6sungen anbieten, die an ihre Transport- und Logistikbed\u00fcrfnisse angepasst sind. Unsere gemeinsame Mission ist, Sie auf Ihrem Weg zur Optimierung Ihrer Lieferkette zu unterst\u00fctzen und Ihnen operative Spitzenleistungen zu erm\u00f6glichen.[\/vc_mad_banners][\/vc_column][vc_column width=&#8220;1\/2&#8243; el_class=&#8220;about-col-banner&#8220;][vc_mad_banners title_font_size=&#8220;32&#8243; image=&#8220;2347&#8243; title=&#8220;Unser Charakter&#8220; link=&#8220;target:_blank&#8220;]Wir sind authentisch Wir glauben an Beziehungen, nicht an Transaktionen. Wir sind agil und streben nach Spitzenleistungen. Wir sch\u00e4tzen Teamwork und Integrit\u00e4t. Wir pflegen eine Familienatmosph\u00e4re und lieben es, das Richtige zu tun. F\u00fcr uns ging es noch nie darum, die Gr\u00f6\u00dften zu sein. Es ging schon immer darum, in den Gemeinden, in denen wir leben und arbeiten, etwas zu bewirken.[\/vc_mad_banners][\/vc_column][\/vc_row][vc_row css=&#8220;.vc_custom_1635867845741{padding-top: 40px !important;padding-bottom: 0px !important;}&#8220; el_class=&#8220;fix-mobile-spaces&#8220;][vc_column width=&#8220;1\/2&#8243;][vc_mad_banners title_font_size=&#8220;32&#8243; image=&#8220;1804&#8243; title=&#8220;Unsere Vision&#8220; link=&#8220;target:_blank&#8220;]Wir wollen in unserem Unternehmensbereich der bevorzugte Partner sein.[\/vc_mad_banners][\/vc_column][vc_column width=&#8220;1\/2&#8243;][vc_mad_banners title_font_size=&#8220;32&#8243; image=&#8220;3421&#8243; title=&#8220;Verh\u00e4ltnis zu unseren Kunden&#8220; link=&#8220;target:_blank&#8220;]Wir sch\u00e4tzen unsere Kunden und behandeln sie zielstrebig und mit Leidenschaft.[\/vc_mad_banners][\/vc_column][\/vc_row][vc_row full_width=&#8220;stretch_row&#8220; bg_type=&#8220;image&#8220; parallax_style=&#8220;vcpb-default&#8220; bg_image_new=&#8220;id^224|url^https:\/\/velikorodnov.com\/wordpress\/expeditor\/blue\/wp-content\/uploads\/2017\/01\/2173x1448_bg.jpg|caption^null|alt^null|title^2173x1448_bg|description^null&#8220; bg_image_repeat=&#8220;no-repeat&#8220; bg_img_attach=&#8220;fixed&#8220; bg_override=&#8220;full&#8220; css=&#8220;.vc_custom_1490796786865{padding-top: 70px !important;padding-bottom: 60px !important;}&#8220;][vc_column][vc_row_inner][vc_column_inner width=&#8220;1\/2&#8243;][vc_mad_page_title title_top=&#8220;KARRIEREM\u00d6GLICHKEITEN&#8220; title=&#8220;Sind Sie daran interessiert Teil unseres Teams zu werden?&#8220; css=&#8220;.vc_custom_1637833794649{padding-bottom: 10px !important;}&#8220;]Wir bei Geotrans sind \u00fcberzeugt, dass Ihre berufliche und pers\u00f6nliche Entwicklung dazu beitr\u00e4gt, dass wir unsere Gesch\u00e4ftsziele erreichen. Wir sind der Meinung, dass ein sich st\u00e4ndig fortbildender Mitarbeiter ein engagierter Mitarbeiter f\u00fcr unser Unternehmen ist.<\/p>\n<p>Wir investieren langfristig in unsere Mitarbeiter &#8211; nicht nur \u00fcber Gehalt und Zusatzleistungen, sondern auch \u00fcber kontinuierliche Fortbildungs- und Entwicklungsm\u00f6glichkeiten.[\/vc_mad_page_title][\/vc_column_inner][vc_column_inner width=&#8220;1\/2&#8243;]\n<div class=\"wpcf7 no-js\" id=\"wpcf7-f2352-o1\" lang=\"de-DE\" dir=\"ltr\" data-wpcf7-id=\"2352\">\n<div class=\"screen-reader-response\"><p role=\"status\" aria-live=\"polite\" aria-atomic=\"true\"><\/p> <ul><\/ul><\/div>\n<form action=\"\/de\/wp-json\/wp\/v2\/pages\/2384#wpcf7-f2352-o1\" method=\"post\" class=\"wpcf7-form init\" aria-label=\"Kontaktformular\" enctype=\"multipart\/form-data\" novalidate=\"novalidate\" data-status=\"init\">\n<fieldset class=\"hidden-fields-container\"><input type=\"hidden\" name=\"_wpcf7\" value=\"2352\" \/><input type=\"hidden\" name=\"_wpcf7_version\" value=\"6.1.5\" \/><input type=\"hidden\" name=\"_wpcf7_locale\" value=\"de_DE\" \/><input type=\"hidden\" name=\"_wpcf7_unit_tag\" value=\"wpcf7-f2352-o1\" \/><input type=\"hidden\" name=\"_wpcf7_container_post\" value=\"0\" \/><input type=\"hidden\" name=\"_wpcf7_posted_data_hash\" value=\"\" \/><input type=\"hidden\" name=\"_wpcf7cf_hidden_group_fields\" value=\"\" \/><input type=\"hidden\" name=\"_wpcf7cf_hidden_groups\" value=\"\" \/><input type=\"hidden\" name=\"_wpcf7cf_visible_groups\" value=\"\" \/><input type=\"hidden\" name=\"_wpcf7cf_repeaters\" value=\"[]\" \/><input type=\"hidden\" name=\"_wpcf7cf_steps\" value=\"{}\" \/><input type=\"hidden\" name=\"_wpcf7cf_options\" value=\"{&quot;form_id&quot;:2352,&quot;conditions&quot;:[{&quot;then_field&quot;:&quot;group-1&quot;,&quot;and_rules&quot;:[{&quot;if_field&quot;:&quot;reason&quot;,&quot;operator&quot;:&quot;equals&quot;,&quot;if_value&quot;:&quot;Fordern Sie Ihr Angebot an&quot;}]},{&quot;then_field&quot;:&quot;group-2&quot;,&quot;and_rules&quot;:[{&quot;if_field&quot;:&quot;reason&quot;,&quot;operator&quot;:&quot;equals&quot;,&quot;if_value&quot;:&quot;Anfrage nach Zusammenarbeit&quot;}]},{&quot;then_field&quot;:&quot;group-3&quot;,&quot;and_rules&quot;:[{&quot;if_field&quot;:&quot;reason&quot;,&quot;operator&quot;:&quot;equals&quot;,&quot;if_value&quot;:&quot;Direkt an die Spitze&quot;}]},{&quot;then_field&quot;:&quot;group-4&quot;,&quot;and_rules&quot;:[{&quot;if_field&quot;:&quot;reason&quot;,&quot;operator&quot;:&quot;equals&quot;,&quot;if_value&quot;:&quot;Mitglied in unserem Team werden&quot;}]}],&quot;settings&quot;:{&quot;animation&quot;:&quot;yes&quot;,&quot;animation_intime&quot;:200,&quot;animation_outtime&quot;:200,&quot;conditions_ui&quot;:&quot;normal&quot;,&quot;notice_dismissed&quot;:false,&quot;notice_dismissed_rollback-cf7-5.4.2&quot;:true,&quot;notice_dismissed_rollback-cf7-5.5.6&quot;:true}}\" \/><input type=\"hidden\" name=\"_wpcf7_recaptcha_response\" value=\"\" \/>\n<\/fieldset>\n<div class=\"form-style1 fx-cols-2\">\n\t<div class=\"form-column\">\n\t\t<p><span class=\"wpcf7-form-control-wrap\" data-name=\"text-305\"><input size=\"40\" maxlength=\"400\" class=\"wpcf7-form-control wpcf7-text\" aria-invalid=\"false\" placeholder=\"First Name\" value=\"\" type=\"text\" name=\"text-305\" \/><\/span>\n\t\t<\/p>\n\t<\/div>\n\t<div class=\"form-column\">\n\t\t<p><span class=\"wpcf7-form-control-wrap\" data-name=\"text-301\"><input size=\"40\" maxlength=\"400\" class=\"wpcf7-form-control wpcf7-text\" aria-invalid=\"false\" placeholder=\"Last Name\" value=\"\" type=\"text\" name=\"text-301\" \/><\/span>\n\t\t<\/p>\n\t<\/div>\n\t<div class=\"form-column-full\">\n\t\t<p><span class=\"wpcf7-form-control-wrap\" data-name=\"email-453\"><input size=\"40\" maxlength=\"400\" class=\"wpcf7-form-control wpcf7-email wpcf7-validates-as-required wpcf7-text wpcf7-validates-as-email\" aria-required=\"true\" aria-invalid=\"false\" placeholder=\"Email\" value=\"\" type=\"email\" name=\"email-453\" \/><\/span>\n\t\t<\/p>\n\t<\/div>\n\t<div class=\"form-column-full\">\n\t\t<p><span class=\"wpcf7-form-control-wrap\" data-name=\"phone-453\"><input size=\"40\" maxlength=\"400\" class=\"wpcf7-form-control wpcf7-text wpcf7-validates-as-required\" aria-required=\"true\" aria-invalid=\"false\" placeholder=\"Phone\" value=\"\" type=\"text\" name=\"phone-453\" \/><\/span>\n\t\t<\/p>\n\t<\/div>\n\t<div class=\"form-column-full\">\n\t\t<p><span class=\"wpcf7-form-control-wrap\" data-name=\"reason\"><select class=\"wpcf7-form-control wpcf7-select\" aria-invalid=\"false\" name=\"reason\"><option value=\"Request a Free Quote\">Request a Free Quote<\/option><option value=\"Request Cooperation\">Request Cooperation<\/option><option value=\"Straight to the Top\">Straight to the Top<\/option><option value=\"Join our Team\">Join our Team<\/option><\/select><\/span>\n\t\t<\/p>\n\t<\/div>\n\t<div id=\"group-1\">\n\t\t<div data-id=\"group-1\" data-orig_data_id=\"group-1\"  data-class=\"wpcf7cf_group\">\n\t\t\t<p>Customers\n\t\t\t<\/p>\n\t\t<\/div>\n\t<\/div>\n\t<div id=\"group-2\">\n\t\t<div data-id=\"group-2\" data-orig_data_id=\"group-2\"  data-class=\"wpcf7cf_group\">\n\t\t\t<p>Vendors\n\t\t\t<\/p>\n\t\t<\/div>\n\t<\/div>\n\t<div id=\"group-3\">\n\t\t<div data-id=\"group-3\" data-orig_data_id=\"group-3\"  data-class=\"wpcf7cf_group\">\n\t\t\t<p><span class=\"wpcf7-form-control-wrap\" data-name=\"menu-52\"><select class=\"wpcf7-form-control wpcf7-select\" aria-invalid=\"false\" name=\"menu-52\"><option value=\"Feedback\">Feedback<\/option><option value=\"Suggestions\">Suggestions<\/option><\/select><\/span>\n\t\t\t<\/p>\n\t\t<\/div>\n\t<\/div>\n\t<div id=\"group-4\">\n\t\t<div data-id=\"group-4\" data-orig_data_id=\"group-4\"  data-class=\"wpcf7cf_group\">\n\t\t\t<p>Candidates\n\t\t\t<\/p>\n\t\t<\/div>\n\t<\/div>\n\t<div class=\"form-column-full\">\n\t\t<p><span class=\"wpcf7-form-control-wrap\" data-name=\"textarea-117\"><textarea cols=\"40\" rows=\"4\" maxlength=\"2000\" class=\"wpcf7-form-control wpcf7-textarea wpcf7-validates-as-required\" aria-required=\"true\" aria-invalid=\"false\" placeholder=\"Message\" name=\"textarea-117\"><\/textarea><\/span>\n\t\t<\/p>\n\t<\/div>\n\t<div class=\"form-column-full\" style=\"padding: 0 10px 10px;\">\n\t\t<p><span class=\"wpcf7-form-control-wrap\" data-name=\"your-file\"><input size=\"40\" class=\"wpcf7-form-control wpcf7-file\" accept=\".pdf\" aria-invalid=\"false\" type=\"file\" name=\"your-file\" \/><\/span>\n\t\t<\/p>\n\t<\/div>\n\t<div class=\"form-column-full acceptance-form\" style=\"padding: 0 10px;\">\n\t\t<p><span class=\"wpcf7-form-control-wrap\" data-name=\"acceptance-996\"><span class=\"wpcf7-form-control wpcf7-acceptance\"><span class=\"wpcf7-list-item\"><label><input type=\"checkbox\" name=\"acceptance-996\" value=\"1\" aria-invalid=\"false\" \/><span class=\"wpcf7-list-item-label\">I accept the <a href=\"\/terms-of-use\/\">Terms of Use<\/a><\/span><\/label><\/span><\/span><\/span>\n\t\t<\/p>\n\t<\/div>\n\t<div class=\"form-column-full\">\n\t\t<p><input class=\"wpcf7-form-control wpcf7-submit has-spinner\" type=\"submit\" value=\"Submit\" \/>\n\t\t<\/p>\n\t<\/div>\n<\/div><div class=\"wpcf7-response-output\" aria-hidden=\"true\"><\/div>\n<\/form>\n<\/div>\n[\/vc_column_inner][\/vc_row_inner][\/vc_column][\/vc_row][vc_row full_width=&#8220;stretch_row&#8220; css=&#8220;.vc_custom_1486032841070{padding-top: 20px !important;padding-bottom: 20px !important;}&#8220;][vc_column][vc_mad_call_out btn_txt_color=&#8220;#ffffff&#8220; phone_title=&#8220;Anruf&#8220; title=&#8220;Wir helfen Ihnen, eine L\u00f6sung zu finden, die Ihren Bed\u00fcrfnissen entspricht.&#8220; phone1=&#8220;+30 210 5540231&#8243; link1=&#8220;url:%2Fde%2Fcontact%2F|title:Kontakt|target:_blank&#8220;][\/vc_mad_call_out][\/vc_column][\/vc_row][vc_row full_width=&#8220;stretch_row&#8220; bg_type=&#8220;image&#8220; parallax_style=&#8220;vcpb-default&#8220; bg_image_new=&#8220;id^608|url^https:\/\/geotrans.gr\/wp-content\/uploads\/2017\/01\/2433x1637_bg.jpg|caption^null|alt^null|title^2433x1637_bg|description^null&#8220; bg_image_repeat=&#8220;no-repeat&#8220; bg_img_attach=&#8220;fixed&#8220; bg_override=&#8220;full&#8220; css=&#8220;.vc_custom_1632132587554{margin-bottom: 0px !important;padding-top: 70px !important;padding-bottom: 60px !important;}&#8220; el_class=&#8220;dis-none&#8220;][vc_column][vc_mad_testimonials type=&#8220;carousel&#8220; text_color=&#8220;#ffffff&#8220; items=&#8220;6&#8243; title_top=&#8220;TESTIMONIALS&#8220; title=&#8220;What Our Clients Say&#8220;][\/vc_column][\/vc_row]<\/p>\n","protected":false},"excerpt":{"rendered":"<p>[vc_row full_width=&#8220;stretch_row_content_no_spaces&#8220; css=&#8220;.vc_custom_1486122137217{margin-top: 0px !important;margin-bottom: 0px !important;padding-top: 0px !important;padding-bottom: 0px !important;background-color: #f8f9fa !important;}&#8220;][vc_column css=&#8220;.vc_custom_1486122106392{margin-top: 0px !important;margin-bottom: 0px !important;padding-top: 0px !important;padding-bottom: 0px !important;}&#8220;][vc_mad_section_with_media type=&#8220;type_2&#8243; title_font_size=&#8220;42&#8243; title=&#8220;Warum Geotrans?&#8220; link=&#8220;target:_blank&#8220; video=&#8220;https:\/\/www.youtube.com\/watch?v=LSO_WBkQzNo&#8220;] Transparenz und Flexibilit\u00e4t, kurze Vorlauf- und Lieferzeiten, Kosteneffizienz, garantierte Kapazit\u00e4ten in Spitzenzeiten. &nbsp; Unsere drei Gesch\u00e4ftspfeiler: MENSCHEN Wir sch\u00e4tzen und belohnen Talent und unternehmerischen Scharfsinn. Wir pflegen [&hellip;]<\/p>\n","protected":false},"author":1,"featured_media":0,"parent":0,"menu_order":0,"comment_status":"closed","ping_status":"closed","template":"","meta":{"footnotes":""},"class_list":["post-2384","page","type-page","status-publish","hentry"],"yoast_head":"<!-- This site is optimized with the Yoast SEO plugin v27.3 - https:\/\/yoast.com\/product\/yoast-seo-wordpress\/ -->\n<title>Unternehmen - Geo Trans<\/title>\n<meta name=\"robots\" content=\"index, follow, max-snippet:-1, max-image-preview:large, max-video-preview:-1\" \/>\n<link rel=\"canonical\" href=\"https:\/\/geotrans.gr\/de\/company\/\" \/>\n<meta property=\"og:locale\" content=\"de_DE\" \/>\n<meta property=\"og:type\" content=\"article\" \/>\n<meta property=\"og:title\" content=\"Unternehmen - Geo Trans\" \/>\n<meta property=\"og:description\" content=\"[vc_row full_width=&#8220;stretch_row_content_no_spaces&#8220; css=&#8220;.vc_custom_1486122137217{margin-top: 0px !important;margin-bottom: 0px !important;padding-top: 0px !important;padding-bottom: 0px !important;background-color: #f8f9fa !important;}&#8220;][vc_column css=&#8220;.vc_custom_1486122106392{margin-top: 0px !important;margin-bottom: 0px !important;padding-top: 0px !important;padding-bottom: 0px !important;}&#8220;][vc_mad_section_with_media type=&#8220;type_2&#8243; title_font_size=&#8220;42&#8243; title=&#8220;Warum Geotrans?&#8220; link=&#8220;target:_blank&#8220; video=&#8220;https:\/\/www.youtube.com\/watch?v=LSO_WBkQzNo&#8220;] Transparenz und Flexibilit\u00e4t, kurze Vorlauf- und Lieferzeiten, Kosteneffizienz, garantierte Kapazit\u00e4ten in Spitzenzeiten. &nbsp; Unsere drei Gesch\u00e4ftspfeiler: MENSCHEN Wir sch\u00e4tzen und belohnen Talent und unternehmerischen Scharfsinn. Wir pflegen [&hellip;]\" \/>\n<meta property=\"og:url\" content=\"https:\/\/geotrans.gr\/de\/company\/\" \/>\n<meta property=\"og:site_name\" content=\"Geo Trans\" \/>\n<meta property=\"article:modified_time\" content=\"2021-12-07T09:37:03+00:00\" \/>\n<meta name=\"twitter:card\" content=\"summary_large_image\" \/>\n<meta name=\"twitter:label1\" content=\"Gesch\u00e4tzte Lesezeit\" \/>\n\t<meta name=\"twitter:data1\" content=\"4\u00a0Minuten\" \/>\n<script type=\"application\/ld+json\" class=\"yoast-schema-graph\">{\"@context\":\"https:\\\/\\\/schema.org\",\"@graph\":[{\"@type\":\"WebPage\",\"@id\":\"https:\\\/\\\/geotrans.gr\\\/de\\\/company\\\/\",\"url\":\"https:\\\/\\\/geotrans.gr\\\/de\\\/company\\\/\",\"name\":\"Unternehmen - Geo Trans\",\"isPartOf\":{\"@id\":\"https:\\\/\\\/geotrans.gr\\\/#website\"},\"datePublished\":\"2017-01-29T07:00:14+00:00\",\"dateModified\":\"2021-12-07T09:37:03+00:00\",\"breadcrumb\":{\"@id\":\"https:\\\/\\\/geotrans.gr\\\/de\\\/company\\\/#breadcrumb\"},\"inLanguage\":\"de\",\"potentialAction\":[{\"@type\":\"ReadAction\",\"target\":[\"https:\\\/\\\/geotrans.gr\\\/de\\\/company\\\/\"]}]},{\"@type\":\"BreadcrumbList\",\"@id\":\"https:\\\/\\\/geotrans.gr\\\/de\\\/company\\\/#breadcrumb\",\"itemListElement\":[{\"@type\":\"ListItem\",\"position\":1,\"name\":\"Home\",\"item\":\"https:\\\/\\\/geotrans.gr\\\/de\\\/\"},{\"@type\":\"ListItem\",\"position\":2,\"name\":\"Unternehmen\"}]},{\"@type\":\"WebSite\",\"@id\":\"https:\\\/\\\/geotrans.gr\\\/#website\",\"url\":\"https:\\\/\\\/geotrans.gr\\\/\",\"name\":\"Geo Trans\",\"description\":\"\",\"publisher\":{\"@id\":\"https:\\\/\\\/geotrans.gr\\\/#organization\"},\"potentialAction\":[{\"@type\":\"SearchAction\",\"target\":{\"@type\":\"EntryPoint\",\"urlTemplate\":\"https:\\\/\\\/geotrans.gr\\\/?s={search_term_string}\"},\"query-input\":{\"@type\":\"PropertyValueSpecification\",\"valueRequired\":true,\"valueName\":\"search_term_string\"}}],\"inLanguage\":\"de\"},{\"@type\":\"Organization\",\"@id\":\"https:\\\/\\\/geotrans.gr\\\/#organization\",\"name\":\"Geo Trans\",\"url\":\"https:\\\/\\\/geotrans.gr\\\/\",\"logo\":{\"@type\":\"ImageObject\",\"inLanguage\":\"de\",\"@id\":\"https:\\\/\\\/geotrans.gr\\\/#\\\/schema\\\/logo\\\/image\\\/\",\"url\":\"https:\\\/\\\/geotrans.gr\\\/wp-content\\\/uploads\\\/2021\\\/04\\\/geotrans-logo.png\",\"contentUrl\":\"https:\\\/\\\/geotrans.gr\\\/wp-content\\\/uploads\\\/2021\\\/04\\\/geotrans-logo.png\",\"width\":2087,\"height\":447,\"caption\":\"Geo Trans\"},\"image\":{\"@id\":\"https:\\\/\\\/geotrans.gr\\\/#\\\/schema\\\/logo\\\/image\\\/\"}}]}<\/script>\n<!-- \/ Yoast SEO plugin. -->","yoast_head_json":{"title":"Unternehmen - Geo Trans","robots":{"index":"index","follow":"follow","max-snippet":"max-snippet:-1","max-image-preview":"max-image-preview:large","max-video-preview":"max-video-preview:-1"},"canonical":"https:\/\/geotrans.gr\/de\/company\/","og_locale":"de_DE","og_type":"article","og_title":"Unternehmen - Geo Trans","og_description":"[vc_row full_width=&#8220;stretch_row_content_no_spaces&#8220; css=&#8220;.vc_custom_1486122137217{margin-top: 0px !important;margin-bottom: 0px !important;padding-top: 0px !important;padding-bottom: 0px !important;background-color: #f8f9fa !important;}&#8220;][vc_column css=&#8220;.vc_custom_1486122106392{margin-top: 0px !important;margin-bottom: 0px !important;padding-top: 0px !important;padding-bottom: 0px !important;}&#8220;][vc_mad_section_with_media type=&#8220;type_2&#8243; title_font_size=&#8220;42&#8243; title=&#8220;Warum Geotrans?&#8220; link=&#8220;target:_blank&#8220; video=&#8220;https:\/\/www.youtube.com\/watch?v=LSO_WBkQzNo&#8220;] Transparenz und Flexibilit\u00e4t, kurze Vorlauf- und Lieferzeiten, Kosteneffizienz, garantierte Kapazit\u00e4ten in Spitzenzeiten. &nbsp; Unsere drei Gesch\u00e4ftspfeiler: MENSCHEN Wir sch\u00e4tzen und belohnen Talent und unternehmerischen Scharfsinn. Wir pflegen [&hellip;]","og_url":"https:\/\/geotrans.gr\/de\/company\/","og_site_name":"Geo Trans","article_modified_time":"2021-12-07T09:37:03+00:00","twitter_card":"summary_large_image","twitter_misc":{"Gesch\u00e4tzte Lesezeit":"4\u00a0Minuten"},"schema":{"@context":"https:\/\/schema.org","@graph":[{"@type":"WebPage","@id":"https:\/\/geotrans.gr\/de\/company\/","url":"https:\/\/geotrans.gr\/de\/company\/","name":"Unternehmen - Geo Trans","isPartOf":{"@id":"https:\/\/geotrans.gr\/#website"},"datePublished":"2017-01-29T07:00:14+00:00","dateModified":"2021-12-07T09:37:03+00:00","breadcrumb":{"@id":"https:\/\/geotrans.gr\/de\/company\/#breadcrumb"},"inLanguage":"de","potentialAction":[{"@type":"ReadAction","target":["https:\/\/geotrans.gr\/de\/company\/"]}]},{"@type":"BreadcrumbList","@id":"https:\/\/geotrans.gr\/de\/company\/#breadcrumb","itemListElement":[{"@type":"ListItem","position":1,"name":"Home","item":"https:\/\/geotrans.gr\/de\/"},{"@type":"ListItem","position":2,"name":"Unternehmen"}]},{"@type":"WebSite","@id":"https:\/\/geotrans.gr\/#website","url":"https:\/\/geotrans.gr\/","name":"Geo Trans","description":"","publisher":{"@id":"https:\/\/geotrans.gr\/#organization"},"potentialAction":[{"@type":"SearchAction","target":{"@type":"EntryPoint","urlTemplate":"https:\/\/geotrans.gr\/?s={search_term_string}"},"query-input":{"@type":"PropertyValueSpecification","valueRequired":true,"valueName":"search_term_string"}}],"inLanguage":"de"},{"@type":"Organization","@id":"https:\/\/geotrans.gr\/#organization","name":"Geo Trans","url":"https:\/\/geotrans.gr\/","logo":{"@type":"ImageObject","inLanguage":"de","@id":"https:\/\/geotrans.gr\/#\/schema\/logo\/image\/","url":"https:\/\/geotrans.gr\/wp-content\/uploads\/2021\/04\/geotrans-logo.png","contentUrl":"https:\/\/geotrans.gr\/wp-content\/uploads\/2021\/04\/geotrans-logo.png","width":2087,"height":447,"caption":"Geo Trans"},"image":{"@id":"https:\/\/geotrans.gr\/#\/schema\/logo\/image\/"}}]}},"_links":{"self":[{"href":"https:\/\/geotrans.gr\/de\/wp-json\/wp\/v2\/pages\/2384","targetHints":{"allow":["GET"]}}],"collection":[{"href":"https:\/\/geotrans.gr\/de\/wp-json\/wp\/v2\/pages"}],"about":[{"href":"https:\/\/geotrans.gr\/de\/wp-json\/wp\/v2\/types\/page"}],"author":[{"embeddable":true,"href":"https:\/\/geotrans.gr\/de\/wp-json\/wp\/v2\/users\/1"}],"replies":[{"embeddable":true,"href":"https:\/\/geotrans.gr\/de\/wp-json\/wp\/v2\/comments?post=2384"}],"version-history":[{"count":4,"href":"https:\/\/geotrans.gr\/de\/wp-json\/wp\/v2\/pages\/2384\/revisions"}],"predecessor-version":[{"id":3428,"href":"https:\/\/geotrans.gr\/de\/wp-json\/wp\/v2\/pages\/2384\/revisions\/3428"}],"wp:attachment":[{"href":"https:\/\/geotrans.gr\/de\/wp-json\/wp\/v2\/media?parent=2384"}],"curies":[{"name":"wp","href":"https:\/\/api.w.org\/{rel}","templated":true}]}}