{"id":2353,"date":"2017-01-29T06:59:51","date_gmt":"2017-01-29T06:59:51","guid":{"rendered":"https:\/\/geotrans.gr\/solutions-overview\/"},"modified":"2021-11-25T11:48:34","modified_gmt":"2021-11-25T08:48:34","slug":"solutions-overview","status":"publish","type":"page","link":"https:\/\/geotrans.gr\/de\/solutions-overview\/","title":{"rendered":"L\u00f6sungen"},"content":{"rendered":"<p>[vc_row css=&#8220;.vc_custom_1486368081561{padding-top: 70px !important;}&#8220;][vc_column][vc_column_text]<\/p>\n<h2>Mehr als Transport!<\/h2>\n<p class=\"text-size-medium\">Es muss nicht kompliziert sein Wir nehmen es pers\u00f6nlich. Wir liefern Ihre Fracht p\u00fcnktlich, vollst\u00e4ndig und fehlerfrei.<\/p>\n<p class=\"text-size-medium\"><strong>Wir konzentrieren uns darauf, Ihre Herausforderungen <\/strong> bei Kapazit\u00e4tsengp\u00e4ssen in Spitzenzeiten, der Risikominderung und der Optimierung Ihrer Lieferkette <strong>zu verstehen<\/strong><\/p>\n<p>[\/vc_column_text][\/vc_column][\/vc_row][vc_row css=&#8220;.vc_custom_1489133836401{margin-bottom: 0px !important;padding-bottom: 70px !important;}&#8220;][vc_column][vc_mad_services items=&#8220;-1&#8243; text_count=&#8220;80&#8243; columns=&#8220;4&#8243;]<\/p>\n<p>Click edit button to change this text.<\/p>\n<p>[\/vc_mad_services][\/vc_column][\/vc_row][vc_row full_width=&#8220;stretch_row&#8220; css=&#8220;.vc_custom_1486374427284{margin-bottom: 0px !important;padding-top: 60px !important;padding-bottom: 60px !important;background-color: #2a2c32 !important;}&#8220;][vc_column][vc_mad_call_out title_color=&#8220;#ffffff&#8220; btn_txt_color=&#8220;#ffffff&#8220; phone_title=&#8220;Anruf&#8220; phone_color=&#8220;#ffffff&#8220; title=&#8220;Wir helfen Ihnen, eine L\u00f6sung zu finden, die Ihren Bed\u00fcrfnissen entspricht.&#8220; phone1=&#8220;+30 210 5540231&#8243; link1=&#8220;url:%2Fde%2Fcontact%2F%23contact-form-contact|title:Kontakt&#8220;][\/vc_mad_call_out][\/vc_column][\/vc_row]<\/p>\n","protected":false},"excerpt":{"rendered":"<p>[vc_row css=&#8220;.vc_custom_1486368081561{padding-top: 70px !important;}&#8220;][vc_column][vc_column_text] Mehr als Transport! Es muss nicht kompliziert sein Wir nehmen es pers\u00f6nlich. Wir liefern Ihre Fracht p\u00fcnktlich, vollst\u00e4ndig und fehlerfrei. Wir konzentrieren uns darauf, Ihre Herausforderungen bei Kapazit\u00e4tsengp\u00e4ssen in Spitzenzeiten, der Risikominderung und der Optimierung Ihrer Lieferkette zu verstehen [\/vc_column_text][\/vc_column][\/vc_row][vc_row css=&#8220;.vc_custom_1489133836401{margin-bottom: 0px !important;padding-bottom: 70px !important;}&#8220;][vc_column][vc_mad_services items=&#8220;-1&#8243; text_count=&#8220;80&#8243; columns=&#8220;4&#8243;] Click edit button [&hellip;]<\/p>\n","protected":false},"author":1,"featured_media":0,"parent":0,"menu_order":0,"comment_status":"closed","ping_status":"closed","template":"","meta":{"footnotes":""},"class_list":["post-2353","page","type-page","status-publish","hentry"],"yoast_head":"<!-- This site is optimized with the Yoast SEO plugin v27.4 - https:\/\/yoast.com\/product\/yoast-seo-wordpress\/ -->\n<title>L\u00f6sungen - Geo Trans<\/title>\n<meta name=\"robots\" content=\"index, follow, max-snippet:-1, max-image-preview:large, max-video-preview:-1\" \/>\n<link rel=\"canonical\" href=\"https:\/\/geotrans.gr\/de\/solutions-overview\/\" \/>\n<meta property=\"og:locale\" content=\"de_DE\" \/>\n<meta property=\"og:type\" content=\"article\" \/>\n<meta property=\"og:title\" content=\"L\u00f6sungen - Geo Trans\" \/>\n<meta property=\"og:description\" content=\"[vc_row css=&#8220;.vc_custom_1486368081561{padding-top: 70px !important;}&#8220;][vc_column][vc_column_text] Mehr als Transport! Es muss nicht kompliziert sein Wir nehmen es pers\u00f6nlich. Wir liefern Ihre Fracht p\u00fcnktlich, vollst\u00e4ndig und fehlerfrei. Wir konzentrieren uns darauf, Ihre Herausforderungen bei Kapazit\u00e4tsengp\u00e4ssen in Spitzenzeiten, der Risikominderung und der Optimierung Ihrer Lieferkette zu verstehen [\/vc_column_text][\/vc_column][\/vc_row][vc_row css=&#8220;.vc_custom_1489133836401{margin-bottom: 0px !important;padding-bottom: 70px !important;}&#8220;][vc_column][vc_mad_services items=&#8220;-1&#8243; text_count=&#8220;80&#8243; columns=&#8220;4&#8243;] Click edit button [&hellip;]\" \/>\n<meta property=\"og:url\" content=\"https:\/\/geotrans.gr\/de\/solutions-overview\/\" \/>\n<meta property=\"og:site_name\" content=\"Geo Trans\" \/>\n<meta property=\"article:modified_time\" content=\"2021-11-25T08:48:34+00:00\" \/>\n<meta name=\"twitter:card\" content=\"summary_large_image\" \/>\n<meta name=\"twitter:label1\" content=\"Gesch\u00e4tzte Lesezeit\" \/>\n\t<meta name=\"twitter:data1\" content=\"1\u00a0Minute\" \/>\n<script type=\"application\/ld+json\" class=\"yoast-schema-graph\">{\"@context\":\"https:\\\/\\\/schema.org\",\"@graph\":[{\"@type\":\"WebPage\",\"@id\":\"https:\\\/\\\/geotrans.gr\\\/de\\\/solutions-overview\\\/\",\"url\":\"https:\\\/\\\/geotrans.gr\\\/de\\\/solutions-overview\\\/\",\"name\":\"L\u00f6sungen - Geo Trans\",\"isPartOf\":{\"@id\":\"https:\\\/\\\/geotrans.gr\\\/#website\"},\"datePublished\":\"2017-01-29T06:59:51+00:00\",\"dateModified\":\"2021-11-25T08:48:34+00:00\",\"breadcrumb\":{\"@id\":\"https:\\\/\\\/geotrans.gr\\\/de\\\/solutions-overview\\\/#breadcrumb\"},\"inLanguage\":\"de\",\"potentialAction\":[{\"@type\":\"ReadAction\",\"target\":[\"https:\\\/\\\/geotrans.gr\\\/de\\\/solutions-overview\\\/\"]}]},{\"@type\":\"BreadcrumbList\",\"@id\":\"https:\\\/\\\/geotrans.gr\\\/de\\\/solutions-overview\\\/#breadcrumb\",\"itemListElement\":[{\"@type\":\"ListItem\",\"position\":1,\"name\":\"Home\",\"item\":\"https:\\\/\\\/geotrans.gr\\\/de\\\/\"},{\"@type\":\"ListItem\",\"position\":2,\"name\":\"L\u00f6sungen\"}]},{\"@type\":\"WebSite\",\"@id\":\"https:\\\/\\\/geotrans.gr\\\/#website\",\"url\":\"https:\\\/\\\/geotrans.gr\\\/\",\"name\":\"Geo Trans\",\"description\":\"\",\"publisher\":{\"@id\":\"https:\\\/\\\/geotrans.gr\\\/#organization\"},\"potentialAction\":[{\"@type\":\"SearchAction\",\"target\":{\"@type\":\"EntryPoint\",\"urlTemplate\":\"https:\\\/\\\/geotrans.gr\\\/?s={search_term_string}\"},\"query-input\":{\"@type\":\"PropertyValueSpecification\",\"valueRequired\":true,\"valueName\":\"search_term_string\"}}],\"inLanguage\":\"de\"},{\"@type\":\"Organization\",\"@id\":\"https:\\\/\\\/geotrans.gr\\\/#organization\",\"name\":\"Geo Trans\",\"url\":\"https:\\\/\\\/geotrans.gr\\\/\",\"logo\":{\"@type\":\"ImageObject\",\"inLanguage\":\"de\",\"@id\":\"https:\\\/\\\/geotrans.gr\\\/#\\\/schema\\\/logo\\\/image\\\/\",\"url\":\"https:\\\/\\\/geotrans.gr\\\/wp-content\\\/uploads\\\/2021\\\/04\\\/geotrans-logo.png\",\"contentUrl\":\"https:\\\/\\\/geotrans.gr\\\/wp-content\\\/uploads\\\/2021\\\/04\\\/geotrans-logo.png\",\"width\":2087,\"height\":447,\"caption\":\"Geo Trans\"},\"image\":{\"@id\":\"https:\\\/\\\/geotrans.gr\\\/#\\\/schema\\\/logo\\\/image\\\/\"}}]}<\/script>\n<!-- \/ Yoast SEO plugin. -->","yoast_head_json":{"title":"L\u00f6sungen - Geo Trans","robots":{"index":"index","follow":"follow","max-snippet":"max-snippet:-1","max-image-preview":"max-image-preview:large","max-video-preview":"max-video-preview:-1"},"canonical":"https:\/\/geotrans.gr\/de\/solutions-overview\/","og_locale":"de_DE","og_type":"article","og_title":"L\u00f6sungen - Geo Trans","og_description":"[vc_row css=&#8220;.vc_custom_1486368081561{padding-top: 70px !important;}&#8220;][vc_column][vc_column_text] Mehr als Transport! Es muss nicht kompliziert sein Wir nehmen es pers\u00f6nlich. Wir liefern Ihre Fracht p\u00fcnktlich, vollst\u00e4ndig und fehlerfrei. Wir konzentrieren uns darauf, Ihre Herausforderungen bei Kapazit\u00e4tsengp\u00e4ssen in Spitzenzeiten, der Risikominderung und der Optimierung Ihrer Lieferkette zu verstehen [\/vc_column_text][\/vc_column][\/vc_row][vc_row css=&#8220;.vc_custom_1489133836401{margin-bottom: 0px !important;padding-bottom: 70px !important;}&#8220;][vc_column][vc_mad_services items=&#8220;-1&#8243; text_count=&#8220;80&#8243; columns=&#8220;4&#8243;] Click edit button [&hellip;]","og_url":"https:\/\/geotrans.gr\/de\/solutions-overview\/","og_site_name":"Geo Trans","article_modified_time":"2021-11-25T08:48:34+00:00","twitter_card":"summary_large_image","twitter_misc":{"Gesch\u00e4tzte Lesezeit":"1\u00a0Minute"},"schema":{"@context":"https:\/\/schema.org","@graph":[{"@type":"WebPage","@id":"https:\/\/geotrans.gr\/de\/solutions-overview\/","url":"https:\/\/geotrans.gr\/de\/solutions-overview\/","name":"L\u00f6sungen - Geo Trans","isPartOf":{"@id":"https:\/\/geotrans.gr\/#website"},"datePublished":"2017-01-29T06:59:51+00:00","dateModified":"2021-11-25T08:48:34+00:00","breadcrumb":{"@id":"https:\/\/geotrans.gr\/de\/solutions-overview\/#breadcrumb"},"inLanguage":"de","potentialAction":[{"@type":"ReadAction","target":["https:\/\/geotrans.gr\/de\/solutions-overview\/"]}]},{"@type":"BreadcrumbList","@id":"https:\/\/geotrans.gr\/de\/solutions-overview\/#breadcrumb","itemListElement":[{"@type":"ListItem","position":1,"name":"Home","item":"https:\/\/geotrans.gr\/de\/"},{"@type":"ListItem","position":2,"name":"L\u00f6sungen"}]},{"@type":"WebSite","@id":"https:\/\/geotrans.gr\/#website","url":"https:\/\/geotrans.gr\/","name":"Geo Trans","description":"","publisher":{"@id":"https:\/\/geotrans.gr\/#organization"},"potentialAction":[{"@type":"SearchAction","target":{"@type":"EntryPoint","urlTemplate":"https:\/\/geotrans.gr\/?s={search_term_string}"},"query-input":{"@type":"PropertyValueSpecification","valueRequired":true,"valueName":"search_term_string"}}],"inLanguage":"de"},{"@type":"Organization","@id":"https:\/\/geotrans.gr\/#organization","name":"Geo Trans","url":"https:\/\/geotrans.gr\/","logo":{"@type":"ImageObject","inLanguage":"de","@id":"https:\/\/geotrans.gr\/#\/schema\/logo\/image\/","url":"https:\/\/geotrans.gr\/wp-content\/uploads\/2021\/04\/geotrans-logo.png","contentUrl":"https:\/\/geotrans.gr\/wp-content\/uploads\/2021\/04\/geotrans-logo.png","width":2087,"height":447,"caption":"Geo Trans"},"image":{"@id":"https:\/\/geotrans.gr\/#\/schema\/logo\/image\/"}}]}},"_links":{"self":[{"href":"https:\/\/geotrans.gr\/de\/wp-json\/wp\/v2\/pages\/2353","targetHints":{"allow":["GET"]}}],"collection":[{"href":"https:\/\/geotrans.gr\/de\/wp-json\/wp\/v2\/pages"}],"about":[{"href":"https:\/\/geotrans.gr\/de\/wp-json\/wp\/v2\/types\/page"}],"author":[{"embeddable":true,"href":"https:\/\/geotrans.gr\/de\/wp-json\/wp\/v2\/users\/1"}],"replies":[{"embeddable":true,"href":"https:\/\/geotrans.gr\/de\/wp-json\/wp\/v2\/comments?post=2353"}],"version-history":[{"count":3,"href":"https:\/\/geotrans.gr\/de\/wp-json\/wp\/v2\/pages\/2353\/revisions"}],"predecessor-version":[{"id":2356,"href":"https:\/\/geotrans.gr\/de\/wp-json\/wp\/v2\/pages\/2353\/revisions\/2356"}],"wp:attachment":[{"href":"https:\/\/geotrans.gr\/de\/wp-json\/wp\/v2\/media?parent=2353"}],"curies":[{"name":"wp","href":"https:\/\/api.w.org\/{rel}","templated":true}]}}