{"id":2150,"date":"2017-01-29T06:54:17","date_gmt":"2017-01-29T03:54:17","guid":{"rendered":"https:\/\/geotrans.gr\/home\/"},"modified":"2021-11-24T18:53:39","modified_gmt":"2021-11-24T15:53:39","slug":"home","status":"publish","type":"page","link":"https:\/\/geotrans.gr\/de\/","title":{"rendered":"Home"},"content":{"rendered":"<p>[vc_row el_id=&#8220;slider-home&#8220;][vc_column][rev_slider_vc alias=&#8220;slider-1-el-1&#8243;][\/vc_column][\/vc_row][vc_row css=&#8220;.vc_custom_1489063676994{padding-top: 30px !important;padding-bottom: 30px !important;}&#8220;][vc_column offset=&#8220;vc_col-lg-4 vc_col-md-12 vc_col-xs-12&#8243;][vc_column_text]<\/p>\n<h2 class=\"section-title\">\u00dcber uns<\/h2>\n<p class=\"text-size-medium\">Geotrans ist ein griechisches Unternehmen, das internationale Frachtdienste und integrierte L\u00f6sungen im Bereich der Versorgungskette anbietet.<\/p>\n<p><strong><a class=\"info-btn btn btn-small about-home-btn\" href=\"\/de\/company\">MEHR<\/a><\/strong>[\/vc_column_text][\/vc_column][vc_column offset=&#8220;vc_col-lg-8 vc_col-md-12 vc_col-xs-12&#8243;]\r\n\t\t\t<div  class=\"infoblock banners-wrap type-1  fx-cols-2\">\r\n\t\t\t\r\n\t\t\t\t\t\t\t\r\n\t\t\t\r\n\t\t\t\t\r\n\t\t\t\t\t\t<a class=\"banner-item\" title=\"MEHR\" target=\"_self\" href=\"\/de\/solutions-overview\/\">\r\n\t\t\t\t\t\t\r\n\t\t\t<div class=\"banner-inner\">\t\t\t\r\n\t\t\t\t\t\t\t\t\t<h5 class=\"banner-title\">L\u00f6sungen<\/h5>\r\n\t\t\t\t\t\r\n\t\t\t\t\r\n\t\t\t\t<p>Es muss nicht kompliziert sein Wir nehmen es pers\u00f6nlich. Wir liefern Ihre Fracht p\u00fcnktlich, vollst\u00e4ndig und fehlerfrei.<\/p>\n\t\r\n\r\n\t\t\t\t\t\t\t\t<div class=\"btn btn-small\">MEHR<\/div>\r\n\t\t\t\t\t\t\t\t\r\n\t\t\t\t\t\t\t\t\t\t\t\t\t\t\t\t\t<i class=\"licon-quote-open\"><\/i>\r\n\t\t\t\t\t\t\t\t\t\t\t\r\n\t\t\t\t\t\t\t\t<\/div>\t\r\n\t\t\t\r\n\t\t\t\t\t\t<\/a>\r\n\t\t\t\r\n\t\t\t\r\n\t\t\t\r\n\t\t\t\r\n\t\t\t\t\t\t<a class=\"banner-item\" title=\"MEHR\" target=\"_blank\" href=\"\/de\/industries\">\r\n\t\t\t\t\t\t\r\n\t\t\t<div class=\"banner-inner\">\t\t\t\r\n\t\t\t\t\t\t\t\t\t<h5 class=\"banner-title\">Branchen<\/h5>\r\n\t\t\t\t\t\r\n\t\t\t\t\r\n\t\t\t\t<p>Frachtl\u00f6sungen, die den Anforderungen spezieller Branchen gerecht werden.<\/p>\n\t\r\n\r\n\t\t\t\t\t\t\t\t<div class=\"btn btn-small\">MEHR<\/div>\r\n\t\t\t\t\t\t\t\t\r\n\t\t\t\t\t\t\t\t\t\t\t\t\t\t\t\t\t<i class=\"licon-cord\"><\/i>\r\n\t\t\t\t\t\t\t\t\t\t\t\r\n\t\t\t\t\t\t\t\t<\/div>\t\r\n\t\t\t\r\n\t\t\t\t\t\t<\/a>\r\n\t\t\t\r\n\t\t\t\r\n\t\t\t\r\n\t\t\t\r\n\t\t\t\t\t\t<a class=\"banner-item\" title=\"MEHR\" target=\"_self\" href=\"#contact_form-homepage\">\r\n\t\t\t\t\t\t\r\n\t\t\t<div class=\"banner-inner\">\t\t\t\r\n\t\t\t\t\t\t\t\t\t<h5 class=\"banner-title\">Direkt an die Spitze<\/h5>\r\n\t\t\t\t\t\r\n\t\t\t\t\r\n\t\t\t\t<p>Haben Sie Vorschl\u00e4ge? M\u00f6chten Sie uns Ihr Feedback geben?<\/p>\n\t\r\n\r\n\t\t\t\t\t\t\t\t<div class=\"btn btn-small\">MEHR<\/div>\r\n\t\t\t\t\t\t\t\t\r\n\t\t\t\t\t\t\t\t\t\t\t\t\t\t\t\t\t<i class=\"licon-book2\"><\/i>\r\n\t\t\t\t\t\t\t\t\t\t\t\r\n\t\t\t\t\t\t\t\t<\/div>\t\r\n\t\t\t\r\n\t\t\t\t\t\t<\/a>\r\n\t\t\t\r\n\t\t\t\r\n\t\t\t\r\n\t\t\t\r\n\t\t\t\t\t\t<a class=\"banner-item\" title=\"MEHR\" target=\"_self\" href=\"#contact_form-homepage\">\r\n\t\t\t\t\t\t\r\n\t\t\t<div class=\"banner-inner\">\t\t\t\r\n\t\t\t\t\t\t\t\t\t<h5 class=\"banner-title\">Ich M\u00f6chte Ein Angebot<\/h5>\r\n\t\t\t\t\t\r\n\t\t\t\t\r\n\t\t\t\t<p>Wir helfen Ihnen, eine L\u00f6sung zu finden, die Ihren Bed\u00fcrfnissen entspricht.<\/p>\n\t\r\n\r\n\t\t\t\t\t\t\t\t<div class=\"btn btn-small\">MEHR<\/div>\r\n\t\t\t\t\t\t\t\t\r\n\t\t\t\t\t\t\t\t\t\t\t\t\t\t\t\t\t<i class=\"licon-question-circle\"><\/i>\r\n\t\t\t\t\t\t\t\t\t\t\t\r\n\t\t\t\t\t\t\t\t<\/div>\t\r\n\t\t\t\r\n\t\t\t\t\t\t<\/a>\r\n\t\t\t\r\n\t\t\t\r\n\t\t\t\r\n\t\t\t\t\t\t\t\r\n\t\t\t\t\r\n\t\t\t<\/div><!--\/ .infoblock-->\r\n\r\n\t\t\t[\/vc_column][\/vc_row][vc_row full_width=&#8220;stretch_row&#8220; css=&#8220;.vc_custom_1489768173712{margin-top: 0px !important;margin-bottom: 0px !important;padding-top: 70px !important;padding-bottom: 70px !important;background-color: #f8f9fa !important;}&#8220;][vc_column][vc_mad_services items=&#8220;8&#8243; text_count=&#8220;67&#8243; columns=&#8220;4&#8243; orderby=&#8220;date&#8220; title_top=&#8220;UNSER ANGEBOT&#8220; title=&#8220;Unsere L\u00f6sungen&#8220;]Unsere erfahrenen und zielorientierten Fachkr\u00e4fte bieten intelligente und preiswerte L\u00f6sungen f\u00fcr kleine und mittlere Unternehmen (KMU) sowie f\u00fcr multinationale Konzerne (MNC). Dabei unterst\u00fctzen sie Sie auf dem Weg, sich einen Vorteil gegen\u00fcber ihren Mitbewerbern zu sichern und operative Exzellenz zu erzielen.[\/vc_mad_services][vc_column_text]<\/p>\n<div id=\"contact_form-homepage\"><\/div>\n<p>[\/vc_column_text][\/vc_column][\/vc_row][vc_row bg_type=&#8220;bg_color&#8220; css=&#8220;.vc_custom_1632923451560{margin-bottom: 0px !important;padding-top: 70px !important;padding-bottom: 50px !important;}&#8220;][vc_column offset=&#8220;vc_col-lg-6 vc_col-md-12 vc_col-xs-12&#8243;][vc_mad_custom_title title_top_color=&#8220;#aab3b6&#8243; title_color=&#8220;#2a2c32&#8243; title_top=&#8220;ICH M\u00d6CHTE EIN ANGEBOT&#8220; title=&#8220;Fordern Sie Ihr Angebot an&#8220;]\n<div class=\"wpcf7 no-js\" id=\"wpcf7-f2352-o1\" lang=\"de-DE\" dir=\"ltr\" data-wpcf7-id=\"2352\">\n<div class=\"screen-reader-response\"><p role=\"status\" aria-live=\"polite\" aria-atomic=\"true\"><\/p> <ul><\/ul><\/div>\n<form action=\"\/de\/wp-json\/wp\/v2\/pages\/2150#wpcf7-f2352-o1\" method=\"post\" class=\"wpcf7-form init\" aria-label=\"Kontaktformular\" enctype=\"multipart\/form-data\" novalidate=\"novalidate\" data-status=\"init\">\n<fieldset class=\"hidden-fields-container\"><input type=\"hidden\" name=\"_wpcf7\" value=\"2352\" \/><input type=\"hidden\" name=\"_wpcf7_version\" value=\"6.1.5\" \/><input type=\"hidden\" name=\"_wpcf7_locale\" value=\"de_DE\" \/><input type=\"hidden\" name=\"_wpcf7_unit_tag\" value=\"wpcf7-f2352-o1\" \/><input type=\"hidden\" name=\"_wpcf7_container_post\" value=\"0\" \/><input type=\"hidden\" name=\"_wpcf7_posted_data_hash\" value=\"\" \/><input type=\"hidden\" name=\"_wpcf7cf_hidden_group_fields\" value=\"\" \/><input type=\"hidden\" name=\"_wpcf7cf_hidden_groups\" value=\"\" \/><input type=\"hidden\" name=\"_wpcf7cf_visible_groups\" value=\"\" \/><input type=\"hidden\" name=\"_wpcf7cf_repeaters\" value=\"[]\" \/><input type=\"hidden\" name=\"_wpcf7cf_steps\" value=\"{}\" \/><input type=\"hidden\" name=\"_wpcf7cf_options\" value=\"{&quot;form_id&quot;:2352,&quot;conditions&quot;:[{&quot;then_field&quot;:&quot;group-1&quot;,&quot;and_rules&quot;:[{&quot;if_field&quot;:&quot;reason&quot;,&quot;operator&quot;:&quot;equals&quot;,&quot;if_value&quot;:&quot;Fordern Sie Ihr Angebot an&quot;}]},{&quot;then_field&quot;:&quot;group-2&quot;,&quot;and_rules&quot;:[{&quot;if_field&quot;:&quot;reason&quot;,&quot;operator&quot;:&quot;equals&quot;,&quot;if_value&quot;:&quot;Anfrage nach Zusammenarbeit&quot;}]},{&quot;then_field&quot;:&quot;group-3&quot;,&quot;and_rules&quot;:[{&quot;if_field&quot;:&quot;reason&quot;,&quot;operator&quot;:&quot;equals&quot;,&quot;if_value&quot;:&quot;Direkt an die Spitze&quot;}]},{&quot;then_field&quot;:&quot;group-4&quot;,&quot;and_rules&quot;:[{&quot;if_field&quot;:&quot;reason&quot;,&quot;operator&quot;:&quot;equals&quot;,&quot;if_value&quot;:&quot;Mitglied in unserem Team werden&quot;}]}],&quot;settings&quot;:{&quot;animation&quot;:&quot;yes&quot;,&quot;animation_intime&quot;:200,&quot;animation_outtime&quot;:200,&quot;conditions_ui&quot;:&quot;normal&quot;,&quot;notice_dismissed&quot;:false,&quot;notice_dismissed_rollback-cf7-5.4.2&quot;:true,&quot;notice_dismissed_rollback-cf7-5.5.6&quot;:true}}\" \/><input type=\"hidden\" name=\"_wpcf7_recaptcha_response\" value=\"\" \/>\n<\/fieldset>\n<div class=\"form-style1 fx-cols-2\">\n\t<div class=\"form-column\">\n\t\t<p><span class=\"wpcf7-form-control-wrap\" data-name=\"text-305\"><input size=\"40\" maxlength=\"400\" class=\"wpcf7-form-control wpcf7-text\" aria-invalid=\"false\" placeholder=\"First Name\" value=\"\" type=\"text\" name=\"text-305\" \/><\/span>\n\t\t<\/p>\n\t<\/div>\n\t<div class=\"form-column\">\n\t\t<p><span class=\"wpcf7-form-control-wrap\" data-name=\"text-301\"><input size=\"40\" maxlength=\"400\" class=\"wpcf7-form-control wpcf7-text\" aria-invalid=\"false\" placeholder=\"Last Name\" value=\"\" type=\"text\" name=\"text-301\" \/><\/span>\n\t\t<\/p>\n\t<\/div>\n\t<div class=\"form-column-full\">\n\t\t<p><span class=\"wpcf7-form-control-wrap\" data-name=\"email-453\"><input size=\"40\" maxlength=\"400\" class=\"wpcf7-form-control wpcf7-email wpcf7-validates-as-required wpcf7-text wpcf7-validates-as-email\" aria-required=\"true\" aria-invalid=\"false\" placeholder=\"Email\" value=\"\" type=\"email\" name=\"email-453\" \/><\/span>\n\t\t<\/p>\n\t<\/div>\n\t<div class=\"form-column-full\">\n\t\t<p><span class=\"wpcf7-form-control-wrap\" data-name=\"phone-453\"><input size=\"40\" maxlength=\"400\" class=\"wpcf7-form-control wpcf7-text wpcf7-validates-as-required\" aria-required=\"true\" aria-invalid=\"false\" placeholder=\"Phone\" value=\"\" type=\"text\" name=\"phone-453\" \/><\/span>\n\t\t<\/p>\n\t<\/div>\n\t<div class=\"form-column-full\">\n\t\t<p><span class=\"wpcf7-form-control-wrap\" data-name=\"reason\"><select class=\"wpcf7-form-control wpcf7-select\" aria-invalid=\"false\" name=\"reason\"><option value=\"Request a Free Quote\">Request a Free Quote<\/option><option value=\"Request Cooperation\">Request Cooperation<\/option><option value=\"Straight to the Top\">Straight to the Top<\/option><option value=\"Join our Team\">Join our Team<\/option><\/select><\/span>\n\t\t<\/p>\n\t<\/div>\n\t<div id=\"group-1\">\n\t\t<div data-id=\"group-1\" data-orig_data_id=\"group-1\"  data-class=\"wpcf7cf_group\">\n\t\t\t<p>Customers\n\t\t\t<\/p>\n\t\t<\/div>\n\t<\/div>\n\t<div id=\"group-2\">\n\t\t<div data-id=\"group-2\" data-orig_data_id=\"group-2\"  data-class=\"wpcf7cf_group\">\n\t\t\t<p>Vendors\n\t\t\t<\/p>\n\t\t<\/div>\n\t<\/div>\n\t<div id=\"group-3\">\n\t\t<div data-id=\"group-3\" data-orig_data_id=\"group-3\"  data-class=\"wpcf7cf_group\">\n\t\t\t<p><span class=\"wpcf7-form-control-wrap\" data-name=\"menu-52\"><select class=\"wpcf7-form-control wpcf7-select\" aria-invalid=\"false\" name=\"menu-52\"><option value=\"Feedback\">Feedback<\/option><option value=\"Suggestions\">Suggestions<\/option><\/select><\/span>\n\t\t\t<\/p>\n\t\t<\/div>\n\t<\/div>\n\t<div id=\"group-4\">\n\t\t<div data-id=\"group-4\" data-orig_data_id=\"group-4\"  data-class=\"wpcf7cf_group\">\n\t\t\t<p>Candidates\n\t\t\t<\/p>\n\t\t<\/div>\n\t<\/div>\n\t<div class=\"form-column-full\">\n\t\t<p><span class=\"wpcf7-form-control-wrap\" data-name=\"textarea-117\"><textarea cols=\"40\" rows=\"4\" maxlength=\"2000\" class=\"wpcf7-form-control wpcf7-textarea wpcf7-validates-as-required\" aria-required=\"true\" aria-invalid=\"false\" placeholder=\"Message\" name=\"textarea-117\"><\/textarea><\/span>\n\t\t<\/p>\n\t<\/div>\n\t<div class=\"form-column-full\" style=\"padding: 0 10px 10px;\">\n\t\t<p><span class=\"wpcf7-form-control-wrap\" data-name=\"your-file\"><input size=\"40\" class=\"wpcf7-form-control wpcf7-file\" accept=\".pdf\" aria-invalid=\"false\" type=\"file\" name=\"your-file\" \/><\/span>\n\t\t<\/p>\n\t<\/div>\n\t<div class=\"form-column-full acceptance-form\" style=\"padding: 0 10px;\">\n\t\t<p><span class=\"wpcf7-form-control-wrap\" data-name=\"acceptance-996\"><span class=\"wpcf7-form-control wpcf7-acceptance\"><span class=\"wpcf7-list-item\"><label><input type=\"checkbox\" name=\"acceptance-996\" value=\"1\" aria-invalid=\"false\" \/><span class=\"wpcf7-list-item-label\">I accept the <a href=\"\/terms-of-use\/\">Terms of Use<\/a><\/span><\/label><\/span><\/span><\/span>\n\t\t<\/p>\n\t<\/div>\n\t<div class=\"form-column-full\">\n\t\t<p><input class=\"wpcf7-form-control wpcf7-submit has-spinner\" type=\"submit\" value=\"Submit\" \/>\n\t\t<\/p>\n\t<\/div>\n<\/div><div class=\"wpcf7-response-output\" aria-hidden=\"true\"><\/div>\n<\/form>\n<\/div>\n[\/vc_column][\/vc_row][vc_row full_width=&#8220;stretch_row&#8220; css=&#8220;.vc_custom_1635253991266{margin-bottom: 0px !important;padding-top: 60px !important;padding-bottom: 60px !important;background-color: #2a2c32 !important;}&#8220; el_id=&#8220;contact-form-homepage&#8220;][vc_column][vc_mad_call_out title_color=&#8220;#ffffff&#8220; btn_txt_color=&#8220;#ffffff&#8220; phone_title=&#8220;Anruf&#8220; phone_color=&#8220;#f4f4f5&#8243; title=&#8220;Wir helfen Ihnen, eine L\u00f6sung zu finden, die Ihren Bed\u00fcrfnissen entspricht.&#8220; phone1=&#8220;+30 210 5540231&#8243; link1=&#8220;url:%2Fde%2Fcontact%2F%3Freason%3D%22Request%2Ba%2BFree%2BQuote%22|title:Kontakt&#8220;][\/vc_mad_call_out][\/vc_column][\/vc_row]<\/p>\n","protected":false},"excerpt":{"rendered":"<p>[vc_row el_id=&#8220;slider-home&#8220;][vc_column][rev_slider_vc alias=&#8220;slider-1-el-1&#8243;][\/vc_column][\/vc_row][vc_row css=&#8220;.vc_custom_1489063676994{padding-top: 30px !important;padding-bottom: 30px !important;}&#8220;][vc_column offset=&#8220;vc_col-lg-4 vc_col-md-12 vc_col-xs-12&#8243;][vc_column_text] \u00dcber uns Geotrans ist ein griechisches Unternehmen, das internationale Frachtdienste und integrierte L\u00f6sungen im Bereich der Versorgungskette anbietet. MEHR[\/vc_column_text][\/vc_column][vc_column offset=&#8220;vc_col-lg-8 vc_col-md-12 vc_col-xs-12&#8243;][\/vc_column][\/vc_row][vc_row full_width=&#8220;stretch_row&#8220; css=&#8220;.vc_custom_1489768173712{margin-top: 0px !important;margin-bottom: 0px !important;padding-top: 70px !important;padding-bottom: 70px !important;background-color: #f8f9fa !important;}&#8220;][vc_column][vc_mad_services items=&#8220;8&#8243; text_count=&#8220;67&#8243; columns=&#8220;4&#8243; orderby=&#8220;date&#8220; title_top=&#8220;UNSER ANGEBOT&#8220; title=&#8220;Unsere L\u00f6sungen&#8220;]Unsere erfahrenen und [&hellip;]<\/p>\n","protected":false},"author":1,"featured_media":0,"parent":0,"menu_order":0,"comment_status":"closed","ping_status":"closed","template":"page_home.php","meta":{"footnotes":""},"class_list":["post-2150","page","type-page","status-publish","hentry"],"yoast_head":"<!-- This site is optimized with the Yoast SEO plugin v27.5 - https:\/\/yoast.com\/product\/yoast-seo-wordpress\/ -->\n<title>Home - Geo Trans<\/title>\n<meta name=\"robots\" content=\"index, follow, max-snippet:-1, max-image-preview:large, max-video-preview:-1\" \/>\n<link rel=\"canonical\" href=\"https:\/\/geotrans.gr\/de\/\" \/>\n<meta property=\"og:locale\" content=\"de_DE\" \/>\n<meta property=\"og:type\" content=\"article\" \/>\n<meta property=\"og:title\" content=\"Home - Geo Trans\" \/>\n<meta property=\"og:description\" content=\"[vc_row el_id=&#8220;slider-home&#8220;][vc_column][rev_slider_vc alias=&#8220;slider-1-el-1&#8243;][\/vc_column][\/vc_row][vc_row css=&#8220;.vc_custom_1489063676994{padding-top: 30px !important;padding-bottom: 30px !important;}&#8220;][vc_column offset=&#8220;vc_col-lg-4 vc_col-md-12 vc_col-xs-12&#8243;][vc_column_text] \u00dcber uns Geotrans ist ein griechisches Unternehmen, das internationale Frachtdienste und integrierte L\u00f6sungen im Bereich der Versorgungskette anbietet. MEHR[\/vc_column_text][\/vc_column][vc_column offset=&#8220;vc_col-lg-8 vc_col-md-12 vc_col-xs-12&#8243;][\/vc_column][\/vc_row][vc_row full_width=&#8220;stretch_row&#8220; css=&#8220;.vc_custom_1489768173712{margin-top: 0px !important;margin-bottom: 0px !important;padding-top: 70px !important;padding-bottom: 70px !important;background-color: #f8f9fa !important;}&#8220;][vc_column][vc_mad_services items=&#8220;8&#8243; text_count=&#8220;67&#8243; columns=&#8220;4&#8243; orderby=&#8220;date&#8220; title_top=&#8220;UNSER ANGEBOT&#8220; title=&#8220;Unsere L\u00f6sungen&#8220;]Unsere erfahrenen und [&hellip;]\" \/>\n<meta property=\"og:url\" content=\"https:\/\/geotrans.gr\/de\/\" \/>\n<meta property=\"og:site_name\" content=\"Geo Trans\" \/>\n<meta property=\"article:modified_time\" content=\"2021-11-24T15:53:39+00:00\" \/>\n<meta name=\"twitter:card\" content=\"summary_large_image\" \/>\n<meta name=\"twitter:label1\" content=\"Gesch\u00e4tzte Lesezeit\" \/>\n\t<meta name=\"twitter:data1\" content=\"2\u00a0Minuten\" \/>\n<script type=\"application\/ld+json\" class=\"yoast-schema-graph\">{\"@context\":\"https:\\\/\\\/schema.org\",\"@graph\":[{\"@type\":\"WebPage\",\"@id\":\"https:\\\/\\\/geotrans.gr\\\/de\\\/\",\"url\":\"https:\\\/\\\/geotrans.gr\\\/de\\\/\",\"name\":\"Home - Geo Trans\",\"isPartOf\":{\"@id\":\"https:\\\/\\\/geotrans.gr\\\/#website\"},\"datePublished\":\"2017-01-29T03:54:17+00:00\",\"dateModified\":\"2021-11-24T15:53:39+00:00\",\"breadcrumb\":{\"@id\":\"https:\\\/\\\/geotrans.gr\\\/de\\\/#breadcrumb\"},\"inLanguage\":\"de\",\"potentialAction\":[{\"@type\":\"ReadAction\",\"target\":[\"https:\\\/\\\/geotrans.gr\\\/de\\\/\"]}]},{\"@type\":\"BreadcrumbList\",\"@id\":\"https:\\\/\\\/geotrans.gr\\\/de\\\/#breadcrumb\",\"itemListElement\":[{\"@type\":\"ListItem\",\"position\":1,\"name\":\"Home\",\"item\":\"https:\\\/\\\/geotrans.gr\\\/de\\\/\"},{\"@type\":\"ListItem\",\"position\":2,\"name\":\"Home\"}]},{\"@type\":\"WebSite\",\"@id\":\"https:\\\/\\\/geotrans.gr\\\/#website\",\"url\":\"https:\\\/\\\/geotrans.gr\\\/\",\"name\":\"Geo Trans\",\"description\":\"\",\"publisher\":{\"@id\":\"https:\\\/\\\/geotrans.gr\\\/#organization\"},\"potentialAction\":[{\"@type\":\"SearchAction\",\"target\":{\"@type\":\"EntryPoint\",\"urlTemplate\":\"https:\\\/\\\/geotrans.gr\\\/?s={search_term_string}\"},\"query-input\":{\"@type\":\"PropertyValueSpecification\",\"valueRequired\":true,\"valueName\":\"search_term_string\"}}],\"inLanguage\":\"de\"},{\"@type\":\"Organization\",\"@id\":\"https:\\\/\\\/geotrans.gr\\\/#organization\",\"name\":\"Geo Trans\",\"url\":\"https:\\\/\\\/geotrans.gr\\\/\",\"logo\":{\"@type\":\"ImageObject\",\"inLanguage\":\"de\",\"@id\":\"https:\\\/\\\/geotrans.gr\\\/#\\\/schema\\\/logo\\\/image\\\/\",\"url\":\"https:\\\/\\\/geotrans.gr\\\/wp-content\\\/uploads\\\/2021\\\/04\\\/geotrans-logo.png\",\"contentUrl\":\"https:\\\/\\\/geotrans.gr\\\/wp-content\\\/uploads\\\/2021\\\/04\\\/geotrans-logo.png\",\"width\":2087,\"height\":447,\"caption\":\"Geo Trans\"},\"image\":{\"@id\":\"https:\\\/\\\/geotrans.gr\\\/#\\\/schema\\\/logo\\\/image\\\/\"}}]}<\/script>\n<!-- \/ Yoast SEO plugin. -->","yoast_head_json":{"title":"Home - Geo Trans","robots":{"index":"index","follow":"follow","max-snippet":"max-snippet:-1","max-image-preview":"max-image-preview:large","max-video-preview":"max-video-preview:-1"},"canonical":"https:\/\/geotrans.gr\/de\/","og_locale":"de_DE","og_type":"article","og_title":"Home - Geo Trans","og_description":"[vc_row el_id=&#8220;slider-home&#8220;][vc_column][rev_slider_vc alias=&#8220;slider-1-el-1&#8243;][\/vc_column][\/vc_row][vc_row css=&#8220;.vc_custom_1489063676994{padding-top: 30px !important;padding-bottom: 30px !important;}&#8220;][vc_column offset=&#8220;vc_col-lg-4 vc_col-md-12 vc_col-xs-12&#8243;][vc_column_text] \u00dcber uns Geotrans ist ein griechisches Unternehmen, das internationale Frachtdienste und integrierte L\u00f6sungen im Bereich der Versorgungskette anbietet. MEHR[\/vc_column_text][\/vc_column][vc_column offset=&#8220;vc_col-lg-8 vc_col-md-12 vc_col-xs-12&#8243;][\/vc_column][\/vc_row][vc_row full_width=&#8220;stretch_row&#8220; css=&#8220;.vc_custom_1489768173712{margin-top: 0px !important;margin-bottom: 0px !important;padding-top: 70px !important;padding-bottom: 70px !important;background-color: #f8f9fa !important;}&#8220;][vc_column][vc_mad_services items=&#8220;8&#8243; text_count=&#8220;67&#8243; columns=&#8220;4&#8243; orderby=&#8220;date&#8220; title_top=&#8220;UNSER ANGEBOT&#8220; title=&#8220;Unsere L\u00f6sungen&#8220;]Unsere erfahrenen und [&hellip;]","og_url":"https:\/\/geotrans.gr\/de\/","og_site_name":"Geo Trans","article_modified_time":"2021-11-24T15:53:39+00:00","twitter_card":"summary_large_image","twitter_misc":{"Gesch\u00e4tzte Lesezeit":"2\u00a0Minuten"},"schema":{"@context":"https:\/\/schema.org","@graph":[{"@type":"WebPage","@id":"https:\/\/geotrans.gr\/de\/","url":"https:\/\/geotrans.gr\/de\/","name":"Home - Geo Trans","isPartOf":{"@id":"https:\/\/geotrans.gr\/#website"},"datePublished":"2017-01-29T03:54:17+00:00","dateModified":"2021-11-24T15:53:39+00:00","breadcrumb":{"@id":"https:\/\/geotrans.gr\/de\/#breadcrumb"},"inLanguage":"de","potentialAction":[{"@type":"ReadAction","target":["https:\/\/geotrans.gr\/de\/"]}]},{"@type":"BreadcrumbList","@id":"https:\/\/geotrans.gr\/de\/#breadcrumb","itemListElement":[{"@type":"ListItem","position":1,"name":"Home","item":"https:\/\/geotrans.gr\/de\/"},{"@type":"ListItem","position":2,"name":"Home"}]},{"@type":"WebSite","@id":"https:\/\/geotrans.gr\/#website","url":"https:\/\/geotrans.gr\/","name":"Geo Trans","description":"","publisher":{"@id":"https:\/\/geotrans.gr\/#organization"},"potentialAction":[{"@type":"SearchAction","target":{"@type":"EntryPoint","urlTemplate":"https:\/\/geotrans.gr\/?s={search_term_string}"},"query-input":{"@type":"PropertyValueSpecification","valueRequired":true,"valueName":"search_term_string"}}],"inLanguage":"de"},{"@type":"Organization","@id":"https:\/\/geotrans.gr\/#organization","name":"Geo Trans","url":"https:\/\/geotrans.gr\/","logo":{"@type":"ImageObject","inLanguage":"de","@id":"https:\/\/geotrans.gr\/#\/schema\/logo\/image\/","url":"https:\/\/geotrans.gr\/wp-content\/uploads\/2021\/04\/geotrans-logo.png","contentUrl":"https:\/\/geotrans.gr\/wp-content\/uploads\/2021\/04\/geotrans-logo.png","width":2087,"height":447,"caption":"Geo Trans"},"image":{"@id":"https:\/\/geotrans.gr\/#\/schema\/logo\/image\/"}}]}},"_links":{"self":[{"href":"https:\/\/geotrans.gr\/de\/wp-json\/wp\/v2\/pages\/2150","targetHints":{"allow":["GET"]}}],"collection":[{"href":"https:\/\/geotrans.gr\/de\/wp-json\/wp\/v2\/pages"}],"about":[{"href":"https:\/\/geotrans.gr\/de\/wp-json\/wp\/v2\/types\/page"}],"author":[{"embeddable":true,"href":"https:\/\/geotrans.gr\/de\/wp-json\/wp\/v2\/users\/1"}],"replies":[{"embeddable":true,"href":"https:\/\/geotrans.gr\/de\/wp-json\/wp\/v2\/comments?post=2150"}],"version-history":[{"count":4,"href":"https:\/\/geotrans.gr\/de\/wp-json\/wp\/v2\/pages\/2150\/revisions"}],"predecessor-version":[{"id":2344,"href":"https:\/\/geotrans.gr\/de\/wp-json\/wp\/v2\/pages\/2150\/revisions\/2344"}],"wp:attachment":[{"href":"https:\/\/geotrans.gr\/de\/wp-json\/wp\/v2\/media?parent=2150"}],"curies":[{"name":"wp","href":"https:\/\/api.w.org\/{rel}","templated":true}]}}